{"id":149252,"date":"2022-12-20T19:24:56","date_gmt":"2025-05-18T09:02:41","guid":{"rendered":"https:\/\/kingarms.ee\/product\/ballistiska-kivere-nij-3-a-limenis\/"},"modified":"2025-05-18T12:02:41","modified_gmt":"2025-05-18T09:02:41","slug":"ballistiska-kivere-nij-3-a-limenis","status":"publish","type":"product","link":"https:\/\/kingarms.ee\/lv\/product\/ballistiska-kivere-nij-3-a-limenis\/","title":{"rendered":"Ballistisk\u0101 \u0137ivere-NIJ 3. A l\u012bmenis"},"content":{"rendered":"<p><img loading=\"lazy\" decoding=\"async\" class=\"alignnone size-full wp-image-69719\" src=\"https:\/\/kingarms.ee\/wp-content\/uploads\/2022\/12\/6f82d5512f21c8d2563792c8374d53ad_600x-1.png\" alt=\"\" width=\"600\" height=\"600\" srcset=\"https:\/\/kingarms.ee\/wp-content\/uploads\/2022\/12\/6f82d5512f21c8d2563792c8374d53ad_600x-1.png 600w, https:\/\/kingarms.ee\/wp-content\/uploads\/2022\/12\/6f82d5512f21c8d2563792c8374d53ad_600x-1-300x300.png 300w, https:\/\/kingarms.ee\/wp-content\/uploads\/2022\/12\/6f82d5512f21c8d2563792c8374d53ad_600x-1-150x150.png 150w, https:\/\/kingarms.ee\/wp-content\/uploads\/2022\/12\/6f82d5512f21c8d2563792c8374d53ad_600x-1-500x500.png 500w\" sizes=\"auto, (max-width: 600px) 100vw, 600px\" \/><\/p>\n","protected":false},"excerpt":{"rendered":"<p><strong>Ballistisk\u0101 \u0137ivere-NIJ 3. A l\u012bmenis<\/strong><\/p>\n<p>NVG apvalks<br \/>\nS\u0101nu sliedes<br \/>\nVelcro pl\u0101ksteri<br \/>\n7-spilvenu komforta l\u012bnijp\u0101rvad\u0101t\u0101js<br \/>\nSvars 1.55 kg<br \/>\nNIJ IIIA l\u012bmenis 0106.01<br \/>\n9 mm 124 gr FMJ<br \/>\n44 MAG 240 gr LSWC<br \/>\nV\u0101jin\u0101\u0161an\u0101s, 9mm, 44 MAG-PASS<br \/>\n9mm 124 gr FMJ BFS &lt; 16mm<br \/>\nKillustumine V50 vastavalt n\u00f5uetele<br \/>\n&#8211;<br \/>\n17 gr FSP = 720 meetrit\/ps<br \/>\n16 gr RCC = 732 meetrit\/ps<br \/>\n4 gr RCC = 950 meetrit\/ps<br \/>\n2 gr RCC = 1267 meetrit\/ps<br \/>\n64 gr RCC = 553 meetrit\/ps<br \/>\nEN966 sertifikaat (AIRBORNE READY)<br \/>\nL\u00f6\u00f6gi neeldumine testitud vastavalt EN397<br \/>\nAR\/PD10-02 REV. A2012\/ CO\/PD-05-04: 2207 @ 3 meetrit\/ps<br \/>\nSuurus M\/L<\/p>\n","protected":false},"featured_media":126076,"template":"","meta":{"_acf_changed":false},"product_brand":[],"product_cat":[1097,1077],"product_tag":[],"class_list":{"0":"post-149252","1":"product","2":"type-product","3":"status-publish","4":"has-post-thumbnail","6":"product_cat-ballistiska-aprikojums","7":"product_cat-ballistisks","9":"first","10":"onbackorder","11":"taxable","12":"shipping-taxable","13":"product-type-simple"},"acf":[],"_links":{"self":[{"href":"https:\/\/kingarms.ee\/lv\/wp-json\/wp\/v2\/product\/149252","targetHints":{"allow":["GET"]}}],"collection":[{"href":"https:\/\/kingarms.ee\/lv\/wp-json\/wp\/v2\/product"}],"about":[{"href":"https:\/\/kingarms.ee\/lv\/wp-json\/wp\/v2\/types\/product"}],"wp:featuredmedia":[{"embeddable":true,"href":"https:\/\/kingarms.ee\/lv\/wp-json\/wp\/v2\/media\/126076"}],"wp:attachment":[{"href":"https:\/\/kingarms.ee\/lv\/wp-json\/wp\/v2\/media?parent=149252"}],"wp:term":[{"taxonomy":"product_brand","embeddable":true,"href":"https:\/\/kingarms.ee\/lv\/wp-json\/wp\/v2\/product_brand?post=149252"},{"taxonomy":"product_cat","embeddable":true,"href":"https:\/\/kingarms.ee\/lv\/wp-json\/wp\/v2\/product_cat?post=149252"},{"taxonomy":"product_tag","embeddable":true,"href":"https:\/\/kingarms.ee\/lv\/wp-json\/wp\/v2\/product_tag?post=149252"}],"curies":[{"name":"wp","href":"https:\/\/api.w.org\/{rel}","templated":true}]}}