{"id":149255,"date":"2023-03-21T19:47:11","date_gmt":"2025-05-18T09:19:33","guid":{"rendered":"https:\/\/kingarms.ee\/product\/virpula-niknums-5000-hd-10x42-lr\/"},"modified":"2025-05-18T12:19:33","modified_gmt":"2025-05-18T09:19:33","slug":"virpula-niknums-5000-hd-10x42-lr","status":"publish","type":"product","link":"https:\/\/kingarms.ee\/lv\/product\/virpula-niknums-5000-hd-10x42-lr\/","title":{"rendered":"Virpu\u013ca niknums 5000 HD 10&#215;42 LR"},"content":{"rendered":"<p><img loading=\"lazy\" decoding=\"async\" class=\"alignnone size-full wp-image-76264\" src=\"https:\/\/kingarms.ee\/wp-content\/uploads\/2023\/03\/vortex-fury-5000-hd-10x42-lr-rangefinder-binoculars-a6fbdf32c84547ccadf5f26d3c8cbeb3-3b99c731.jpg\" alt=\"\" width=\"900\" height=\"900\" srcset=\"https:\/\/kingarms.ee\/wp-content\/uploads\/2023\/03\/vortex-fury-5000-hd-10x42-lr-rangefinder-binoculars-a6fbdf32c84547ccadf5f26d3c8cbeb3-3b99c731.jpg 900w, https:\/\/kingarms.ee\/wp-content\/uploads\/2023\/03\/vortex-fury-5000-hd-10x42-lr-rangefinder-binoculars-a6fbdf32c84547ccadf5f26d3c8cbeb3-3b99c731-300x300.jpg 300w, https:\/\/kingarms.ee\/wp-content\/uploads\/2023\/03\/vortex-fury-5000-hd-10x42-lr-rangefinder-binoculars-a6fbdf32c84547ccadf5f26d3c8cbeb3-3b99c731-150x150.jpg 150w, https:\/\/kingarms.ee\/wp-content\/uploads\/2023\/03\/vortex-fury-5000-hd-10x42-lr-rangefinder-binoculars-a6fbdf32c84547ccadf5f26d3c8cbeb3-3b99c731-768x768.jpg 768w, https:\/\/kingarms.ee\/wp-content\/uploads\/2023\/03\/vortex-fury-5000-hd-10x42-lr-rangefinder-binoculars-a6fbdf32c84547ccadf5f26d3c8cbeb3-3b99c731-500x500.jpg 500w\" sizes=\"auto, (max-width: 900px) 100vw, 900px\" \/><\/p>\n","protected":false},"excerpt":{"rendered":"<p>Virpu\u013ca niknums 5000 HD 10&#215;42 LR<\/p>\n<p>Vortex Fury 5000 HD 10&#215;42 LR ir uzlabota lielisk\u0101 t\u0101lm\u0113ra binok\u013ca versija, kas \u013cauj izsekot un izm\u0113r\u012bt att\u0101lumus l\u012bdz 5000 metriem!<\/p>\n<p>\u0160\u012b divk\u0101r\u0161\u0101 funkcija uz visiem laikiem atbr\u012bvos j\u016bs no nepiecie\u0161am\u012bbas atsevi\u0161\u0137i n\u0113s\u0101t binok\u013cus un att\u0101luma mekl\u0113t\u0101jus, jo viss ir vien\u0101 unik\u0101l\u0101 ier\u012bc\u0113. Fury ir visas dienas binok\u013cu priek\u0161roc\u012bbas, ieskaitot augstu optisko iz\u0161\u0137irtsp\u0113ju. Ergonomiski novietotas pogas \u013cauj viegli kontrol\u0113t att\u0101luma mekl\u0113t\u0101ju ar vienu roku.<\/p>\n<p>TEHNISKIE DATI:<\/p>\n<p>Dioptrijas korekcija [hag]. 5<br \/>\nUzpildes G\u0101zes Argons<br \/>\nLine\u0101rais redzes lauks 1000 m [m]. 98<br \/>\nT\u0101lummai\u0146a [\u00d7]. 10<br \/>\nMin. fokus\u0113\u0161anas att\u0101lums [m] 6,1<br \/>\nIzejas pop [mm]. 4,2<br \/>\nPrism vieno\u0161an\u0101s jumts<br \/>\nKr\u0113slas efektivit\u0101te 20.4<br \/>\nLieti\u0161\u0137\u0101s (objekt\u012bv\u0101s) med\u012bbas, taktisk\u0101s<br \/>\nStat\u012bva uzst\u0101d\u012b\u0161anas iesp\u0113ja J\u0101<br \/>\nKop\u0113jais augstums [mm] 146<br \/>\nSvars [g] 902<br \/>\nPlatums [mm] 150<br \/>\nBinokul\u0101r\u0101 komplekta komponentu apkakle,<br \/>\nOptikas t\u012br\u012b\u0161anas audums, izplat\u012bt\u0101ja garantija, ra\u017eot\u0101ja garantija,<br \/>\ngad\u012bjums,<br \/>\nizplat\u012bt\u0101ja rokasgr\u0101mata,<br \/>\nra\u017eot\u0101ja rokasgr\u0101mata,<br \/>\nstikla v\u0101ki<br \/>\nGarantijas laiks VIP m\u016b\u017ea garantija * no Vortex Optics<br \/>\nRa\u017eot\u0101js Vortex Optics, ASV<\/p>\n","protected":false},"featured_media":127836,"template":"","meta":{"_acf_changed":false},"product_brand":[],"product_cat":[1043,1039],"product_tag":[],"class_list":{"0":"post-149255","1":"product","2":"type-product","3":"status-publish","4":"has-post-thumbnail","6":"product_cat-biloklalis","7":"product_cat-kaugusmootja-lv","9":"first","10":"instock","11":"taxable","12":"shipping-taxable","13":"purchasable","14":"product-type-simple"},"acf":[],"_links":{"self":[{"href":"https:\/\/kingarms.ee\/lv\/wp-json\/wp\/v2\/product\/149255","targetHints":{"allow":["GET"]}}],"collection":[{"href":"https:\/\/kingarms.ee\/lv\/wp-json\/wp\/v2\/product"}],"about":[{"href":"https:\/\/kingarms.ee\/lv\/wp-json\/wp\/v2\/types\/product"}],"wp:featuredmedia":[{"embeddable":true,"href":"https:\/\/kingarms.ee\/lv\/wp-json\/wp\/v2\/media\/127836"}],"wp:attachment":[{"href":"https:\/\/kingarms.ee\/lv\/wp-json\/wp\/v2\/media?parent=149255"}],"wp:term":[{"taxonomy":"product_brand","embeddable":true,"href":"https:\/\/kingarms.ee\/lv\/wp-json\/wp\/v2\/product_brand?post=149255"},{"taxonomy":"product_cat","embeddable":true,"href":"https:\/\/kingarms.ee\/lv\/wp-json\/wp\/v2\/product_cat?post=149255"},{"taxonomy":"product_tag","embeddable":true,"href":"https:\/\/kingarms.ee\/lv\/wp-json\/wp\/v2\/product_tag?post=149255"}],"curies":[{"name":"wp","href":"https:\/\/api.w.org\/{rel}","templated":true}]}}