{"id":149257,"date":"2023-03-16T19:52:50","date_gmt":"2023-03-16T16:52:50","guid":{"rendered":"https:\/\/kingarms.ee\/product\/gaisa-pistole-diana-chaser-co2-4-5-mm\/"},"modified":"2025-05-18T14:11:05","modified_gmt":"2025-05-18T11:11:05","slug":"gaisa-pistole-diana-chaser-co2-4-5-mm","status":"publish","type":"product","link":"https:\/\/kingarms.ee\/lv\/product\/gaisa-pistole-diana-chaser-co2-4-5-mm\/","title":{"rendered":"Gaisa pistole Diana Chaser CO2 4.5 mm"},"content":{"rendered":"<p><img loading=\"lazy\" decoding=\"async\" class=\"alignnone size-full wp-image-76160\" src=\"https:\/\/kingarms.ee\/wp-content\/uploads\/2023\/03\/pistolet-wiatrowka-diana-chaser-co2-4-5-mm-zestaw-3e565ed0f0d34f98818f606a0080c116-a20c14db.jpg\" alt=\"\" width=\"900\" height=\"900\" srcset=\"https:\/\/kingarms.ee\/wp-content\/uploads\/2023\/03\/pistolet-wiatrowka-diana-chaser-co2-4-5-mm-zestaw-3e565ed0f0d34f98818f606a0080c116-a20c14db.jpg 900w, https:\/\/kingarms.ee\/wp-content\/uploads\/2023\/03\/pistolet-wiatrowka-diana-chaser-co2-4-5-mm-zestaw-3e565ed0f0d34f98818f606a0080c116-a20c14db-300x300.jpg 300w, https:\/\/kingarms.ee\/wp-content\/uploads\/2023\/03\/pistolet-wiatrowka-diana-chaser-co2-4-5-mm-zestaw-3e565ed0f0d34f98818f606a0080c116-a20c14db-150x150.jpg 150w, https:\/\/kingarms.ee\/wp-content\/uploads\/2023\/03\/pistolet-wiatrowka-diana-chaser-co2-4-5-mm-zestaw-3e565ed0f0d34f98818f606a0080c116-a20c14db-768x768.jpg 768w, https:\/\/kingarms.ee\/wp-content\/uploads\/2023\/03\/pistolet-wiatrowka-diana-chaser-co2-4-5-mm-zestaw-3e565ed0f0d34f98818f606a0080c116-a20c14db-500x500.jpg 500w\" sizes=\"auto, (max-width: 900px) 100vw, 900px\" \/><\/p>\n","protected":false},"excerpt":{"rendered":"<p>Tr\u012bs vien\u0101 gaisa ierocis Diana Chaser ir daudzpus\u012bgs daudzfunkcion\u0101ls gaisa ierocis.<\/p>\n<p>\u0160o pistoli var p\u0101rv\u0113rst par \u0161auteni, pateicoties pieg\u0101d\u0101tajam kr\u0101jumam un pagarin\u0101tajai caurulei.<br \/>\nTurkl\u0101t Dianca Chaser ir audio klusin\u0101t\u0101js\/klusin\u0101t\u0101js klusiem kadriem.<\/p>\n<p>TEHNISKIE DATI:<\/p>\n<p>Kalibrs [mm] 4,5 mm<br \/>\nIzklaid\u0113jo\u0161a precizit\u0101tes klase<br \/>\nVirzu\u013ca \/ pleca apdares polim\u0113rs<br \/>\nMont\u0101\u017eas sliedes skaits 1<br \/>\nVai man ir nepiecie\u0161ama at\u013cauja? nav<br \/>\nAutobusu Tips 11 mm (Balo\u017eu aste)<br \/>\nStroke diabolo Tips<br \/>\nKadru skaits no baro\u0161anas bloka 40<br \/>\nBaro\u0161anas avota tips CO2<br \/>\nRa\u017eot\u0101js Diana, V\u0101cija<\/p>\n","protected":false},"featured_media":127800,"template":"","meta":{"_acf_changed":false},"product_brand":[],"product_cat":[1007],"product_tag":[],"class_list":{"0":"post-149257","1":"product","2":"type-product","3":"status-publish","4":"has-post-thumbnail","6":"product_cat-snaipera-pistoles-lv","8":"first","9":"instock","10":"taxable","11":"shipping-taxable","12":"purchasable","13":"product-type-simple"},"acf":[],"_links":{"self":[{"href":"https:\/\/kingarms.ee\/lv\/wp-json\/wp\/v2\/product\/149257","targetHints":{"allow":["GET"]}}],"collection":[{"href":"https:\/\/kingarms.ee\/lv\/wp-json\/wp\/v2\/product"}],"about":[{"href":"https:\/\/kingarms.ee\/lv\/wp-json\/wp\/v2\/types\/product"}],"wp:featuredmedia":[{"embeddable":true,"href":"https:\/\/kingarms.ee\/lv\/wp-json\/wp\/v2\/media\/127800"}],"wp:attachment":[{"href":"https:\/\/kingarms.ee\/lv\/wp-json\/wp\/v2\/media?parent=149257"}],"wp:term":[{"taxonomy":"product_brand","embeddable":true,"href":"https:\/\/kingarms.ee\/lv\/wp-json\/wp\/v2\/product_brand?post=149257"},{"taxonomy":"product_cat","embeddable":true,"href":"https:\/\/kingarms.ee\/lv\/wp-json\/wp\/v2\/product_cat?post=149257"},{"taxonomy":"product_tag","embeddable":true,"href":"https:\/\/kingarms.ee\/lv\/wp-json\/wp\/v2\/product_tag?post=149257"}],"curies":[{"name":"wp","href":"https:\/\/api.w.org\/{rel}","templated":true}]}}