{"id":149263,"date":"2023-03-16T19:21:24","date_gmt":"2025-05-18T11:26:20","guid":{"rendered":"https:\/\/kingarms.ee\/product\/holosite-razor-uh-1-gen-ii-virpulis\/"},"modified":"2025-05-18T14:26:20","modified_gmt":"2025-05-18T11:26:20","slug":"holosite-razor-uh-1-gen-ii-virpulis","status":"publish","type":"product","link":"https:\/\/kingarms.ee\/lv\/product\/holosite-razor-uh-1-gen-ii-virpulis\/","title":{"rendered":"Holosite Razor UH-1 Gen II (virpulis)"},"content":{"rendered":"<p><img loading=\"lazy\" decoding=\"async\" class=\"alignnone size-full wp-image-76082\" src=\"https:\/\/kingarms.ee\/wp-content\/uploads\/2023\/03\/vortex-razor-uh-1-gen-ii-holographic-collimator-ecb46dc34e864bb18aef2bf3d919160f-368eeda3.jpg\" alt=\"\" width=\"900\" height=\"900\" srcset=\"https:\/\/kingarms.ee\/wp-content\/uploads\/2023\/03\/vortex-razor-uh-1-gen-ii-holographic-collimator-ecb46dc34e864bb18aef2bf3d919160f-368eeda3.jpg 900w, https:\/\/kingarms.ee\/wp-content\/uploads\/2023\/03\/vortex-razor-uh-1-gen-ii-holographic-collimator-ecb46dc34e864bb18aef2bf3d919160f-368eeda3-300x300.jpg 300w, https:\/\/kingarms.ee\/wp-content\/uploads\/2023\/03\/vortex-razor-uh-1-gen-ii-holographic-collimator-ecb46dc34e864bb18aef2bf3d919160f-368eeda3-150x150.jpg 150w, https:\/\/kingarms.ee\/wp-content\/uploads\/2023\/03\/vortex-razor-uh-1-gen-ii-holographic-collimator-ecb46dc34e864bb18aef2bf3d919160f-368eeda3-768x768.jpg 768w, https:\/\/kingarms.ee\/wp-content\/uploads\/2023\/03\/vortex-razor-uh-1-gen-ii-holographic-collimator-ecb46dc34e864bb18aef2bf3d919160f-368eeda3-500x500.jpg 500w\" sizes=\"auto, (max-width: 900px) 100vw, 900px\" \/><\/p>\n","protected":false},"excerpt":{"rendered":"<p>Holosite Razor UH-1 Gen II (virpulis)<\/p>\n<p>Holosihik Razor UH-1 Gen II (vortex) ir uzlabota bezkompromisa hologr\u0101fisk\u0101 skata versija, kas ietver Vortex fhq tehnolo\u0123iju, kas piln\u012bb\u0101 nov\u0113r\u0161 izklied\u0113t\u0101s gaismas emisiju, palielin\u0101tu skatu mekl\u0113t\u0101ju, kas atvieglo m\u0113r\u0137a ievieto\u0161anu, un 4 spilgtuma iestat\u012bjumus, kas paredz\u0113ti nakts redzam\u012bbai.<\/p>\n<p>TEHNISKIE DATI<\/p>\n<p>Pamatinform\u0101cija<br \/>\nAtt\u0101lums no acs [mm] neierobe\u017eots<br \/>\nUzpildes G\u0101zes Argons<br \/>\nT\u0101lummai\u0146a [\u00d7]. 1<br \/>\nSpot kr\u0101sa sarkana<br \/>\nM\u0113r\u0137a redzes Tips (acs) EBR CQB (65 MOA gredzens + 1 MOA punkts).<br \/>\nBaro\u0161ana<br \/>\n\u0160\u016bnu baro\u0161anas avots CR123A tikai 1<br \/>\nPapildinform\u0101cija<br \/>\nPak\u0101peniska piel\u0101go\u0161ana [MOA]. 0,5<br \/>\nKorpusa materi\u0101ls anod\u0113ts duralum\u012bns<br \/>\nMaksim\u0101l\u0101 vertik\u0101l\u0101 (augstuma) regul\u0113\u0161ana [MOA]. 100<br \/>\nMaksim\u0101l\u0101 horizont\u0101l\u0101 (apr\u012bkojuma) regul\u0113\u0161ana [MOA]. 100<br \/>\nShift piln\u0101 rot\u0101cij\u0101 [MOA]. 16,5<br \/>\nDot izm\u0113rs [MOA]. 1<br \/>\nIzm\u0113rs<br \/>\nKop\u0113jais augstums [mm] 69<br \/>\nKop\u0113jais garums [mm]. 99<br \/>\nSvars [g] 312<br \/>\nPlatums [mm] 53<\/p>\n","protected":false},"featured_media":127742,"template":"","meta":{"_acf_changed":false},"product_brand":[],"product_cat":[1031],"product_tag":[],"class_list":{"0":"post-149263","1":"product","2":"type-product","3":"status-publish","4":"has-post-thumbnail","6":"product_cat-sarkana-vieta","8":"first","9":"onbackorder","10":"sale","11":"taxable","12":"shipping-taxable","13":"product-type-simple"},"acf":[],"_links":{"self":[{"href":"https:\/\/kingarms.ee\/lv\/wp-json\/wp\/v2\/product\/149263","targetHints":{"allow":["GET"]}}],"collection":[{"href":"https:\/\/kingarms.ee\/lv\/wp-json\/wp\/v2\/product"}],"about":[{"href":"https:\/\/kingarms.ee\/lv\/wp-json\/wp\/v2\/types\/product"}],"wp:featuredmedia":[{"embeddable":true,"href":"https:\/\/kingarms.ee\/lv\/wp-json\/wp\/v2\/media\/127742"}],"wp:attachment":[{"href":"https:\/\/kingarms.ee\/lv\/wp-json\/wp\/v2\/media?parent=149263"}],"wp:term":[{"taxonomy":"product_brand","embeddable":true,"href":"https:\/\/kingarms.ee\/lv\/wp-json\/wp\/v2\/product_brand?post=149263"},{"taxonomy":"product_cat","embeddable":true,"href":"https:\/\/kingarms.ee\/lv\/wp-json\/wp\/v2\/product_cat?post=149263"},{"taxonomy":"product_tag","embeddable":true,"href":"https:\/\/kingarms.ee\/lv\/wp-json\/wp\/v2\/product_tag?post=149263"}],"curies":[{"name":"wp","href":"https:\/\/api.w.org\/{rel}","templated":true}]}}