{"id":149265,"date":"2023-03-16T19:13:01","date_gmt":"2025-05-18T11:34:13","guid":{"rendered":"https:\/\/kingarms.ee\/product\/sarkanais-spitfire-hd-gen-ii-5x-virpulis\/"},"modified":"2025-05-18T14:34:13","modified_gmt":"2025-05-18T11:34:13","slug":"sarkanais-spitfire-hd-gen-ii-5x-virpulis","status":"publish","type":"product","link":"https:\/\/kingarms.ee\/lv\/product\/sarkanais-spitfire-hd-gen-ii-5x-virpulis\/","title":{"rendered":"Sarkanais Spitfire HD Gen II 5X (virpulis)"},"content":{"rendered":"<p><img loading=\"lazy\" decoding=\"async\" class=\"alignnone size-full wp-image-76054\" src=\"https:\/\/kingarms.ee\/wp-content\/uploads\/2023\/03\/vortex-spitfire-hd-gen-ii-5x-collimator-76398ebdf8194e9c8f376da9b8f6ed57-ff975e96-1.jpg\" alt=\"\" width=\"900\" height=\"900\" srcset=\"https:\/\/kingarms.ee\/wp-content\/uploads\/2023\/03\/vortex-spitfire-hd-gen-ii-5x-collimator-76398ebdf8194e9c8f376da9b8f6ed57-ff975e96-1.jpg 900w, https:\/\/kingarms.ee\/wp-content\/uploads\/2023\/03\/vortex-spitfire-hd-gen-ii-5x-collimator-76398ebdf8194e9c8f376da9b8f6ed57-ff975e96-1-300x300.jpg 300w, https:\/\/kingarms.ee\/wp-content\/uploads\/2023\/03\/vortex-spitfire-hd-gen-ii-5x-collimator-76398ebdf8194e9c8f376da9b8f6ed57-ff975e96-1-150x150.jpg 150w, https:\/\/kingarms.ee\/wp-content\/uploads\/2023\/03\/vortex-spitfire-hd-gen-ii-5x-collimator-76398ebdf8194e9c8f376da9b8f6ed57-ff975e96-1-768x768.jpg 768w, https:\/\/kingarms.ee\/wp-content\/uploads\/2023\/03\/vortex-spitfire-hd-gen-ii-5x-collimator-76398ebdf8194e9c8f376da9b8f6ed57-ff975e96-1-500x500.jpg 500w\" sizes=\"auto, (max-width: 900px) 100vw, 900px\" \/><\/p>\n","protected":false},"excerpt":{"rendered":"<p>Spitfire HD Gen II 5X (Vortex) ir jaun\u0101s paaudzes prizmatisks kolimatora skats, kas paredz\u0113ts karab\u012bn\u0113m ar 5, 56 mun\u012bciju.<\/p>\n<p>Vortex Spitfire HD Gen II ir cien\u012bgs popul\u0101r\u0101 Prism sight p\u0113ctecis. Jaunaj\u0101 paaudz\u0113 ir atjaunin\u0101ta optika, ier\u012bces korpuss un skats. Rezult\u0101ts ir viegl\u0101ks un maz\u0101ks kolimators ar 5x palielin\u0101jumu, kur\u0101 tiek izmantota HD optika un ar-BDC MOA t\u012bkls, kur\u0101 \u0146emta v\u0113r\u0101 5,56 mun\u012bcijas ballistika.<\/p>\n<p>TEHNISKIE DATI<\/p>\n<p>Pamatinform\u0101cija<br \/>\nAcu att\u0101lums [mm] 69<br \/>\nUzpildes G\u0101ze Sl\u0101peklis<br \/>\nLine\u0101rais redzes lauks 100 m [m]. 7,8<br \/>\nT\u0101lummai\u0146a [\u00d7]. 5<br \/>\nSpot kr\u0101sa sarkana<br \/>\nM\u0113r\u0137auditorijas atlase starp tipa ar-BDC4<br \/>\nBaro\u0161ana<br \/>\n\u0160\u016bnu baro\u0161anas avots CR2032ARGE 1<br \/>\nPapildinform\u0101cija<br \/>\nPak\u0101peniska piel\u0101go\u0161ana [MOA]. 1<br \/>\nKorpusa materi\u0101ls anod\u0113ts duralum\u012bns<br \/>\nMaksim\u0101l\u0101 vertik\u0101l\u0101 (augstuma) regul\u0113\u0161ana [MOA]. 200<br \/>\nMaksim\u0101l\u0101 horizont\u0101l\u0101 (apr\u012bkojuma) regul\u0113\u0161ana [MOA]. 200<br \/>\nShift piln\u0101 rot\u0101cij\u0101 [MOA]. 42<br \/>\nDot izm\u0113rs [MOA]. 1<br \/>\nIzm\u0113rs<br \/>\nObjekt\u012bva diametrs [mm]. 25<br \/>\nKop\u0113jais garums [mm]. 92<br \/>\nSvars [g] 292<\/p>\n","protected":false},"featured_media":127719,"template":"","meta":{"_acf_changed":false},"product_brand":[],"product_cat":[1031],"product_tag":[],"class_list":{"0":"post-149265","1":"product","2":"type-product","3":"status-publish","4":"has-post-thumbnail","6":"product_cat-sarkana-vieta","8":"first","9":"instock","10":"taxable","11":"shipping-taxable","12":"purchasable","13":"product-type-simple"},"acf":[],"_links":{"self":[{"href":"https:\/\/kingarms.ee\/lv\/wp-json\/wp\/v2\/product\/149265","targetHints":{"allow":["GET"]}}],"collection":[{"href":"https:\/\/kingarms.ee\/lv\/wp-json\/wp\/v2\/product"}],"about":[{"href":"https:\/\/kingarms.ee\/lv\/wp-json\/wp\/v2\/types\/product"}],"wp:featuredmedia":[{"embeddable":true,"href":"https:\/\/kingarms.ee\/lv\/wp-json\/wp\/v2\/media\/127719"}],"wp:attachment":[{"href":"https:\/\/kingarms.ee\/lv\/wp-json\/wp\/v2\/media?parent=149265"}],"wp:term":[{"taxonomy":"product_brand","embeddable":true,"href":"https:\/\/kingarms.ee\/lv\/wp-json\/wp\/v2\/product_brand?post=149265"},{"taxonomy":"product_cat","embeddable":true,"href":"https:\/\/kingarms.ee\/lv\/wp-json\/wp\/v2\/product_cat?post=149265"},{"taxonomy":"product_tag","embeddable":true,"href":"https:\/\/kingarms.ee\/lv\/wp-json\/wp\/v2\/product_tag?post=149265"}],"curies":[{"name":"wp","href":"https:\/\/api.w.org\/{rel}","templated":true}]}}