{"id":149283,"date":"2023-03-13T14:05:13","date_gmt":"2025-05-18T12:23:48","guid":{"rendered":"https:\/\/kingarms.ee\/product\/nxg-stiklplasta-bultina-28-%e2%80%b3-terapea-700-sp-3x\/"},"modified":"2025-05-18T15:23:48","modified_gmt":"2025-05-18T12:23:48","slug":"nxg-stiklplasta-bultina-28-%e2%80%b3-terapea-700-sp-3x","status":"publish","type":"product","link":"https:\/\/kingarms.ee\/lv\/product\/nxg-stiklplasta-bultina-28-%e2%80%b3-terapea-700-sp-3x\/","title":{"rendered":"NXG stiklplasta bulti\u0146a 28 \u2033 terapea, 700 SP, 3X"},"content":{"rendered":"<p><img loading=\"lazy\" decoding=\"async\" class=\"alignnone size-full wp-image-75900\" src=\"https:\/\/kingarms.ee\/wp-content\/uploads\/2023\/03\/arrow-nxg-fiberglass-28-arrowhead-shields-gl-700-sp-3x-ad33977acf644149b227a1acf112d5c7-05c59f61.jpg\" alt=\"\" width=\"900\" height=\"900\" srcset=\"https:\/\/kingarms.ee\/wp-content\/uploads\/2023\/03\/arrow-nxg-fiberglass-28-arrowhead-shields-gl-700-sp-3x-ad33977acf644149b227a1acf112d5c7-05c59f61.jpg 900w, https:\/\/kingarms.ee\/wp-content\/uploads\/2023\/03\/arrow-nxg-fiberglass-28-arrowhead-shields-gl-700-sp-3x-ad33977acf644149b227a1acf112d5c7-05c59f61-300x300.jpg 300w, https:\/\/kingarms.ee\/wp-content\/uploads\/2023\/03\/arrow-nxg-fiberglass-28-arrowhead-shields-gl-700-sp-3x-ad33977acf644149b227a1acf112d5c7-05c59f61-150x150.jpg 150w, https:\/\/kingarms.ee\/wp-content\/uploads\/2023\/03\/arrow-nxg-fiberglass-28-arrowhead-shields-gl-700-sp-3x-ad33977acf644149b227a1acf112d5c7-05c59f61-768x768.jpg 768w, https:\/\/kingarms.ee\/wp-content\/uploads\/2023\/03\/arrow-nxg-fiberglass-28-arrowhead-shields-gl-700-sp-3x-ad33977acf644149b227a1acf112d5c7-05c59f61-500x500.jpg 500w\" sizes=\"auto, (max-width: 900px) 100vw, 900px\" \/><\/p>\n","protected":false},"excerpt":{"rendered":"<p>P\u0113rkot loku, mums vajadz\u0113tu paskat\u012bties, lai atrastu noteiktu bultu komplektu, kas \u013caus mums efekt\u012bvi praktiz\u0113t. NXG priek\u0161gala bultas par\u0101da izcilu meistar\u012bbu un pla\u0161u mode\u013ca p\u0101rskatu, t\u0101p\u0113c j\u016bs varat viegli izv\u0113l\u0113ties perfektu priek\u0161gala modeli. Apskat\u0101majam modelim rakstur\u012bgs garums 28 &#8221; spin 700 un gluda redzes bulta. Komplekt\u0101 ietilpst 3 bulti\u0146as.<\/p>\n<p>NXG stikla \u0161\u0137iedras priek\u0161gala bulti\u0146as ar m\u0113r\u0137tiec\u012bgu bulti\u0146as galvi\u0146u nodro\u0161ina:<br \/>\nApvienojot augstu iztur\u012bbu ar pieejamu stikla \u0161\u0137iedras konstrukciju<br \/>\nSa\u012bsin\u0101ts 28 &#8221; gar\u0161 dizains piem\u0113rots lieliem jaunie\u0161u lokiem<br \/>\nGludas t\u0113rauda redzes bultu galvi\u0146as, kas efekt\u012bvi iek\u013c\u016bst salmu m\u0113r\u0137os<br \/>\nSint\u0113tisk\u0101s fl\u012bzes, ko raksturo \u013coti augsta iztur\u012bba<\/p>\n<p>Elerona tipa sint\u0113tiskais<br \/>\nAsmens tips parasts<br \/>\nBulti\u0146a materi\u0101ls stikl\u0161\u0137iedras<br \/>\nKop\u0113jais garums [in] 28<br \/>\nRa\u017eot\u0101js NXG, V\u0101cija<\/p>\n","protected":false},"featured_media":127665,"template":"","meta":{"_acf_changed":false},"product_brand":[],"product_cat":[1016],"product_tag":[],"class_list":{"0":"post-149283","1":"product","2":"type-product","3":"status-publish","4":"has-post-thumbnail","6":"product_cat-bultas-bultas-dalas","8":"first","9":"instock","10":"taxable","11":"shipping-taxable","12":"purchasable","13":"product-type-simple"},"acf":[],"_links":{"self":[{"href":"https:\/\/kingarms.ee\/lv\/wp-json\/wp\/v2\/product\/149283","targetHints":{"allow":["GET"]}}],"collection":[{"href":"https:\/\/kingarms.ee\/lv\/wp-json\/wp\/v2\/product"}],"about":[{"href":"https:\/\/kingarms.ee\/lv\/wp-json\/wp\/v2\/types\/product"}],"wp:featuredmedia":[{"embeddable":true,"href":"https:\/\/kingarms.ee\/lv\/wp-json\/wp\/v2\/media\/127665"}],"wp:attachment":[{"href":"https:\/\/kingarms.ee\/lv\/wp-json\/wp\/v2\/media?parent=149283"}],"wp:term":[{"taxonomy":"product_brand","embeddable":true,"href":"https:\/\/kingarms.ee\/lv\/wp-json\/wp\/v2\/product_brand?post=149283"},{"taxonomy":"product_cat","embeddable":true,"href":"https:\/\/kingarms.ee\/lv\/wp-json\/wp\/v2\/product_cat?post=149283"},{"taxonomy":"product_tag","embeddable":true,"href":"https:\/\/kingarms.ee\/lv\/wp-json\/wp\/v2\/product_tag?post=149283"}],"curies":[{"name":"wp","href":"https:\/\/api.w.org\/{rel}","templated":true}]}}