{"id":149292,"date":"2024-05-28T18:47:42","date_gmt":"2025-05-18T14:11:35","guid":{"rendered":"https:\/\/kingarms.ee\/product\/daudzfunkcionala-led-gaismas-atslegu-piekarins-lb-ysd\/"},"modified":"2025-08-02T18:29:33","modified_gmt":"2025-08-02T15:29:33","slug":"daudzfunkcionala-led-gaismas-atslegu-piekarins-lb-ysd","status":"publish","type":"product","link":"https:\/\/kingarms.ee\/lv\/product\/daudzfunkcionala-led-gaismas-atslegu-piekarins-lb-ysd\/","title":{"rendered":"Daudzfunkcion\u0101la LED gaismas Atsl\u0113gu piekari\u0146\u0161 (LB-YSD)"},"content":{"rendered":"<p><img loading=\"lazy\" decoding=\"async\" class=\"alignnone size-full wp-image-101342\" src=\"https:\/\/kingarms.ee\/wp-content\/uploads\/2024\/05\/js-tactical-multifunction-keychain-with-led-light-lb-ysd-1.jpg\" alt=\"\" width=\"1000\" height=\"1000\" srcset=\"https:\/\/kingarms.ee\/wp-content\/uploads\/2024\/05\/js-tactical-multifunction-keychain-with-led-light-lb-ysd-1.jpg 1000w, https:\/\/kingarms.ee\/wp-content\/uploads\/2024\/05\/js-tactical-multifunction-keychain-with-led-light-lb-ysd-1-300x300.jpg 300w, https:\/\/kingarms.ee\/wp-content\/uploads\/2024\/05\/js-tactical-multifunction-keychain-with-led-light-lb-ysd-1-150x150.jpg 150w, https:\/\/kingarms.ee\/wp-content\/uploads\/2024\/05\/js-tactical-multifunction-keychain-with-led-light-lb-ysd-1-768x768.jpg 768w, https:\/\/kingarms.ee\/wp-content\/uploads\/2024\/05\/js-tactical-multifunction-keychain-with-led-light-lb-ysd-1-500x500.jpg 500w\" sizes=\"auto, (max-width: 1000px) 100vw, 1000px\" \/><\/p>\n","protected":false},"excerpt":{"rendered":"<p>Daudzfunkcion\u0101la LED gaismas Atsl\u0113gu piekari\u0146\u0161 (LB-YSD)<br \/>\nLed luktur\u012btis ar<br \/>\n&#8211; fexed ar trim gaism\u0101m (aukst\u0101 gaisma, silta gaisma un sarkana ar SOS funkciju) NB! J\u016bs varat main\u012bt kr\u0101sas, k\u0101 nepiecie\u0161ams.<br \/>\n\u0160\u0137iltavas<br \/>\nPlakans un zvaig\u017e\u0146u skr\u016bvgriezis<br \/>\nSvilpe<br \/>\nHeledab griez\u0113ji<br \/>\nAkumulatora l\u012bme\u0146a indikators<br \/>\nMagn\u0113ts<br \/>\nUzl\u0101de notiek caur USB-C kabeli, n\u0101k ar<br \/>\nIzm\u0113ri 100mm x 50mm x 30mm<br \/>\nSvars 60g<\/p>\n","protected":false},"featured_media":135391,"template":"","meta":{"_acf_changed":false},"product_brand":[],"product_cat":[1119],"product_tag":[],"class_list":{"0":"post-149292","1":"product","2":"type-product","3":"status-publish","4":"has-post-thumbnail","6":"product_cat-celojumu-preces","8":"first","9":"instock","10":"sale","11":"taxable","12":"shipping-taxable","13":"purchasable","14":"product-type-simple"},"acf":[],"_links":{"self":[{"href":"https:\/\/kingarms.ee\/lv\/wp-json\/wp\/v2\/product\/149292","targetHints":{"allow":["GET"]}}],"collection":[{"href":"https:\/\/kingarms.ee\/lv\/wp-json\/wp\/v2\/product"}],"about":[{"href":"https:\/\/kingarms.ee\/lv\/wp-json\/wp\/v2\/types\/product"}],"wp:featuredmedia":[{"embeddable":true,"href":"https:\/\/kingarms.ee\/lv\/wp-json\/wp\/v2\/media\/135391"}],"wp:attachment":[{"href":"https:\/\/kingarms.ee\/lv\/wp-json\/wp\/v2\/media?parent=149292"}],"wp:term":[{"taxonomy":"product_brand","embeddable":true,"href":"https:\/\/kingarms.ee\/lv\/wp-json\/wp\/v2\/product_brand?post=149292"},{"taxonomy":"product_cat","embeddable":true,"href":"https:\/\/kingarms.ee\/lv\/wp-json\/wp\/v2\/product_cat?post=149292"},{"taxonomy":"product_tag","embeddable":true,"href":"https:\/\/kingarms.ee\/lv\/wp-json\/wp\/v2\/product_tag?post=149292"}],"curies":[{"name":"wp","href":"https:\/\/api.w.org\/{rel}","templated":true}]}}