{"id":149295,"date":"2024-05-09T14:54:00","date_gmt":"2025-05-18T14:22:30","guid":{"rendered":"https:\/\/kingarms.ee\/product\/hatsan-bullmaster-4-5-mm-27j\/"},"modified":"2025-08-02T18:31:13","modified_gmt":"2025-08-02T15:31:13","slug":"hatsan-bullmaster-4-5-mm-27j","status":"publish","type":"product","link":"https:\/\/kingarms.ee\/lv\/product\/hatsan-bullmaster-4-5-mm-27j\/","title":{"rendered":"Hatsan Bullmaster 4.5 mm (27J)"},"content":{"rendered":"<p><img loading=\"lazy\" decoding=\"async\" class=\"alignnone size-full wp-image-101240\" src=\"https:\/\/kingarms.ee\/wp-content\/uploads\/2024\/05\/cad72c75-fe3a-11ee-aa14-00155d65b41a_85b947c1-0b8b-11ef-aa14-00155d65b41a-2.jpeg\" alt=\"\" width=\"1500\" height=\"1500\" srcset=\"https:\/\/kingarms.ee\/wp-content\/uploads\/2024\/05\/cad72c75-fe3a-11ee-aa14-00155d65b41a_85b947c1-0b8b-11ef-aa14-00155d65b41a-2.jpeg 1500w, https:\/\/kingarms.ee\/wp-content\/uploads\/2024\/05\/cad72c75-fe3a-11ee-aa14-00155d65b41a_85b947c1-0b8b-11ef-aa14-00155d65b41a-2-300x300.jpeg 300w, https:\/\/kingarms.ee\/wp-content\/uploads\/2024\/05\/cad72c75-fe3a-11ee-aa14-00155d65b41a_85b947c1-0b8b-11ef-aa14-00155d65b41a-2-1024x1024.jpeg 1024w, https:\/\/kingarms.ee\/wp-content\/uploads\/2024\/05\/cad72c75-fe3a-11ee-aa14-00155d65b41a_85b947c1-0b8b-11ef-aa14-00155d65b41a-2-150x150.jpeg 150w, https:\/\/kingarms.ee\/wp-content\/uploads\/2024\/05\/cad72c75-fe3a-11ee-aa14-00155d65b41a_85b947c1-0b8b-11ef-aa14-00155d65b41a-2-768x768.jpeg 768w, https:\/\/kingarms.ee\/wp-content\/uploads\/2024\/05\/cad72c75-fe3a-11ee-aa14-00155d65b41a_85b947c1-0b8b-11ef-aa14-00155d65b41a-2-500x500.jpeg 500w\" sizes=\"auto, (max-width: 1500px) 100vw, 1500px\" \/><\/p>\n","protected":false},"excerpt":{"rendered":"<p>Hatsan Bullmaster 4.5 mm (27J)<\/p>\n<p>&#8211; Pusautom\u0101tiska, PCP (pneimatisk\u0101 priek\u0161s\u016bkn\u0113\u0161ana)<br \/>\n&#8211; Bulpup dizains<br \/>\n&#8211; Piln\u012bb\u0101 sl\u0113gta muca, v\u012bt\u0146ota caurule<br \/>\n&#8211; Pneimatiskais cilindrs ar ietilp\u012bbu 500 cc, maksim\u0101lais uzpildes spiediens 250 b\u0101ri.<br \/>\n&#8211; Dasoft &#8211; ar p\u0101rkl\u0101jumu un ergonomisku dizainu, sint\u0113tiskiem materi\u0101liem.<br \/>\n&#8211; 11mm si\u013c\u0137es pin un aud\u0113ja optisk\u0101s sloksnes kombin\u0101cija.<br \/>\n&#8211; Papildu Picatinny \u0161eit zem priek\u0161puses.<br \/>\n&#8211; Tekst\u016bra uz roktura un apak\u0161delma, lai lab\u0101k izjustu un kontrol\u0113tu.<br \/>\n&#8211; Augstums regul\u0113jams vaigu polster\u0113jums<br \/>\n&#8211; Ventil\u0113jama gumijas aizmugur\u0113j\u0101 da\u013ca<br \/>\n&#8211; Ietver 1 rot\u0113jo\u0161u papl\u0101ti: 4.5 mm (.177) cal, par 14 lodes<br \/>\n&#8211; Ieb\u016bv\u0113ts manometrs spiediena regul\u0113\u0161anai cilindr\u0101.<br \/>\n&#8211; Ietver 1\/8 &#8221; BSPP pavedienu uzpildes zondi.<br \/>\n&#8211; General kr\u0101so apdare, melna anod\u0113ta reciever<br \/>\n&#8211; Manu\u0101l\u0101 dro\u0161\u012bba<br \/>\n&#8211; Patent\u0113ta Prettrieciena sist\u0113ma, lai nov\u0113rstu g\u0101zes zudumus<br \/>\n&#8211; Met\u0101la spr\u016bda un sint\u0113tiskais spr\u016bda aizsargs.<br \/>\n&#8211; Ieb\u016bv\u0113ti pagriezieni<br \/>\n&#8211; N\u0101k ar cieto lietu<\/p>\n<p>Maksim\u0101lais \u0101trums* &#8211; 0.177 cal-1100 FPS (320 m \/ s)<\/p>\n<p>* \u0100truma rezult\u0101ti var at\u0161\u0137irties atkar\u012bb\u0101 no bumbas svara, bumbas formas, bumbas materi\u0101la, temperat\u016bras, augstuma un citiem faktoriem.<\/p>\n","protected":false},"featured_media":135371,"template":"","meta":{"_acf_changed":false},"product_brand":[],"product_cat":[1008],"product_tag":[],"class_list":{"0":"post-149295","1":"product","2":"type-product","3":"status-publish","4":"has-post-thumbnail","6":"product_cat-pcp-hpa","8":"first","9":"instock","10":"taxable","11":"shipping-taxable","12":"purchasable","13":"product-type-simple"},"acf":[],"_links":{"self":[{"href":"https:\/\/kingarms.ee\/lv\/wp-json\/wp\/v2\/product\/149295","targetHints":{"allow":["GET"]}}],"collection":[{"href":"https:\/\/kingarms.ee\/lv\/wp-json\/wp\/v2\/product"}],"about":[{"href":"https:\/\/kingarms.ee\/lv\/wp-json\/wp\/v2\/types\/product"}],"wp:featuredmedia":[{"embeddable":true,"href":"https:\/\/kingarms.ee\/lv\/wp-json\/wp\/v2\/media\/135371"}],"wp:attachment":[{"href":"https:\/\/kingarms.ee\/lv\/wp-json\/wp\/v2\/media?parent=149295"}],"wp:term":[{"taxonomy":"product_brand","embeddable":true,"href":"https:\/\/kingarms.ee\/lv\/wp-json\/wp\/v2\/product_brand?post=149295"},{"taxonomy":"product_cat","embeddable":true,"href":"https:\/\/kingarms.ee\/lv\/wp-json\/wp\/v2\/product_cat?post=149295"},{"taxonomy":"product_tag","embeddable":true,"href":"https:\/\/kingarms.ee\/lv\/wp-json\/wp\/v2\/product_tag?post=149295"}],"curies":[{"name":"wp","href":"https:\/\/api.w.org\/{rel}","templated":true}]}}