{"id":149297,"date":"2024-05-09T14:48:52","date_gmt":"2025-05-18T14:28:30","guid":{"rendered":"https:\/\/kingarms.ee\/product\/gaisa-pistoles-hatsan-airmax-cal-45-mm-36j\/"},"modified":"2025-08-02T18:32:04","modified_gmt":"2025-08-02T15:32:04","slug":"gaisa-pistoles-hatsan-airmax-cal-45-mm-36j","status":"publish","type":"product","link":"https:\/\/kingarms.ee\/lv\/product\/gaisa-pistoles-hatsan-airmax-cal-45-mm-36j\/","title":{"rendered":"Gaisa pistoles Hatsan Airmax Cal. 4,5 mm (36J)"},"content":{"rendered":"<p><img loading=\"lazy\" decoding=\"async\" class=\"alignnone size-full wp-image-101224\" src=\"https:\/\/kingarms.ee\/wp-content\/uploads\/2024\/05\/0210f285-fe3a-11ee-aa14-00155d65b41a_b59b14b1-0146-11ef-aa14-00155d65b41a-2.jpeg\" alt=\"\" width=\"1184\" height=\"1186\" srcset=\"https:\/\/kingarms.ee\/wp-content\/uploads\/2024\/05\/0210f285-fe3a-11ee-aa14-00155d65b41a_b59b14b1-0146-11ef-aa14-00155d65b41a-2.jpeg 1184w, https:\/\/kingarms.ee\/wp-content\/uploads\/2024\/05\/0210f285-fe3a-11ee-aa14-00155d65b41a_b59b14b1-0146-11ef-aa14-00155d65b41a-2-300x300.jpeg 300w, https:\/\/kingarms.ee\/wp-content\/uploads\/2024\/05\/0210f285-fe3a-11ee-aa14-00155d65b41a_b59b14b1-0146-11ef-aa14-00155d65b41a-2-1022x1024.jpeg 1022w, https:\/\/kingarms.ee\/wp-content\/uploads\/2024\/05\/0210f285-fe3a-11ee-aa14-00155d65b41a_b59b14b1-0146-11ef-aa14-00155d65b41a-2-150x150.jpeg 150w, https:\/\/kingarms.ee\/wp-content\/uploads\/2024\/05\/0210f285-fe3a-11ee-aa14-00155d65b41a_b59b14b1-0146-11ef-aa14-00155d65b41a-2-768x769.jpeg 768w, https:\/\/kingarms.ee\/wp-content\/uploads\/2024\/05\/0210f285-fe3a-11ee-aa14-00155d65b41a_b59b14b1-0146-11ef-aa14-00155d65b41a-2-500x501.jpeg 500w\" sizes=\"auto, (max-width: 1184px) 100vw, 1184px\" \/><\/p>\n","protected":false},"excerpt":{"rendered":"<div>Ori\u0123in\u0101l\u0101 bullpup konstrukcija; 10 m\u0113ne\u0161u ziede; manu\u0101la iekrau\u0161ana; s\u0101nu pagalms vilk\u0161anai; Iepriek\u0161 pump\u0113ts gaisa pistole (PCP).<\/div>\n<div><\/div>\n<div>Pieejams .177 (4,5 mm) ar kalibru.<\/div>\n<div>Piln\u012bbas 200 b\u0101rs, balonu gaisa caurule 400 cc + 90 cc.<\/div>\n<div>Piln\u012bb\u0101 sl\u0113gts klus\u0101s ener\u0123ijas korpuss un ieb\u016bv\u0113ts ska\u0146as moderators (trok\u0161\u0146a sl\u0101p\u0113t\u0101js) &#8211; \u0161au\u0161ana ir aptuveni 50% klus\u0101ka.<\/div>\n<div>V\u012bt\u0146ota gaisa \u0161autene un drosele precizit\u0101tei.<\/div>\n<div>Divpus\u0113ja koka bullpup \u0161autenes muca. Tur ir Picatinny uz leju priek\u0161\u0101.<\/div>\n<div>Augstuma regul\u0113\u0161anas vaigu spilventi\u0146\u0161 &#8220;EasyAdjust&#8221; -\u0161autenei ir ieb\u016bv\u0113ta augstuma regul\u0113\u0161anas poga.<\/div>\n<div>.\u0161oa anoelareta iekrr\u012bgiVentil\u0113ts gumijas skapis.Ventileeritav kummist kabaraud.<\/div>\n<div>abtmdo\u0101VEemaldatav salv 10 kuuli jaoks. Kaasas 1 salv.<\/div>\n<div>Sisseehitatud manomeeter r\u00f5hu reguleerimiseks.<\/div>\n<div>Tarnekomplekt sisaldab otsikut, kiireks t\u00e4itmiseks.<\/div>\n<div>Picatinny siin 11 mm ja 22 mm optiliste sihikute paigaldamiseks.<\/div>\n<div>\u00dcldine peitsitud viimistlus, must anodeeritud lukukoda.<\/div>\n<div>Manuaalne ja automaatne kaitseriiv.<\/div>\n<div>\u201cAnti-topelt kuuli ettenihe\u201d mehhanism, mis takistab rohkem kui \u00fche kuuli laadimist torusse.<\/div>\n<div>Quattro p\u00e4\u00e4stik: kaheastmeline t\u00e4ielikult reguleeritav p\u00e4\u00e4stik reisimiseks ja p\u00e4\u00e4stiku raskuseks. Metallist p\u00e4\u00e4stik.<\/div>\n<div>Sisseehitatud kinnitused rihma jaoks.<\/div>\n","protected":false},"featured_media":135359,"template":"","meta":{"_acf_changed":false},"product_brand":[],"product_cat":[1008],"product_tag":[],"class_list":{"0":"post-149297","1":"product","2":"type-product","3":"status-publish","4":"has-post-thumbnail","6":"product_cat-pcp-hpa","8":"first","9":"instock","10":"taxable","11":"shipping-taxable","12":"purchasable","13":"product-type-simple"},"acf":[],"_links":{"self":[{"href":"https:\/\/kingarms.ee\/lv\/wp-json\/wp\/v2\/product\/149297","targetHints":{"allow":["GET"]}}],"collection":[{"href":"https:\/\/kingarms.ee\/lv\/wp-json\/wp\/v2\/product"}],"about":[{"href":"https:\/\/kingarms.ee\/lv\/wp-json\/wp\/v2\/types\/product"}],"wp:featuredmedia":[{"embeddable":true,"href":"https:\/\/kingarms.ee\/lv\/wp-json\/wp\/v2\/media\/135359"}],"wp:attachment":[{"href":"https:\/\/kingarms.ee\/lv\/wp-json\/wp\/v2\/media?parent=149297"}],"wp:term":[{"taxonomy":"product_brand","embeddable":true,"href":"https:\/\/kingarms.ee\/lv\/wp-json\/wp\/v2\/product_brand?post=149297"},{"taxonomy":"product_cat","embeddable":true,"href":"https:\/\/kingarms.ee\/lv\/wp-json\/wp\/v2\/product_cat?post=149297"},{"taxonomy":"product_tag","embeddable":true,"href":"https:\/\/kingarms.ee\/lv\/wp-json\/wp\/v2\/product_tag?post=149297"}],"curies":[{"name":"wp","href":"https:\/\/api.w.org\/{rel}","templated":true}]}}