{"id":149299,"date":"2024-04-05T18:09:08","date_gmt":"2025-05-18T14:33:00","guid":{"rendered":"https:\/\/kingarms.ee\/product\/viegls-ladetajs-un-11-1-v-1000-mah-akumulators-komplekts\/"},"modified":"2025-08-02T18:35:18","modified_gmt":"2025-08-02T15:35:18","slug":"viegls-ladetajs-un-11-1-v-1000-mah-akumulators-komplekts","status":"publish","type":"product","link":"https:\/\/kingarms.ee\/lv\/product\/viegls-ladetajs-un-11-1-v-1000-mah-akumulators-komplekts\/","title":{"rendered":"Viegls l\u0101d\u0113t\u0101js un 11.1 V 1000 mAh akumulators (komplekts)"},"content":{"rendered":"<p><img loading=\"lazy\" decoding=\"async\" class=\"alignnone size-full wp-image-100995\" src=\"https:\/\/kingarms.ee\/wp-content\/uploads\/2024\/04\/487d8dd2b5574c3e43f2a825ca8b2c178053a2ee_SPE_06_040192_02.webp\" alt=\"\" width=\"2000\" height=\"1333\" srcset=\"https:\/\/kingarms.ee\/wp-content\/uploads\/2024\/04\/487d8dd2b5574c3e43f2a825ca8b2c178053a2ee_SPE_06_040192_02.webp 2000w, https:\/\/kingarms.ee\/wp-content\/uploads\/2024\/04\/487d8dd2b5574c3e43f2a825ca8b2c178053a2ee_SPE_06_040192_02-300x200.webp 300w, https:\/\/kingarms.ee\/wp-content\/uploads\/2024\/04\/487d8dd2b5574c3e43f2a825ca8b2c178053a2ee_SPE_06_040192_02-1024x682.webp 1024w, https:\/\/kingarms.ee\/wp-content\/uploads\/2024\/04\/487d8dd2b5574c3e43f2a825ca8b2c178053a2ee_SPE_06_040192_02-768x512.webp 768w, https:\/\/kingarms.ee\/wp-content\/uploads\/2024\/04\/487d8dd2b5574c3e43f2a825ca8b2c178053a2ee_SPE_06_040192_02-1536x1024.webp 1536w, https:\/\/kingarms.ee\/wp-content\/uploads\/2024\/04\/487d8dd2b5574c3e43f2a825ca8b2c178053a2ee_SPE_06_040192_02-500x333.webp 500w, https:\/\/kingarms.ee\/wp-content\/uploads\/2024\/04\/487d8dd2b5574c3e43f2a825ca8b2c178053a2ee_SPE_06_040192_02-150x100.webp 150w\" sizes=\"auto, (max-width: 2000px) 100vw, 2000px\" \/><\/p>\n","protected":false},"excerpt":{"rendered":"<p>Komplekts tiem, s\u0101kot no airsoft pasaul\u0113!<\/p>\n<p>Lieto\u0161anai gatavs easy komplekts sast\u0101v no pamata litija-polim\u0113ra akumulatora l\u0101d\u0113t\u0101ja ar uzl\u0101des funkciju 2 \u0161\u016bnu baterij\u0101m (7,4 V) un 3 \u0161\u016bnu baterij\u0101m (11,1 V) ar l\u012bdzsvarotu uzl\u0101des funkciju.<\/p>\n<p>Iek\u013cauts akumulators ir Li-Po 11.1 V iepakojums ar ietilp\u012bbu 1000 mAh ar dek\u0101nu spraudni. T\u0101s izl\u0101des str\u0101va ir 20\/40 C.<\/p>\n<p>L\u0101d\u0113t\u0101jam ir 3 statusa indikatori.<br \/>\n&#8220;Inside&#8221; valsts-orange LED<br \/>\nUzl\u0101de ir iesl\u0113gta-sarkans LED<br \/>\nGaid\u012b\u0161anas re\u017e\u012bms-za\u013c\u0161 LED<br \/>\nAkumulators uzl\u0101d\u0113ts-za\u013c\u0161 LED<\/p>\n<p>L\u0101d\u0113t\u0101ja deta\u013cas:<br \/>\n&#8211; Ieeja 110-240 V AC<br \/>\n&#8211; Izeja 800 mA<\/p>\n","protected":false},"featured_media":135280,"template":"","meta":{"_acf_changed":false},"product_brand":[],"product_cat":[1054,1055],"product_tag":[],"class_list":{"0":"post-149299","1":"product","2":"type-product","3":"status-publish","4":"has-post-thumbnail","6":"product_cat-acculayorores-akultors","7":"product_cat-charargers-ir","9":"first","10":"instock","11":"taxable","12":"shipping-taxable","13":"purchasable","14":"product-type-simple"},"acf":[],"_links":{"self":[{"href":"https:\/\/kingarms.ee\/lv\/wp-json\/wp\/v2\/product\/149299","targetHints":{"allow":["GET"]}}],"collection":[{"href":"https:\/\/kingarms.ee\/lv\/wp-json\/wp\/v2\/product"}],"about":[{"href":"https:\/\/kingarms.ee\/lv\/wp-json\/wp\/v2\/types\/product"}],"wp:featuredmedia":[{"embeddable":true,"href":"https:\/\/kingarms.ee\/lv\/wp-json\/wp\/v2\/media\/135280"}],"wp:attachment":[{"href":"https:\/\/kingarms.ee\/lv\/wp-json\/wp\/v2\/media?parent=149299"}],"wp:term":[{"taxonomy":"product_brand","embeddable":true,"href":"https:\/\/kingarms.ee\/lv\/wp-json\/wp\/v2\/product_brand?post=149299"},{"taxonomy":"product_cat","embeddable":true,"href":"https:\/\/kingarms.ee\/lv\/wp-json\/wp\/v2\/product_cat?post=149299"},{"taxonomy":"product_tag","embeddable":true,"href":"https:\/\/kingarms.ee\/lv\/wp-json\/wp\/v2\/product_tag?post=149299"}],"curies":[{"name":"wp","href":"https:\/\/api.w.org\/{rel}","templated":true}]}}