{"id":149313,"date":"2024-03-14T12:35:52","date_gmt":"2025-05-18T15:07:02","guid":{"rendered":"https:\/\/kingarms.ee\/product\/uvex-x-fit-ausu-aizbazni-paris-laima-dzeltens\/"},"modified":"2025-08-02T18:49:51","modified_gmt":"2025-08-02T15:49:51","slug":"uvex-x-fit-ausu-aizbazni-paris-laima-dzeltens","status":"publish","type":"product","link":"https:\/\/kingarms.ee\/lv\/product\/uvex-x-fit-ausu-aizbazni-paris-laima-dzeltens\/","title":{"rendered":"Uvex X-fit Ausu aizb\u0101\u017e\u0146i (p\u0101ris), Laima dzeltens"},"content":{"rendered":"<p><img loading=\"lazy\" decoding=\"async\" class=\"alignnone size-full wp-image-100670\" src=\"https:\/\/kingarms.ee\/wp-content\/uploads\/2024\/03\/uvex-x-fit-korvatropid-paar-laimikollane.jpg\" alt=\"\" width=\"800\" height=\"800\" srcset=\"https:\/\/kingarms.ee\/wp-content\/uploads\/2024\/03\/uvex-x-fit-korvatropid-paar-laimikollane.jpg 800w, https:\/\/kingarms.ee\/wp-content\/uploads\/2024\/03\/uvex-x-fit-korvatropid-paar-laimikollane-300x300.jpg 300w, https:\/\/kingarms.ee\/wp-content\/uploads\/2024\/03\/uvex-x-fit-korvatropid-paar-laimikollane-150x150.jpg 150w, https:\/\/kingarms.ee\/wp-content\/uploads\/2024\/03\/uvex-x-fit-korvatropid-paar-laimikollane-768x768.jpg 768w, https:\/\/kingarms.ee\/wp-content\/uploads\/2024\/03\/uvex-x-fit-korvatropid-paar-laimikollane-500x500.jpg 500w\" sizes=\"auto, (max-width: 800px) 100vw, 800px\" \/><\/p>\n","protected":false},"excerpt":{"rendered":"<p>Uvex X-fit Ausu aizb\u0101\u017e\u0146i (p\u0101ris), Laima dzeltens<\/p>\n<p>SNR: 37db<br \/>\nVisp\u0101r\u012bgs raksturojums<br \/>\nErgonomiski iepriek\u0161 izstr\u0101d\u0101ti vienreizlietojami Ausu aizb\u0101\u017e\u0146i<br \/>\nKr\u0101sa: ka\u013c\u0137i<br \/>\nversija bez vadiem<\/p>\n<p>Aizsardz\u012bbas funkcijas<\/p>\n<p>atbilst standartam EN 352-2 un papildu pras\u012bb\u0101m &#8220;dzirdes sign\u0101li dzelzce\u013ca slie\u017eu ce\u013ca Virsb\u016bves konstrukcij\u0101&#8221; (- \u0101m), &#8220;dzirdes sign\u0101li ce\u013cu satiksm\u0113&#8221; (V),&#8221;br\u012bdin\u0101juma sign\u0101la dzirde, visp\u0101r\u012bgi&#8221; (W) un &#8220;sign\u0101la dzirde lokomot\u012bvei&#8221; vad\u012bt\u0101jiem uz dzelzce\u013ca &#8221; (E)<\/p>\n<p>37 decibelu izol\u0101cija-H: 36 dB, M: 34 dB, L: 34 dB<br \/>\npiem\u0113rots lieto\u0161anai \u012bpa\u0161i ska\u013c\u0101 vid\u0113<\/p>\n<p>Komforta funkcijas<\/p>\n<p>patent\u0113t\u0101 x-grip tehnolo\u0123ija samazina kontakta spiedienu auss kan\u0101l\u0101 un iev\u0113rojami atvieglo ausu aizb\u0101\u017e\u0146a no\u0146em\u0161anu<\/p>\n","protected":false},"featured_media":135142,"template":"","meta":{"_acf_changed":false},"product_brand":[],"product_cat":[1024],"product_tag":[],"class_list":{"0":"post-149313","1":"product","2":"type-product","3":"status-publish","4":"has-post-thumbnail","6":"product_cat-pasivas-austinas","8":"first","9":"instock","10":"taxable","11":"shipping-taxable","12":"purchasable","13":"product-type-simple"},"acf":[],"_links":{"self":[{"href":"https:\/\/kingarms.ee\/lv\/wp-json\/wp\/v2\/product\/149313","targetHints":{"allow":["GET"]}}],"collection":[{"href":"https:\/\/kingarms.ee\/lv\/wp-json\/wp\/v2\/product"}],"about":[{"href":"https:\/\/kingarms.ee\/lv\/wp-json\/wp\/v2\/types\/product"}],"wp:featuredmedia":[{"embeddable":true,"href":"https:\/\/kingarms.ee\/lv\/wp-json\/wp\/v2\/media\/135142"}],"wp:attachment":[{"href":"https:\/\/kingarms.ee\/lv\/wp-json\/wp\/v2\/media?parent=149313"}],"wp:term":[{"taxonomy":"product_brand","embeddable":true,"href":"https:\/\/kingarms.ee\/lv\/wp-json\/wp\/v2\/product_brand?post=149313"},{"taxonomy":"product_cat","embeddable":true,"href":"https:\/\/kingarms.ee\/lv\/wp-json\/wp\/v2\/product_cat?post=149313"},{"taxonomy":"product_tag","embeddable":true,"href":"https:\/\/kingarms.ee\/lv\/wp-json\/wp\/v2\/product_tag?post=149313"}],"curies":[{"name":"wp","href":"https:\/\/api.w.org\/{rel}","templated":true}]}}