{"id":149321,"date":"2024-02-24T13:16:29","date_gmt":"2025-05-18T15:46:56","guid":{"rendered":"https:\/\/kingarms.ee\/product\/nerusejosa-terauda-galda-piederumi-ar-maisu\/"},"modified":"2025-08-02T19:22:02","modified_gmt":"2025-08-02T16:22:02","slug":"nerusejosa-terauda-galda-piederumi-ar-maisu","status":"publish","type":"product","link":"https:\/\/kingarms.ee\/lv\/product\/nerusejosa-terauda-galda-piederumi-ar-maisu\/","title":{"rendered":"Ner\u016bs\u0113jo\u0161\u0101 t\u0113rauda galda piederumi ar maisu"},"content":{"rendered":"<p><img loading=\"lazy\" decoding=\"async\" class=\"alignnone size-full wp-image-97990\" src=\"https:\/\/kingarms.ee\/wp-content\/uploads\/2024\/02\/f2431d10-863c-11eb-8fa0-00155dc1232d_13c86f57-273a-11ee-b77c-00155d9a7102-2.jpg\" alt=\"\" width=\"799\" height=\"999\" srcset=\"https:\/\/kingarms.ee\/wp-content\/uploads\/2024\/02\/f2431d10-863c-11eb-8fa0-00155dc1232d_13c86f57-273a-11ee-b77c-00155d9a7102-2.jpg 799w, https:\/\/kingarms.ee\/wp-content\/uploads\/2024\/02\/f2431d10-863c-11eb-8fa0-00155dc1232d_13c86f57-273a-11ee-b77c-00155d9a7102-2-240x300.jpg 240w, https:\/\/kingarms.ee\/wp-content\/uploads\/2024\/02\/f2431d10-863c-11eb-8fa0-00155dc1232d_13c86f57-273a-11ee-b77c-00155d9a7102-2-768x960.jpg 768w, https:\/\/kingarms.ee\/wp-content\/uploads\/2024\/02\/f2431d10-863c-11eb-8fa0-00155dc1232d_13c86f57-273a-11ee-b77c-00155d9a7102-2-500x625.jpg 500w, https:\/\/kingarms.ee\/wp-content\/uploads\/2024\/02\/f2431d10-863c-11eb-8fa0-00155dc1232d_13c86f57-273a-11ee-b77c-00155d9a7102-2-150x188.jpg 150w\" sizes=\"auto, (max-width: 799px) 100vw, 799px\" \/><\/p>\n","protected":false},"excerpt":{"rendered":"<p>Ner\u016bs\u0113jo\u0161\u0101 t\u0113rauda galda piederumi ar maisu<\/p>\n<p>Ner\u016bs\u0113jo\u0161\u0101 t\u0113rauda<br \/>\nSoma: 100% polipropil\u0113ns<br \/>\nSvars: 164 g<br \/>\nIepakojuma izm\u0113rs: 15 x 4.8 x 2.5 cm<\/p>\n<p>&#8211; \u013coti mazs iepakojuma izm\u0113rs<br \/>\n&#8211; iek\u013cauta maza soma<\/p>\n","protected":false},"featured_media":134788,"template":"","meta":{"_acf_changed":false},"product_brand":[],"product_cat":[1119],"product_tag":[],"class_list":{"0":"post-149321","1":"product","2":"type-product","3":"status-publish","4":"has-post-thumbnail","6":"product_cat-celojumu-preces","8":"first","9":"instock","10":"taxable","11":"shipping-taxable","12":"purchasable","13":"product-type-simple"},"acf":[],"_links":{"self":[{"href":"https:\/\/kingarms.ee\/lv\/wp-json\/wp\/v2\/product\/149321","targetHints":{"allow":["GET"]}}],"collection":[{"href":"https:\/\/kingarms.ee\/lv\/wp-json\/wp\/v2\/product"}],"about":[{"href":"https:\/\/kingarms.ee\/lv\/wp-json\/wp\/v2\/types\/product"}],"wp:featuredmedia":[{"embeddable":true,"href":"https:\/\/kingarms.ee\/lv\/wp-json\/wp\/v2\/media\/134788"}],"wp:attachment":[{"href":"https:\/\/kingarms.ee\/lv\/wp-json\/wp\/v2\/media?parent=149321"}],"wp:term":[{"taxonomy":"product_brand","embeddable":true,"href":"https:\/\/kingarms.ee\/lv\/wp-json\/wp\/v2\/product_brand?post=149321"},{"taxonomy":"product_cat","embeddable":true,"href":"https:\/\/kingarms.ee\/lv\/wp-json\/wp\/v2\/product_cat?post=149321"},{"taxonomy":"product_tag","embeddable":true,"href":"https:\/\/kingarms.ee\/lv\/wp-json\/wp\/v2\/product_tag?post=149321"}],"curies":[{"name":"wp","href":"https:\/\/api.w.org\/{rel}","templated":true}]}}