{"id":149325,"date":"2024-02-22T20:56:00","date_gmt":"2025-05-18T15:56:52","guid":{"rendered":"https:\/\/kingarms.ee\/product\/makarov-mp-654-k-23-baikal\/"},"modified":"2025-08-02T19:23:42","modified_gmt":"2025-08-02T16:23:42","slug":"makarov-mp-654-k-23-baikal","status":"publish","type":"product","link":"https:\/\/kingarms.ee\/lv\/product\/makarov-mp-654-k-23-baikal\/","title":{"rendered":"Makarov MP-654 K-23 (Baikal)"},"content":{"rendered":"","protected":false},"excerpt":{"rendered":"<ul>\n<li>V\u0101rds: MP-654 K-23<\/li>\n<li>Ra\u017eot\u0101js: Baik\u0101ls<\/li>\n<li>Kalibrs: 4.5 mm<\/li>\n<li>Papl\u0101tes ietilp\u012bba: 15bbs<\/li>\n<li>Kalibrs: 4,5 mm<\/li>\n<li>\u0160au\u0161anas \u0101trums: 127m \/ s<\/li>\n<li>Jauda: 3J<\/li>\n<li>Baro\u0161anas avots: CO2<\/li>\n<li>Neveiksme: j\u0101<\/li>\n<li>Reziim: \u00dcksiklask<\/li>\n<\/ul>\n","protected":false},"featured_media":134776,"template":"","meta":{"_acf_changed":false},"product_brand":[],"product_cat":[1004,1005],"product_tag":[],"class_list":{"0":"post-149325","1":"product","2":"type-product","3":"status-publish","4":"has-post-thumbnail","6":"product_cat-lidmasinas","7":"product_cat-rokas-pistoles-lv","9":"first","10":"onbackorder","11":"sale","12":"taxable","13":"shipping-taxable","14":"product-type-simple"},"acf":[],"_links":{"self":[{"href":"https:\/\/kingarms.ee\/lv\/wp-json\/wp\/v2\/product\/149325","targetHints":{"allow":["GET"]}}],"collection":[{"href":"https:\/\/kingarms.ee\/lv\/wp-json\/wp\/v2\/product"}],"about":[{"href":"https:\/\/kingarms.ee\/lv\/wp-json\/wp\/v2\/types\/product"}],"wp:featuredmedia":[{"embeddable":true,"href":"https:\/\/kingarms.ee\/lv\/wp-json\/wp\/v2\/media\/134776"}],"wp:attachment":[{"href":"https:\/\/kingarms.ee\/lv\/wp-json\/wp\/v2\/media?parent=149325"}],"wp:term":[{"taxonomy":"product_brand","embeddable":true,"href":"https:\/\/kingarms.ee\/lv\/wp-json\/wp\/v2\/product_brand?post=149325"},{"taxonomy":"product_cat","embeddable":true,"href":"https:\/\/kingarms.ee\/lv\/wp-json\/wp\/v2\/product_cat?post=149325"},{"taxonomy":"product_tag","embeddable":true,"href":"https:\/\/kingarms.ee\/lv\/wp-json\/wp\/v2\/product_tag?post=149325"}],"curies":[{"name":"wp","href":"https:\/\/api.w.org\/{rel}","templated":true}]}}