{"id":149331,"date":"2024-02-14T21:35:08","date_gmt":"2025-05-19T07:34:15","guid":{"rendered":"https:\/\/kingarms.ee\/product\/izdzivosanas-komplekta-granata-48-in-1-riks\/"},"modified":"2025-08-02T19:31:52","modified_gmt":"2025-08-02T16:31:52","slug":"izdzivosanas-komplekta-granata-48-in-1-riks","status":"publish","type":"product","link":"https:\/\/kingarms.ee\/lv\/product\/izdzivosanas-komplekta-granata-48-in-1-riks\/","title":{"rendered":"Izdz\u012bvo\u0161anas komplekta gran\u0101ta (48-in-1 r\u012bks)"},"content":{"rendered":"<p><img loading=\"lazy\" decoding=\"async\" class=\"alignnone size-full wp-image-96746\" src=\"https:\/\/kingarms.ee\/wp-content\/uploads\/2024\/02\/%D0%91%D0%B5%D0%B7-%D0%B8%D0%BC%D0%B5%D0%BD%D0%B8-1.jpg\" alt=\"\" width=\"667\" height=\"500\" \/><\/p>\n","protected":false},"excerpt":{"rendered":"<p>Izdz\u012bvo\u0161anas komplekta gran\u0101ta (48-in-1 r\u012bks)<\/p>\n<p>Raksturojums OLGE VALMIS: \u00c5rge lahkuge kodust ilma oma gran\u0101ta izdz\u012bvo\u0161anas elluj\u00e4\u00e4miskomplektita, mis sisaldab 48 t\u00f6\u00f6riista ja aitab kaitsta teid ja teie l\u00e4hedasi!<\/p>\n<p>Tas ir super augstas kvalit\u0101tes, noder\u012bgs, iztur\u012bgs, atst\u0101s iespaidu uz draugiem un var gl\u0101bt j\u016bsu dz\u012bv\u012bbu.<\/p>\n<p>&#8211; 45 metri 550 paracord<br \/>\n&#8211; 2 metru Dro\u0161\u012bbas oran\u017es pl\u0101ns paracords<br \/>\n&#8211; Kompass<br \/>\n&#8211; LED luktur\u012btis<br \/>\n&#8211; Vair\u0101ku instrumentu kabatas nazis<br \/>\n&#8211; Sign\u0101la spogulis<br \/>\n&#8211; Uguns padarot akme\u0146i<br \/>\n&#8211; 30 metri tamilu 12 m\u0101rci\u0146u izm\u0113\u0123in\u0101juma virves<br \/>\n&#8211; 4 zvejas \u0101\u0137i<br \/>\n&#8211; 4 split stroke svari<br \/>\n&#8211; 2 Bobija Tapas<br \/>\n&#8211; 2 tauri\u0146u \u0161uves<br \/>\n&#8211; P38 k\u0101rbu atv\u0113r\u0113js<br \/>\n&#8211; Saspiesta dvie\u013cu tablete (dvielis ca 30cm x 30cm, ja tiek pak\u013cauts \u016bdenim)<br \/>\n&#8211; 6 \u016bdensnecaurlaid\u012bgas sp\u0113les<br \/>\n&#8211; 2 v\u0113tras necaurlaid\u012bgas sp\u0113les<br \/>\n&#8211; d\u017eutas aukla<br \/>\n&#8211; Adata un v\u012btne<br \/>\n&#8211; \u017dilete<br \/>\n&#8211; Milit\u0101r\u0101s pak\u0101pes Tripwire<br \/>\n&#8211; Folija<br \/>\n&#8211; Stiep\u013cu z\u0101\u0123is<br \/>\n&#8211; 4 \u016bdens att\u012br\u012b\u0161anas tabletes<br \/>\n&#8211; 2 dro\u0161\u012bbas tapas<br \/>\n&#8211; Firestarter Svilpes Spr\u0101dze<br \/>\n&#8211; 2 sadal\u012bti Gredzeni<br \/>\n&#8211; 3 collu elektrisk\u0101 lente<br \/>\n&#8211; Plastmasas bumba (var izmantot k\u0101 tasi)<\/p>\n","protected":false},"featured_media":134669,"template":"","meta":{"_acf_changed":false},"product_brand":[],"product_cat":[1119,1051,1088,1118,1328],"product_tag":[],"class_list":{"0":"post-149331","1":"product","2":"type-product","3":"status-publish","4":"has-post-thumbnail","6":"product_cat-celojumu-preces","7":"product_cat-frist-palidziba","8":"product_cat-gadijumi-un-somas","9":"product_cat-granata","10":"product_cat-krizes-komplekts","12":"first","13":"instock","14":"sale","15":"taxable","16":"shipping-taxable","17":"purchasable","18":"product-type-simple"},"acf":[],"_links":{"self":[{"href":"https:\/\/kingarms.ee\/lv\/wp-json\/wp\/v2\/product\/149331","targetHints":{"allow":["GET"]}}],"collection":[{"href":"https:\/\/kingarms.ee\/lv\/wp-json\/wp\/v2\/product"}],"about":[{"href":"https:\/\/kingarms.ee\/lv\/wp-json\/wp\/v2\/types\/product"}],"wp:featuredmedia":[{"embeddable":true,"href":"https:\/\/kingarms.ee\/lv\/wp-json\/wp\/v2\/media\/134669"}],"wp:attachment":[{"href":"https:\/\/kingarms.ee\/lv\/wp-json\/wp\/v2\/media?parent=149331"}],"wp:term":[{"taxonomy":"product_brand","embeddable":true,"href":"https:\/\/kingarms.ee\/lv\/wp-json\/wp\/v2\/product_brand?post=149331"},{"taxonomy":"product_cat","embeddable":true,"href":"https:\/\/kingarms.ee\/lv\/wp-json\/wp\/v2\/product_cat?post=149331"},{"taxonomy":"product_tag","embeddable":true,"href":"https:\/\/kingarms.ee\/lv\/wp-json\/wp\/v2\/product_tag?post=149331"}],"curies":[{"name":"wp","href":"https:\/\/api.w.org\/{rel}","templated":true}]}}