{"id":149554,"date":"2025-05-19T17:48:38","date_gmt":"2025-05-19T14:48:38","guid":{"rendered":"https:\/\/kingarms.ee\/product\/multitool-sun-co-karabiin-combodriver\/"},"modified":"2025-08-02T11:50:40","modified_gmt":"2025-08-02T08:50:40","slug":"multitool-sun-co-karabiin-combodriver","status":"publish","type":"product","link":"https:\/\/kingarms.ee\/lv\/product\/multitool-sun-co-karabiin-combodriver\/","title":{"rendered":"Multitool, Sun Co Karab\u012bne. ComboDriver"},"content":{"rendered":"<p>Multitool, Sun Co karabiin. ComboDriver<\/p>\n<p>ComboDriver Carabiner on praktiline multit\u00f6\u00f6riist, mis sisaldab rist-ja lamedaid bitte, nelja suurusega lamedaid v\u00f5tmeid, kahte kodarav\u00f5tit, liblikv\u00f5tit, kangi, tolli sammuga joonlauda ja pudeliavajat.<\/p>\n<p>Karabiin kinnitub h\u00f5lpsalt seljakoti, joone, koti v\u00f5i elluj\u00e4\u00e4misvarustuse k\u00fclge. T\u00f6\u00f6riistad on valmistatud roostevabast terasest, mis muudab need vastupidavaks ja korrosioonikindlaks.<\/p>\n<p>ComboDriver Carabiner &#8211; omadused<br \/>\nValmistatud roostevabast terasest.<br \/>\nSee h\u00f5lmab risti-ja tasaseid bitte.<br \/>\nNeli lamedat v\u00f5tit 6-nurgeliste kruvide jaoks.<br \/>\nKodaraklahvid kahes suuruses.<br \/>\nTolline rulett.<br \/>\nPudeliavaja.<br \/>\nV\u00f5ti on liblikas.<\/p>\n","protected":false},"excerpt":{"rendered":"<p>Multitool, Sun Co Karab\u012bne. ComboDriver ComboDriver karab\u012bne ir praktisks multitool, kas ietver p\u0101rrobe\u017eu un dz\u012bvoklis biti, \u010detru izm\u0113ru dz\u012bvoklis atsl\u0113gas, divi run\u0101ja atsl\u0113gas, tauri\u0146\u0161 atsl\u0113gu, sviru, collu solis line\u0101lu un pude\u013cu attais\u0101mais.<\/p>\n<p>Karab\u012bne viegli piestiprin\u0101s pie mugursomas, auklas, somas vai izdz\u012bvo\u0161anas r\u012bkiem. Instrumenti ir izgatavoti no ner\u016bs\u0113jo\u0161\u0101 t\u0113rauda, kas padara tos iztur\u012bgus un iztur\u012bgus pret koroziju.<\/p>\n<p>ComboDriver Karab\u012bne-funkcijas<br \/>\nIzgatavots no ner\u016bs\u0113jo\u0161\u0101 t\u0113rauda.<br \/>\nTas ietver \u0161\u0137\u0113rsvirziena un plakanus bitus.<br \/>\n\u010cetri plakanie tausti\u0146i 6 le\u0146\u0137a skr\u016bv\u0113m.<br \/>\nRun\u0101ja atsl\u0113gas divos izm\u0113ros.<br \/>\nCollu rulete.<br \/>\nPude\u013cu attais\u0101mais.<br \/>\nGalvenais ir tauri\u0146\u0161.<\/p>\n","protected":false},"featured_media":149511,"template":"","meta":{"_acf_changed":false},"product_brand":[],"product_cat":[1119],"product_tag":[],"class_list":{"0":"post-149554","1":"product","2":"type-product","3":"status-publish","4":"has-post-thumbnail","6":"product_cat-celojumu-preces","8":"first","9":"instock","10":"purchasable","11":"product-type-simple"},"acf":[],"_links":{"self":[{"href":"https:\/\/kingarms.ee\/lv\/wp-json\/wp\/v2\/product\/149554","targetHints":{"allow":["GET"]}}],"collection":[{"href":"https:\/\/kingarms.ee\/lv\/wp-json\/wp\/v2\/product"}],"about":[{"href":"https:\/\/kingarms.ee\/lv\/wp-json\/wp\/v2\/types\/product"}],"wp:featuredmedia":[{"embeddable":true,"href":"https:\/\/kingarms.ee\/lv\/wp-json\/wp\/v2\/media\/149511"}],"wp:attachment":[{"href":"https:\/\/kingarms.ee\/lv\/wp-json\/wp\/v2\/media?parent=149554"}],"wp:term":[{"taxonomy":"product_brand","embeddable":true,"href":"https:\/\/kingarms.ee\/lv\/wp-json\/wp\/v2\/product_brand?post=149554"},{"taxonomy":"product_cat","embeddable":true,"href":"https:\/\/kingarms.ee\/lv\/wp-json\/wp\/v2\/product_cat?post=149554"},{"taxonomy":"product_tag","embeddable":true,"href":"https:\/\/kingarms.ee\/lv\/wp-json\/wp\/v2\/product_tag?post=149554"}],"curies":[{"name":"wp","href":"https:\/\/api.w.org\/{rel}","templated":true}]}}