{"id":149564,"date":"2025-05-19T17:48:38","date_gmt":"2025-05-19T14:48:38","guid":{"rendered":"https:\/\/kingarms.ee\/product\/kartograafiline-kompass-mfh-joonlauaga\/"},"modified":"2025-08-02T11:52:15","modified_gmt":"2025-08-02T08:52:15","slug":"kartograafiline-kompass-mfh-joonlauaga","status":"publish","type":"product","link":"https:\/\/kingarms.ee\/lv\/product\/kartograafiline-kompass-mfh-joonlauaga\/","title":{"rendered":"Kartogr\u0101fiskais kompass ar MFH line\u0101lu"},"content":{"rendered":"<p>Kartograafiline kompass MFH joonlauaga<\/p>\n<p>MFH multifunktsionaalne kaardistamiskompass, millel on oma rakendused murdmaajooksul, kaardistamisel, elluj\u00e4\u00e4misel ja mis tahes turismiekspeditsioonil. Valmistatud l\u00e4bipaistvast ilmastikukindlast plastist. Sellel on sisseehitatud luup ja joonlaud. Kaasasolev juhe v\u00f5imaldab kompassi kaela riputada.<\/p>\n<p>MFH multifunktsionaalne kaardistamiskompass-omadused<br \/>\nKasulik murdmaajooksus, elluj\u00e4\u00e4mises ja turismis;<br \/>\nvalmistatud l\u00e4bipaistvast plastikust;<br \/>\nvastupidav atmosf\u00e4\u00e4rim\u00f5judele;<br \/>\nsisseehitatud luup ja joonlaud h\u00f5lbustavad navigeerimist ja kuvamist;<br \/>\nloetav gradueeritud ketas tagab n\u00e4itude suure t\u00e4psuse;<br \/>\nrippuv n\u00f6\u00f6r v\u00f5imaldab kompassi mugavalt kaelas kanda.<\/p>\n","protected":false},"excerpt":{"rendered":"<p>Kartogr\u0101fiskais kompass ar MFH line\u0101lu MFH daudzfunkcion\u0101ls kart\u0113\u0161anas kompass ar saviem pielietojumiem distan\u010du skrie\u0161an\u0101, kart\u0113\u0161an\u0101, izdz\u012bvo\u0161an\u0101 un jebkur\u0101 t\u016brisma eksped\u012bcij\u0101. Izgatavots no caursp\u012bd\u012bgas pret atmosf\u0113ras iedarb\u012bbu iztur\u012bgas plastmasas. Tam ir ieb\u016bv\u0113ts palielin\u0101t\u0101js un line\u0101ls. Iek\u013cautais vads \u013cauj jums pak\u0101rt kompasu ap kaklu.<\/p>\n<p>MFH daudzfunkcion\u0101lais kart\u0113\u0161anas kompass-funkcijas<br \/>\nNoder\u012bga krosa skrie\u0161an\u0101, izdz\u012bvo\u0161an\u0101 un t\u016brism\u0101;<br \/>\nIzgatavots no caursp\u012bd\u012bgas plastmasas;<br \/>\niztur\u012bgs pret atmosf\u0113ras iedarb\u012bbu;<br \/>\nieb\u016bv\u0113ts lupa un line\u0101ls atvieglo navig\u0101ciju un displeju;<br \/>\nlas\u0101ms gradu\u0113ts ciparn\u012bca nodro\u0161ina augstu nolas\u012bjumu precizit\u0101ti;<br \/>\npiek\u0101rt\u0101 virve \u013cauj \u0113rti n\u0113s\u0101t kompasu ap kaklu.<\/p>\n","protected":false},"featured_media":149481,"template":"","meta":{"_acf_changed":false},"product_brand":[],"product_cat":[1119],"product_tag":[],"class_list":{"0":"post-149564","1":"product","2":"type-product","3":"status-publish","4":"has-post-thumbnail","6":"product_cat-celojumu-preces","8":"first","9":"instock","10":"purchasable","11":"product-type-simple"},"acf":[],"_links":{"self":[{"href":"https:\/\/kingarms.ee\/lv\/wp-json\/wp\/v2\/product\/149564","targetHints":{"allow":["GET"]}}],"collection":[{"href":"https:\/\/kingarms.ee\/lv\/wp-json\/wp\/v2\/product"}],"about":[{"href":"https:\/\/kingarms.ee\/lv\/wp-json\/wp\/v2\/types\/product"}],"wp:featuredmedia":[{"embeddable":true,"href":"https:\/\/kingarms.ee\/lv\/wp-json\/wp\/v2\/media\/149481"}],"wp:attachment":[{"href":"https:\/\/kingarms.ee\/lv\/wp-json\/wp\/v2\/media?parent=149564"}],"wp:term":[{"taxonomy":"product_brand","embeddable":true,"href":"https:\/\/kingarms.ee\/lv\/wp-json\/wp\/v2\/product_brand?post=149564"},{"taxonomy":"product_cat","embeddable":true,"href":"https:\/\/kingarms.ee\/lv\/wp-json\/wp\/v2\/product_cat?post=149564"},{"taxonomy":"product_tag","embeddable":true,"href":"https:\/\/kingarms.ee\/lv\/wp-json\/wp\/v2\/product_tag?post=149564"}],"curies":[{"name":"wp","href":"https:\/\/api.w.org\/{rel}","templated":true}]}}