{"id":149569,"date":"2025-05-19T17:48:38","date_gmt":"2025-05-19T14:48:38","guid":{"rendered":"https:\/\/kingarms.ee\/product\/kompas-fosco-scout\/"},"modified":"2025-08-02T11:53:01","modified_gmt":"2025-08-02T08:53:01","slug":"kompas-fosco-scout","status":"publish","type":"product","link":"https:\/\/kingarms.ee\/lv\/product\/kompas-fosco-scout\/","title":{"rendered":"Kompas Fosco Scout"},"content":{"rendered":"<p>Kompas Fosco Scout<\/p>\n<p>Fosco Industriesi loodud Compass Scout on lihtne t\u00f6\u00f6riist, mis on m\u00f5eldud algajatele kasutajatele. Kompassi korpus on valmistatud vastupidavast komposiidist, mis muudab selle vastupidavaks ja kahjustuste suhtes vastupidavaks.<\/p>\n<p>Skaut v\u00f5ib toimida kompassina, mis v\u00f5imaldab suuna t\u00e4pset m\u00e4\u00e4ramist. Spetsiaalselt v\u00e4lja t\u00f6\u00f6tatud kikilips ja \u0160erbinka v\u00f5imaldavad n\u00e4idu t\u00e4pset lugemist h\u00f5lpsalt. Lisaks on seadmel s\u00f5rmeklamber, mis v\u00f5imaldab kompassi k\u00f5ndimise ajal stabiilsena hoida.<\/p>\n<p>Scout Compassil on ka suletud korpus, mis kaitseb klaasi l\u00f6\u00f6kide v\u00f5i kriimustuste eest. See muudab t\u00f6\u00f6riista usaldusv\u00e4\u00e4rseks ka keerukamates tingimustes.<\/p>\n","protected":false},"excerpt":{"rendered":"<p>Compass Fosco Scout izveidoja Fosco Industries, Compass Scout ir vienk\u0101r\u0161s r\u012bks, kas paredz\u0113ts ies\u0101c\u0113ju lietot\u0101jiem. Kompasa korpuss ir izgatavots no iztur\u012bga kompoz\u012bta, kas padara to iztur\u012bgu un iztur\u012bgu pret boj\u0101jumiem.<\/p>\n<p>Skauts var darboties k\u0101 kompass, kas \u013cauj prec\u012bzi noteikt virzienu. Speci\u0101li izstr\u0101d\u0101ta tauri\u0146\u0161 un \u0160erbinka \u013cauj prec\u012bzi nolas\u012bt las\u012b\u0161anu viegli. Turkl\u0101t ier\u012bcei ir pirkstu klips, kas \u013cauj jums saglab\u0101t kompasu stabilu, ejot.<\/p>\n<p>Scout Compass ir ar\u012b nosl\u0113gts korpuss, kas aizsarg\u0101 stiklu no triecieniem vai skr\u0101p\u0113jumiem. Tas padara r\u012bku uzticamu pat sare\u017e\u0123\u012bt\u0101kos apst\u0101k\u013cos.<\/p>\n","protected":false},"featured_media":149487,"template":"","meta":{"_acf_changed":false},"product_brand":[],"product_cat":[1119],"product_tag":[],"class_list":{"0":"post-149569","1":"product","2":"type-product","3":"status-publish","4":"has-post-thumbnail","6":"product_cat-celojumu-preces","8":"first","9":"instock","10":"purchasable","11":"product-type-simple"},"acf":[],"_links":{"self":[{"href":"https:\/\/kingarms.ee\/lv\/wp-json\/wp\/v2\/product\/149569","targetHints":{"allow":["GET"]}}],"collection":[{"href":"https:\/\/kingarms.ee\/lv\/wp-json\/wp\/v2\/product"}],"about":[{"href":"https:\/\/kingarms.ee\/lv\/wp-json\/wp\/v2\/types\/product"}],"wp:featuredmedia":[{"embeddable":true,"href":"https:\/\/kingarms.ee\/lv\/wp-json\/wp\/v2\/media\/149487"}],"wp:attachment":[{"href":"https:\/\/kingarms.ee\/lv\/wp-json\/wp\/v2\/media?parent=149569"}],"wp:term":[{"taxonomy":"product_brand","embeddable":true,"href":"https:\/\/kingarms.ee\/lv\/wp-json\/wp\/v2\/product_brand?post=149569"},{"taxonomy":"product_cat","embeddable":true,"href":"https:\/\/kingarms.ee\/lv\/wp-json\/wp\/v2\/product_cat?post=149569"},{"taxonomy":"product_tag","embeddable":true,"href":"https:\/\/kingarms.ee\/lv\/wp-json\/wp\/v2\/product_tag?post=149569"}],"curies":[{"name":"wp","href":"https:\/\/api.w.org\/{rel}","templated":true}]}}