{"id":149589,"date":"2025-05-19T17:48:29","date_gmt":"2025-05-19T14:48:29","guid":{"rendered":"https:\/\/kingarms.ee\/product\/vorkkiik-tigerwood-dragonfly-v1-oranz\/"},"modified":"2025-08-02T19:24:38","modified_gmt":"2025-08-02T16:24:38","slug":"vorkkiik-tigerwood-dragonfly-v1-oranz","status":"publish","type":"product","link":"https:\/\/kingarms.ee\/lv\/product\/vorkkiik-tigerwood-dragonfly-v1-oranz\/","title":{"rendered":"\u0160\u016bpu\u013ct\u012bkls TigerWood Dragonfly v1 Orange"},"content":{"rendered":"<p>V\u00f5rkkiik TigerWood Dragonfly v1 oran\u017e<\/p>\n<p>Kui teile meeldib p\u00f5llul \u00f6\u00f6bimine, kuid telk ei vasta t\u00e4pselt teie mugavuse ootustele Tigerwoodi telkimisvarustus tuleb appi. Kerge ja taskukohane Turismiv\u00f5rk Dragonfly V1 on suurep\u00e4rane valik igale v\u00e4lihuvilisele. T\u00e4nu nailonkanga kasutamisele on mudel v\u00f5imeline \u00fchendama k\u00f5rge tugevuse-kuni 230 kg koormust-v\u00e4ikese kaalu ja suurep\u00e4rase pakendamisv\u00f5imega. Laiendatud versioon, mis tagab mugavuse pikkadele inimestele.<\/p>\n<p>Tigerwood Travel v\u00f5rkkiik Dragonfly V1-funktsioonid<br \/>\nMadal kaal ja maht tagavad transportimisel suure mugavuse.<br \/>\nKomplekt sisaldab paigalduskaableid, mis v\u00f5imaldavad v\u00f5rkkiiget riputada.<br \/>\nV\u00e4ga k\u00f5rge kandev\u00f5ime ja v\u00f5rkkiige kaalu suhe, mis tagab ohutuse.<br \/>\nMugav tasku, kuhu saame peita asjad, mida taskusse kanname.<br \/>\nTouring v\u00f5rkkiik TigerWood Dragonfly V1-vastupidav ja t\u00f5estatud<br \/>\n\u00dcksk\u00f5ik, kas olete energiatarbija v\u00f5i on see teie esimene v\u00f5rkkiik, hindate suurep\u00e4rast hinna ja kvaliteedi suhet, mida V1 Dragonfly endaga kaasa toob. Siinne konkurentsiv\u00f5imeline hind on \u00fchendatud hea detaili ja lihtsa, usaldusv\u00e4\u00e4rse konstruktsiooniga. Samuti v\u00e4\u00e4rib m\u00e4rkimist, et TigerWood on Poola sugupuuga kaubam\u00e4rk-nii et kui eelistame kodumaiste ettev\u00f5tete tooteid, meeldib Dragonfly Mudel meile kindlasti.<\/p>\n<p>Kerge v\u00f5rkkiik TigerWood Dragonfly V1-k\u00f5rge mugavus koos v\u00e4ikese kaaluga<br \/>\nTigerwoodi v\u00f5rkkiik Dragonfly V1 on valmistatud nailonkangast, mis \u00fchendab k\u00f5ik omadused, mida me p\u00f5llul \u00f6\u00f6bides ootame. Materjalil on k\u00f5rge t\u00f5mbetugevus, mis talub probleemideta kuni 230 kg kaalu.seda iseloomustab madal kaal ja hea hingavus, mis muudab selle mugavaks nii transportimisel kui ka kasutamisel. V\u00f5rkkiigi k\u00fcljel asuv tasku v\u00f5imaldab hoida peamisi aksessuaare k\u00e4ep\u00e4rast.<\/p>\n","protected":false},"excerpt":{"rendered":"<p>\u0160\u016bpu\u013ct\u012bkls TigerWood Dragonfly v1 Orange<\/p>\n<p>\u0160\u016bpu\u013ct\u012bkls TigerWood Dragonfly v1 orange ja jums pat\u012bk pavad\u012bt nakti lauk\u0101, bet telts prec\u012bzi neatbilst j\u016bsu komforta cer\u012bb\u0101m Tigerwood kempinga apr\u012bkojums non\u0101k gl\u0101b\u0161an\u0101. Vieglais un pieejamais t\u016brisma t\u012bkls Dragonfly V1 ir lieliska izv\u0113le jebkuram \u0101ra entuziastam. Pateicoties neilona auduma izmanto\u0161anai, modelis sp\u0113j apvienot augstu iztur\u012bbu-l\u012bdz 230 kg slodzes-ar mazu svaru un lielisku iepakojuma sp\u0113ju. Papla\u0161in\u0101ta versija, kas nodro\u0161ina komfortu gariem cilv\u0113kiem.<\/p>\n<p>Tigerwood Travel hammock Dragonfly V1-funkcijas<br \/>\nMazs svars un tilpums nodro\u0161ina augstu komfortu transport\u0113\u0161anas laik\u0101.<br \/>\nKomplekt\u0101 ietilpst mont\u0101\u017eas Kabe\u013ci, kas \u013cauj pak\u0101rt \u0161\u016bpu\u013ct\u012bklu.<br \/>\n\u013boti liela kravnes\u012bba \u0161\u016bpu\u013ct\u012bkls svara attiec\u012bba, kas nodro\u0161ina dro\u0161\u012bbu.<br \/>\n\u0112rta kabata, kur\u0101 m\u0113s varam pasl\u0113pt lietas, kuras n\u0113s\u0101jam kabat\u0101s.<br \/>\nTouring \u0161\u016bpu\u013ct\u012bkls TigerWood Dragonfly V1-iztur\u012bgs un p\u0101rbaud\u012bts<br \/>\nNeatkar\u012bgi no t\u0101, vai esat ener\u0123ijas pat\u0113r\u0113t\u0101js vai tas ir j\u016bsu pirmais \u0161\u016bpu\u013ct\u012bkls, j\u016bs nov\u0113rt\u0113siet lielisko naudas v\u0113rt\u012bbu, ko V1 Sp\u0101re nes sev l\u012bdzi. Konkur\u0113tsp\u0113j\u012bg\u0101 cena \u0161eit ir apvienota ar labu deta\u013cu un vienk\u0101r\u0161u, uzticamu konstrukciju. Ir ar\u012b v\u0113rts atz\u012bm\u0113t, ka TigerWood ir z\u012bmols ar po\u013cu ciltsrakstu-t\u0101d\u0113\u013c, ja m\u0113s dodam priek\u0161roku viet\u0113jo uz\u0146\u0113mumu produktiem, mums noteikti patiks Dragonfly modelis.<\/p>\n<p>Viegls \u0161\u016bpu\u013ct\u012bkls TigerWood Dragonfly V1-augsts komforts apvienojum\u0101 ar mazu svaru<br \/>\nTigerwood hammock Dragonfly V1 ir izgatavots no neilona auduma, kas apvieno visas funkcijas, kuras m\u0113s sagaid\u0101m, kad paliekam lauk\u0101. Materi\u0101lam ir augsta stiepes iztur\u012bba, kas var iztur\u0113t svaru l\u012bdz 230 kg bez jebk\u0101d\u0101m probl\u0113m\u0101m. problems.it to raksturo mazs svars un laba elpojam\u012bba, kas padara to \u0113rtu gan transport\u0113\u0161anas laik\u0101, gan lieto\u0161an\u0101. Kabata \u0161\u016bpu\u013ct\u012bkla pus\u0113 \u013cauj jums saglab\u0101t galvenos piederumus paroc\u012bgiem.<\/p>\n","protected":false},"featured_media":149361,"template":"","meta":{"_acf_changed":false},"product_brand":[],"product_cat":[1119],"product_tag":[],"class_list":{"0":"post-149589","1":"product","2":"type-product","3":"status-publish","4":"has-post-thumbnail","6":"product_cat-celojumu-preces","8":"first","9":"instock","10":"purchasable","11":"product-type-simple"},"acf":[],"_links":{"self":[{"href":"https:\/\/kingarms.ee\/lv\/wp-json\/wp\/v2\/product\/149589","targetHints":{"allow":["GET"]}}],"collection":[{"href":"https:\/\/kingarms.ee\/lv\/wp-json\/wp\/v2\/product"}],"about":[{"href":"https:\/\/kingarms.ee\/lv\/wp-json\/wp\/v2\/types\/product"}],"wp:featuredmedia":[{"embeddable":true,"href":"https:\/\/kingarms.ee\/lv\/wp-json\/wp\/v2\/media\/149361"}],"wp:attachment":[{"href":"https:\/\/kingarms.ee\/lv\/wp-json\/wp\/v2\/media?parent=149589"}],"wp:term":[{"taxonomy":"product_brand","embeddable":true,"href":"https:\/\/kingarms.ee\/lv\/wp-json\/wp\/v2\/product_brand?post=149589"},{"taxonomy":"product_cat","embeddable":true,"href":"https:\/\/kingarms.ee\/lv\/wp-json\/wp\/v2\/product_cat?post=149589"},{"taxonomy":"product_tag","embeddable":true,"href":"https:\/\/kingarms.ee\/lv\/wp-json\/wp\/v2\/product_tag?post=149589"}],"curies":[{"name":"wp","href":"https:\/\/api.w.org\/{rel}","templated":true}]}}