{"id":149594,"date":"2025-05-19T17:48:29","date_gmt":"2025-05-19T14:48:29","guid":{"rendered":"https:\/\/kingarms.ee\/product\/klassikaline-vibu-nxg-rb-first-shot-set1-10-naela-nooruslik-punane\/"},"modified":"2025-08-02T19:24:47","modified_gmt":"2025-08-02T16:24:47","slug":"klassikaline-vibu-nxg-rb-first-shot-set1-10-naela-nooruslik-punane","status":"publish","type":"product","link":"https:\/\/kingarms.ee\/lv\/product\/klassikaline-vibu-nxg-rb-first-shot-set1-10-naela-nooruslik-punane\/","title":{"rendered":"Klasiskais priek\u0161gala NXG RB pirmais \u0161uladviens Set1 10 m\u0101strciermas jaunekluggs, sark\u0101ns"},"content":{"rendered":"<p>Klassikaline vibu NXG RB First Shot Set1 10 naela nooruslik, punane<\/p>\n<p>Umarex NXG RB Youth First shot rekursiivne vibu sisaldab k\u00f5ike, mida noorimad vibulaskmise vilunud vajavad selle hobi \u00f5ppimiseks. Kaare kujundus viidi l\u00e4bi v\u00f5imalikult lihtsal viisil, et luua \u00f5iged harjumused ilma h\u00e4irivate detailideta. Madal t\u00f5mbej\u00f5ud v\u00f5imaldab vibu h\u00f5lpsalt k\u00e4sitseda ka k\u00f5ige noorematel harrastajatel ning s\u00fcmmeetriline disain v\u00f5imaldab seda kasutada nii parem-kui vasakuk\u00e4elistel.<\/p>\n<p>Rekursiivne vibu Umarex NXG RB First Shot Set 1:<br \/>\n\u00c4\u00e4rmiselt madal kaal ja madal pinge (10 naela), kohandatud v\u00e4ikestele<br \/>\nErgonoomiline haare usaldusv\u00e4\u00e4rse ja mugava v\u00f6\u00f6ri hoidmiseks<br \/>\nKerge lagunemise v\u00f5imalus, mis h\u00f5lbustab oluliselt transportimist ja ladustamist<br \/>\nPinge Pikkus: 22&#8243;<br \/>\nKerge ABS Maidan, mis tagab parempoolse ja vasakpoolse juhtimise<br \/>\nKomplekt sisaldab t\u00e4ielikku komplekti treeningtarvikuid<br \/>\nMeelelahutuslik rekursiivne vibu Umarex NXG RB First Shot Set 1-t\u00e4ielik komplekt treeningu alustamiseks kohe karbist v\u00e4lja<\/p>\n<p>NXG RB First Shot rekursiivne vibu paistab silma ennek\u00f5ike lihtsuse poolest-selle eesm\u00e4rk on tutvustada vibulaskmise algajale harrastajale selle t\u00f6\u00f6riista \u00f5iget kasutamist. Madal t\u00f5mbej\u00f5ud v\u00f5imaldab mudelil h\u00f5lpsasti hakkama saada ka k\u00f5ige noorema vibulaskjaga ning komplekti kuuluvad kaks noolt, v\u00e4rin, k\u00e4eraud ja kilp v\u00f5imaldavad teil kohe p\u00e4rast lahtipakkimist treenima hakata. Mugav haare, madal t\u00f5mbej\u00f5ud ja s\u00fcmmeetriline kahe k\u00e4ega disain muudavad laskmise puhtaks naudinguks. Selles mudelis on pinge Pikkus 22&#8243;.<\/p>\n","protected":false},"excerpt":{"rendered":"<p>Klasiskais priek\u0161gala NXG RB pirmais \u0161uladviens Set1 10 m\u0101strciermas jaunekluggs, sark\u0101ns<\/p>\n<p>Classic bow nxg RB first Shot Set1 10 M\u0101rti\u0146a jaun\u012bba, Red Umarex NXG RB jaunie\u0161u first shot rekurs\u012bvs bow ir viss jaunais loks \u0161au\u0161an\u0101 lietprat\u012bgs nepieciesams, lai uzzinu \u0161o hobija. Arkana dizaina politika veik p\u0113 iesp\u0113jas vienk\u0101r veid\u0101\u0101, lai rad\u012btu pareizos ieradumus, netrauc\u0113 deta\u013cas. Zeme in vilk\u0161anassp\u0113ka \u013cauj loku viegli apstr\u0101d\u0101t pat jaun\u0101kajiem hobijiem, un simetriskais dizains \u013cauj l\u012bdz izmantot gan lab\u0101s, gan kreis\u0101s puses.<\/p>\n<p>Rekursaugvs priekshgala Umarex NXG RB pirmsmount shulgviena komplekti 1:<br \/>\nSvars UN zemspriegums( 10 mafrcialmas), pielaiggots maziem<br \/>\nErgonomisks rokturis, lai noturalikktu uzticamu unamarrtu loku<br \/>\nNeliela degradatcijas iespoatja, do ievatrojami atvieglo transportatashchanu un uzlabascanshanu<br \/>\nSpraiguma Garums22&#8243;<br \/>\nViegls ABS Maidan Labs un kreisaults puseskontrolei<br \/>\nKomplekts-ietilpst pilns vingroshanas piederumu komplekts<br \/>\nPirmais komplekts 1-Pilni komplekts, lai s\u0101ktu tren\u0113ties, ka nav laist\u012b\u0161anas<\/p>\n<p>NXG RB pirmapstr\u0101de rekurs\u012bvs pretreakcija, pirmapstr\u0101de, izie\u0161ana ar vienk\u0101r\u0161\u012bbu-t\u0101 m\u0113rka\u0137is ir ieciet\u012bgs ies\u0101kumu Str\u0113lnieku ar pareizi \u0161\u012b izmanto\u0161u. Zema in vilk\u0161anassp\u0113ks Modelis vair\u0101k viegli tikt gal\u0101 pat ar jauno str\u0113lnieku, un Komplekt\u0101 ietilpst divas bulti\u0146as, drebulis, roku dzelzi un vairogs, vai lauj s\u0101k tren\u0113jas t\u016bl\u012bt p\u0113 izpako\u0161anas. Zemsvilkshanas spalgks un simetrisks divu roku dizains padara chaushanu par taastru prieku. Shajumber modelage sprieguma garums IR 22&#8243;.<\/p>\n","protected":false},"featured_media":149367,"template":"","meta":{"_acf_changed":false},"product_brand":[],"product_cat":[990],"product_tag":[],"class_list":{"0":"post-149594","1":"product","2":"type-product","3":"status-publish","4":"has-post-thumbnail","6":"product_cat-naudotu-produktu","8":"first","9":"instock","10":"purchasable","11":"product-type-simple"},"acf":[],"_links":{"self":[{"href":"https:\/\/kingarms.ee\/lv\/wp-json\/wp\/v2\/product\/149594","targetHints":{"allow":["GET"]}}],"collection":[{"href":"https:\/\/kingarms.ee\/lv\/wp-json\/wp\/v2\/product"}],"about":[{"href":"https:\/\/kingarms.ee\/lv\/wp-json\/wp\/v2\/types\/product"}],"wp:featuredmedia":[{"embeddable":true,"href":"https:\/\/kingarms.ee\/lv\/wp-json\/wp\/v2\/media\/149367"}],"wp:attachment":[{"href":"https:\/\/kingarms.ee\/lv\/wp-json\/wp\/v2\/media?parent=149594"}],"wp:term":[{"taxonomy":"product_brand","embeddable":true,"href":"https:\/\/kingarms.ee\/lv\/wp-json\/wp\/v2\/product_brand?post=149594"},{"taxonomy":"product_cat","embeddable":true,"href":"https:\/\/kingarms.ee\/lv\/wp-json\/wp\/v2\/product_cat?post=149594"},{"taxonomy":"product_tag","embeddable":true,"href":"https:\/\/kingarms.ee\/lv\/wp-json\/wp\/v2\/product_tag?post=149594"}],"curies":[{"name":"wp","href":"https:\/\/api.w.org\/{rel}","templated":true}]}}