{"id":149604,"date":"2025-05-19T17:48:29","date_gmt":"2025-05-19T14:48:29","guid":{"rendered":"https:\/\/kingarms.ee\/product\/ohupustol-umarex-xbg-45-mm-bb-co2\/"},"modified":"2025-08-02T19:25:14","modified_gmt":"2025-08-02T16:25:14","slug":"ohupustol-umarex-xbg-45-mm-bb-co2","status":"publish","type":"product","link":"https:\/\/kingarms.ee\/lv\/product\/ohupustol-umarex-xbg-45-mm-bb-co2\/","title":{"rendered":"Gaisa pistole Umarex XBG 4.5 mm BB CO2"},"content":{"rendered":"<p>\u00d5hup\u00fcstol Umarex XBG 4,5 mm BB CO2<\/p>\n<p>Umarex XBG 4,5 mm BB on l\u00fchike gaasimootoriga \u00f5hup\u00fcstol, mis on valmistatud CO2 kapslitest ja pol\u00fcmeerkonstruktsioonist. Mudel kuulub oma v\u00e4limuse poolest Springfield XD kaubam\u00e4rgi populaarsetesse kujundustesse ning seda eristab osade hea sobivus ja viimistlus, samuti kerge kaal, mis on seotud plastkonstruktsiooniga. Vooder on varustatud libisemisvastase tekstureerimisega. Gofreeritud p\u00fcstoli lukk taga ja ees. Laeva all on 22 mm universaalne abir\u00f6\u00f6p.Pneumaatiline vintp\u00fcss on m\u00f5eldud peamiselt pneumaatilise tulistamise algajatele.<\/p>\n<p>Umarex xbg 4,5 mm \u00f5hup\u00fcstoli omadused:<br \/>\nOdav mudel, mis on m\u00f5eldud meelelahutuslikuks laskmiseks.<br \/>\nKerge pol\u00fcmeerne disain, Mugav noortele ja naistele.<br \/>\nKompaktne struktuur ja taskukohane hind<br \/>\nPicatinny lisaseadmete, n\u00e4iteks taskulampide v\u00f5i laserite kinnitamiseks.<br \/>\nToiteallikas: 12 g CO2 kapsel, mis on asetatud pens\u00fcstelisse.<br \/>\nUmbes 80 lasku \u00fchest CO2 kapslist kiirusega 125 m \/ s.<br \/>\nK\u00e4ivitusmehhanism DAO (Double Action Only) re\u017eiimis.<br \/>\nMetallist ajakiri 19 BB 4,5 mm teraskuulile.<br \/>\nParempoolne reguleeritav turvas\u00fcsteem, mis blokeerib p\u00e4\u00e4stiku.<br \/>\nFikseeritud mehaanilised sihikud.<br \/>\nSihtimisseadmed ja abir\u00f6\u00f6p<br \/>\nP\u00fcstoli karkassil on 22 mm Picatinny plank, mis v\u00f5imaldab paigaldada t\u00e4iendavaid tulistamisvahendeid, n\u00e4iteks lasermarkerit, taskulampi v\u00f5i Mantis-t\u00fc\u00fcpi treenerit. Sihtseadmete hulka kuuluvad fikseeritud Musk ja valge sihtseadmega \u0160erbinka.<\/p>\n<p>Pneumaatilise p\u00fcstoli toitmine<br \/>\n\u00d5hup\u00fcstolit toidab 12 g CO2 kapsel, mis on paigaldatud k\u00e4epideme alla k\u00e4epideme alla. \u00dcks kaubam\u00e4rgiga kapsel v\u00f5imaldab teil teha umbes 80 lasku sama kiirusega umbes 125 m \/ s.laskude arvu m\u00f5jutavad k\u00f5ige rohkem \u00f5hutemperatuur ja kiirus, millega me tulistame.<\/p>\n<p>Pood sf\u00e4\u00e4rilise murdosa jaoks<br \/>\nUmarex XBG on varustatud kitsast metallist kauplusega, mille maht on 19 sf\u00e4\u00e4rilist 4,5 mm kaliibrit.maandumist h\u00f5lbustab spetsiaalne hammas, mis v\u00f5imaldab seda alla t\u00f5mmata. V\u00e4\u00e4rib m\u00e4rkimist, et pallil\u00f6\u00f6k, erinevalt Diabolo l\u00f6\u00f6gist, ei deformeeru kergesti isegi r\u00f5hu all. Seet\u00f5ttu saab seda ohutult laadida suure mahutavusega kauplustesse.<\/p>\n<p>K\u00e4ivitusmehhanism<br \/>\n\u00d5hup\u00fcstol kasutab Dao (ainult kahetoimelist) p\u00e4\u00e4stikut, mis v\u00f5imaldab tulistamist ainult iset\u00f5mmatava abil. Selle lahenduse eeliseks on ennek\u00f5ike lihtne ja instinktiivne juhtimine, mille tulemuseks on Umarex xbg 4,5 mm \u00f5hup\u00fcstol, mis sobib suurep\u00e4raselt neile, kes alustavad oma \u00f5hup\u00fcstoli seiklust.<\/p>\n","protected":false},"excerpt":{"rendered":"<p>Gaisa pistole Umarex XBG 4.5 mm BB CO2<\/p>\n<p>Gaisa pistole Umarex XBG 4,5 mm BB CO2 Umarex XBG 4,5 mm BB ir \u012bss ar g\u0101zi darbin\u0101ms gaisa lielgabals, kas izgatavots no CO2 kapsul\u0101m un polim\u0113ru konstrukcijas. P\u0113c izskata modelis pieder pie Springfield XD z\u012bmola popul\u0101rajiem dizainiem, un to izce\u013cas ar labu deta\u013cu piem\u0113rot\u012bbu un apdari, k\u0101 ar\u012b nelielu svaru, kas saist\u012bts ar plastmasas konstrukciju. Odere ir apr\u012bkota ar pretsl\u012bdes tekstur\u0113\u0161anu. Gofr\u0113ta pistoles sl\u0113dzene aizmugur\u0113 un priek\u0161\u0101. Zem ku\u0123a ir 22 mm univers\u0101la papildu sliede.Pneimatisk\u0101 \u0161autene ir paredz\u0113ta galvenok\u0101rt ies\u0101c\u0113jiem pneimatiskaj\u0101 \u0161au\u0161an\u0101.<\/p>\n<p>Umarex xbg 4,5 mm gaisa pistoles funkcijas:<br \/>\nL\u0113ts modelis, kas paredz\u0113ts izklaid\u0113jo\u0161ai fotograf\u0113\u0161anai.<br \/>\nViegls polim\u0113ru dizains, \u0113rts jaunie\u0161iem un sieviet\u0113m.<br \/>\nKompakta strukt\u016bra un pie\u0146emama cena<br \/>\nPicatinny piederumu, piem\u0113ram, luktur\u012b\u0161u vai l\u0101zeru, piestiprin\u0101\u0161anai.<br \/>\nBaro\u0161anas avots: 12 g CO2 kapsulas, kas ievietotas pildspalvveida piln\u0161\u013circ\u0113.<br \/>\nAptuveni 80 kadri no vienas CO2 kapsulas ar \u0101trumu 125 m \/ s.<br \/>\nSpr\u016bda meh\u0101nisms DAO (tikai divk\u0101r\u0161\u0101s darb\u012bbas) re\u017e\u012bm\u0101.<br \/>\nMet\u0101la \u017durn\u0101ls 19 BB 4,5 mm t\u0113rauda lod\u012btei.<br \/>\nLab\u0101s puses regul\u0113jama dro\u0161\u012bbas sist\u0113ma, kas blo\u0137\u0113 spr\u016bdu.<br \/>\nFiks\u0113tie meh\u0101niskie t\u0113m\u0113k\u013ci.<br \/>\nM\u0113r\u0137a ier\u012bces un papildu sliedes<br \/>\nPistoles r\u0101mim ir 22 mm Picatinny d\u0113lis, kas \u013cauj uzst\u0101d\u012bt papildu \u0161au\u0161anas instrumentus, piem\u0113ram, l\u0101zera mar\u0137ieri, luktur\u012bti vai mantis tipa treneri. M\u0113r\u0137a ier\u012bc\u0113s ietilpst fiks\u0113ts muskuss un \u0160erbinka ar baltu m\u0113r\u0137a ier\u012bci.<\/p>\n<p>Pneimatisk\u0101 pistoles baro\u0161ana<br \/>\nGaisa pistoli darbina 12 g CO2 kapsula, kas ir uzst\u0101d\u012bta zem roktura zem roktura. Viena firmas kapsula \u013cauj veikt apm\u0113ram 80 kadrus ar t\u0101du pa\u0161u \u0101trumu aptuveni 125 m \/ s.kadru skaitu visvair\u0101k ietekm\u0113 gaisa temperat\u016bra un \u0101trums, k\u0101d\u0101 m\u0113s \u0161aujam.<\/p>\n<p>Veikals sf\u0113riskai frakcijai<br \/>\nUmarex XBG ir apr\u012bkots ar \u0161auru met\u0101la veikalu ar ietilp\u012bbu 19 sf\u0113risku 4,5 mm kalibru.izkrau\u0161anu veicina \u012bpa\u0161s zobs, kas \u013cauj to izvilkt. Ir v\u0113rts atz\u012bm\u0113t, ka bumbas sitiens, at\u0161\u0137ir\u012bb\u0101 no Diabolo sitiena, viegli nedeform\u0113jas pat zem spiediena. T\u0101p\u0113c to var dro\u0161i iel\u0101d\u0113t lieljaudas veikalos.<\/p>\n<p>Spr\u016bda meh\u0101nisms<br \/>\nGaisa pistole izmanto Dao (tikai divk\u0101r\u0161\u0101s darb\u012bbas) spr\u016bdu, kas \u013cauj \u0161aut tikai ar pa\u0161v\u012bt\u0146ojo\u0161u. \u0160\u012b risin\u0101juma priek\u0161roc\u012bba galvenok\u0101rt ir vienk\u0101r\u0161\u0101 un instinkt\u012bv\u0101 kontrole, kuras rezult\u0101t\u0101 tiek ieg\u016bts Umarex xbg 4,5 mm gaisa lielgabals, kas ir lieliski piem\u0113rots tiem, kas s\u0101k savu gaisa pistoles piedz\u012bvojumu.<\/p>\n","protected":false},"featured_media":149499,"template":"","meta":{"_acf_changed":false},"product_brand":[],"product_cat":[1005],"product_tag":[],"class_list":{"0":"post-149604","1":"product","2":"type-product","3":"status-publish","4":"has-post-thumbnail","6":"product_cat-rokas-pistoles-lv","8":"first","9":"instock","10":"purchasable","11":"product-type-simple"},"acf":[],"_links":{"self":[{"href":"https:\/\/kingarms.ee\/lv\/wp-json\/wp\/v2\/product\/149604","targetHints":{"allow":["GET"]}}],"collection":[{"href":"https:\/\/kingarms.ee\/lv\/wp-json\/wp\/v2\/product"}],"about":[{"href":"https:\/\/kingarms.ee\/lv\/wp-json\/wp\/v2\/types\/product"}],"wp:featuredmedia":[{"embeddable":true,"href":"https:\/\/kingarms.ee\/lv\/wp-json\/wp\/v2\/media\/149499"}],"wp:attachment":[{"href":"https:\/\/kingarms.ee\/lv\/wp-json\/wp\/v2\/media?parent=149604"}],"wp:term":[{"taxonomy":"product_brand","embeddable":true,"href":"https:\/\/kingarms.ee\/lv\/wp-json\/wp\/v2\/product_brand?post=149604"},{"taxonomy":"product_cat","embeddable":true,"href":"https:\/\/kingarms.ee\/lv\/wp-json\/wp\/v2\/product_cat?post=149604"},{"taxonomy":"product_tag","embeddable":true,"href":"https:\/\/kingarms.ee\/lv\/wp-json\/wp\/v2\/product_tag?post=149604"}],"curies":[{"name":"wp","href":"https:\/\/api.w.org\/{rel}","templated":true}]}}