{"id":149619,"date":"2025-05-19T17:48:29","date_gmt":"2025-05-19T14:48:29","guid":{"rendered":"https:\/\/kingarms.ee\/product\/texari-ellujaamise-komplekt\/"},"modified":"2025-08-02T19:25:52","modified_gmt":"2025-08-02T16:25:52","slug":"texari-ellujaamise-komplekt","status":"publish","type":"product","link":"https:\/\/kingarms.ee\/lv\/product\/texari-ellujaamise-komplekt\/","title":{"rendered":"Texar izdz\u012bvo\u0161anas komplekts"},"content":{"rendered":"<p>Texari elluj\u00e4\u00e4mise komplekt<\/p>\n<p>Texar survival Kit on t\u00f6\u00f6riistakomplekt, mis on pakitud vastupidavasse veekindlasse plastkarpi, mis on kasulik v\u00e4liolukordades. Ideaalne kandmiseks varustusena maastikuretkedel, elluj\u00e4\u00e4mise seljakotis v\u00f5i auto kindalaekas.<\/p>\n<p>Komplekti kuuluvad:<br \/>\nnupu kompass<br \/>\nn\u00f6\u00f6rsaag<br \/>\nh\u00f5\u00f5ruma<br \/>\ntampoon<br \/>\nkalap\u00fc\u00fcgikomplekt (konksud, uppujad, n\u00f6\u00f6pn\u00f5elad ja \u00f5ngen\u00f6\u00f6r)<br \/>\n\u00f5mbluskomplekt (n\u00f5el ja niit)<br \/>\ntraat<br \/>\nsignaalpeegel (heliograaf)<br \/>\nvile<br \/>\nk\u00fc\u00fcnal<br \/>\nlaba<br \/>\npliiats<br \/>\nelluj\u00e4\u00e4mise juhend (inglise keeles)<\/p>\n","protected":false},"excerpt":{"rendered":"<p>Texar izdz\u012bvo\u0161anas komplekts<\/p>\n<p>Texar survival kit Texar survival Kit ir Instrumentu komplekts, kas iepakots iztur\u012bg\u0101 \u016bdensnecaurlaid\u012bg\u0101 plastmasas kast\u0113, kas ir noder\u012bga \u0101ra situ\u0101cij\u0101s. Ide\u0101li valk\u0101t k\u0101 apr\u012bkojumu bezce\u013ca braucienos, izdz\u012bvo\u0161anas mugursom\u0101 vai automa\u0161\u012bnas cimdu nodal\u012bjum\u0101.<\/p>\n<p>Pievienots:<br \/>\npogas kompass<br \/>\nst\u012bgu z\u0101\u0123is<br \/>\nberz\u0113t<br \/>\ntampons<br \/>\nmak\u0161\u0137er\u0113\u0161anas komplekts (\u0101\u0137i, grim\u0113t\u0101ji, tapas un mak\u0161\u0137er\u0113\u0161anas aukla)<br \/>\n\u0161\u016b\u0161anas komplekts (adata un diegi)<br \/>\nvads<br \/>\nsign\u0101la spogulis (Heliogr\u0101fs)<br \/>\nsvilpe<br \/>\nsvece<br \/>\nasmens<br \/>\npildspalva<br \/>\nIzdz\u012bvo\u0161anas ce\u013cvedis (ang\u013cu valod\u0101)<\/p>\n","protected":false},"featured_media":149391,"template":"","meta":{"_acf_changed":false},"product_brand":[],"product_cat":[1119],"product_tag":[],"class_list":{"0":"post-149619","1":"product","2":"type-product","3":"status-publish","4":"has-post-thumbnail","6":"product_cat-celojumu-preces","8":"first","9":"instock","10":"purchasable","11":"product-type-simple"},"acf":[],"_links":{"self":[{"href":"https:\/\/kingarms.ee\/lv\/wp-json\/wp\/v2\/product\/149619","targetHints":{"allow":["GET"]}}],"collection":[{"href":"https:\/\/kingarms.ee\/lv\/wp-json\/wp\/v2\/product"}],"about":[{"href":"https:\/\/kingarms.ee\/lv\/wp-json\/wp\/v2\/types\/product"}],"wp:featuredmedia":[{"embeddable":true,"href":"https:\/\/kingarms.ee\/lv\/wp-json\/wp\/v2\/media\/149391"}],"wp:attachment":[{"href":"https:\/\/kingarms.ee\/lv\/wp-json\/wp\/v2\/media?parent=149619"}],"wp:term":[{"taxonomy":"product_brand","embeddable":true,"href":"https:\/\/kingarms.ee\/lv\/wp-json\/wp\/v2\/product_brand?post=149619"},{"taxonomy":"product_cat","embeddable":true,"href":"https:\/\/kingarms.ee\/lv\/wp-json\/wp\/v2\/product_cat?post=149619"},{"taxonomy":"product_tag","embeddable":true,"href":"https:\/\/kingarms.ee\/lv\/wp-json\/wp\/v2\/product_tag?post=149619"}],"curies":[{"name":"wp","href":"https:\/\/api.w.org\/{rel}","templated":true}]}}