{"id":149639,"date":"2025-05-19T17:48:29","date_gmt":"2025-05-19T14:48:29","guid":{"rendered":"https:\/\/kingarms.ee\/product\/spray-bros-lestade-riiete-jaoks-90-ml\/"},"modified":"2025-08-02T19:26:35","modified_gmt":"2025-08-02T16:26:35","slug":"spray-bros-lestade-riiete-jaoks-90-ml","status":"publish","type":"product","link":"https:\/\/kingarms.ee\/lv\/product\/spray-bros-lestade-riiete-jaoks-90-ml\/","title":{"rendered":"Spray Bros dr\u0113b\u0113m no \u0113rc\u0113m 90 ml"},"content":{"rendered":"<p>Spray Bros lestade riiete jaoks 90 ml<\/p>\n<p>90 ml Bros lestavastane r\u00f5ivasprei on t\u00f5rjuv ja insektitsiidne ravim, mis sisaldab kuni 4 toimeainet, mis r\u00f5ivastele kandes pakuvad t\u00f5husat kaitset lestade eest kuni 20 p\u00e4eva.<\/p>\n<p>Bros lestavastane r\u00f5ivasprei 90 ml Aitab putukatest riietest lahti saada<br \/>\nPuugivastane ravim Bros pakub palju paremat kaitset kui enamik turul saadaolevaid ravimeid, kuna sellel on kahekordne toime: t\u00f5rjevahend ja insektitsiid. Toode on ette n\u00e4htud kasutamiseks v\u00e4lir\u00f5ivastel, kingadel ja r\u00f5ivastel. Miks riietel? Sest puugid toome sageli koju oma riietele. \u00c4mblikulaadsed v\u00f5ivad isegi p\u00e4rast m\u00f5nep\u00e4evast kasvuperioodi kujutada ohtu meile ja pereliikmetele. Seet\u00f5ttu sisaldab ravim t\u00e4ieliku kaitse tagamiseks kuni 4 toimeainet, millel on t\u00f5rjuv ja insektitsiidne toime. V\u00e4\u00e4rib m\u00e4rkimist, et pihusti toimib kohe p\u00e4rast pealekandmist ja kaitseb riideid kuni 20 p\u00e4eva.<\/p>\n<p>Kellele on m\u00f5eldud puukide pihusti?<br \/>\n90 ml Bros s\u00e4\u00e4skede ja puukide kuivpihustit soovitatakse peamiselt inimestele, kellel v\u00f5ib olla suurem kokkupuude hammustavate putukatega, St metsat\u00f6\u00f6tajad, jahimehed, \u00f5ngitsejad, turistid, s\u00f5durid. Ohutu ja t\u00f5hus valem v\u00f5imaldab t\u00f6\u00f6riista kasutada k\u00f5igil t\u00e4iskasvanutel, kes veedavad aega v\u00e4rskes \u00f5hus putukate aktiivsuse perioodil.<\/p>\n","protected":false},"excerpt":{"rendered":"<p>Spray Bros dr\u0113b\u0113m no \u0113rc\u0113m 90 ml<\/p>\n<p>Spray Bros for mite clothing 90 ml 90 ml Bros anti-mite ap\u0123\u0113rbu aerosols ir atbaido\u0161s un insektic\u012bds l\u012bdzeklis, kas satur l\u012bdz 4 akt\u012bv\u0101m sast\u0101vda\u013c\u0101m, kuras, uzkl\u0101jot uz ap\u0123\u0113rba, nodro\u0161ina efekt\u012bvu aizsardz\u012bbu pret \u0113rc\u0113m l\u012bdz 20 dien\u0101m.<\/p>\n<p>Bros anti-mite ap\u0123\u0113rba aerosols 90 ml pal\u012bdz atbr\u012bvoties no kukai\u0146iem uz dr\u0113b\u0113m<br \/>\nAnti-tick narkotiku Bros pied\u0101v\u0101 daudz lab\u0101ku aizsardz\u012bbu nek\u0101 liel\u0101k\u0101 da\u013ca tirg\u016b pieejamo z\u0101\u013cu, jo tai ir dubults efekts: repelents un insektic\u012bds. Produkts ir paredz\u0113ts izmanto\u0161anai \u0101ra ap\u0123\u0113rb\u0101, apavos un ap\u0123\u0113rb\u0101. K\u0101p\u0113c uz dr\u0113b\u0113m? T\u0101 k\u0101 \u0113rces m\u0113s bie\u017ei atvedam m\u0101j\u0101s uz dr\u0113b\u0113m. Zirnek\u013cveid\u012bgie pat p\u0113c da\u017e\u0101m aug\u0161anas sezonas dien\u0101m var rad\u012bt draudus mums un \u0123imenes locek\u013ciem. T\u0101p\u0113c piln\u012bgai aizsardz\u012bbai z\u0101les satur l\u012bdz 4 akt\u012bv\u0101m viel\u0101m, kur\u0101m ir atbaido\u0161a un insektic\u012bda iedarb\u012bba. Ir v\u0113rts atz\u012bm\u0113t, ka aerosols darbojas t\u016bl\u012bt p\u0113c uzkl\u0101\u0161anas un aizsarg\u0101 dr\u0113bes l\u012bdz 20 dien\u0101m.<\/p>\n<p>Kam paredz\u0113ts \u0113r\u010du aerosols?<br \/>\n90 ml Bros sausais aerosols odiem un \u0113rc\u0113m ir ieteicams galvenok\u0101rt cilv\u0113kiem, kuriem, iesp\u0113jams, ir palielin\u0101ts kontakts ar kukai\u0146u kodumiem, t.I. me\u017ea darbinieki, mednieki, mak\u0161\u0137ernieki, t\u016bristi, karav\u012bri. Dro\u0161a un efekt\u012bva formula \u013cauj r\u012bku izmantot visiem pieaugu\u0161ajiem, kuri kukai\u0146u darb\u012bbas laik\u0101 pavada laiku svaig\u0101 gais\u0101.<\/p>\n","protected":false},"featured_media":149463,"template":"","meta":{"_acf_changed":false},"product_brand":[],"product_cat":[1119],"product_tag":[],"class_list":{"0":"post-149639","1":"product","2":"type-product","3":"status-publish","4":"has-post-thumbnail","6":"product_cat-celojumu-preces","8":"first","9":"instock","10":"purchasable","11":"product-type-simple"},"acf":[],"_links":{"self":[{"href":"https:\/\/kingarms.ee\/lv\/wp-json\/wp\/v2\/product\/149639","targetHints":{"allow":["GET"]}}],"collection":[{"href":"https:\/\/kingarms.ee\/lv\/wp-json\/wp\/v2\/product"}],"about":[{"href":"https:\/\/kingarms.ee\/lv\/wp-json\/wp\/v2\/types\/product"}],"wp:featuredmedia":[{"embeddable":true,"href":"https:\/\/kingarms.ee\/lv\/wp-json\/wp\/v2\/media\/149463"}],"wp:attachment":[{"href":"https:\/\/kingarms.ee\/lv\/wp-json\/wp\/v2\/media?parent=149639"}],"wp:term":[{"taxonomy":"product_brand","embeddable":true,"href":"https:\/\/kingarms.ee\/lv\/wp-json\/wp\/v2\/product_brand?post=149639"},{"taxonomy":"product_cat","embeddable":true,"href":"https:\/\/kingarms.ee\/lv\/wp-json\/wp\/v2\/product_cat?post=149639"},{"taxonomy":"product_tag","embeddable":true,"href":"https:\/\/kingarms.ee\/lv\/wp-json\/wp\/v2\/product_tag?post=149639"}],"curies":[{"name":"wp","href":"https:\/\/api.w.org\/{rel}","templated":true}]}}