{"id":149655,"date":"2025-05-19T17:48:29","date_gmt":"2025-05-19T14:48:29","guid":{"rendered":"https:\/\/kingarms.ee\/product\/turistide-duss-mfh-40l-must\/"},"modified":"2025-08-02T19:28:39","modified_gmt":"2025-08-02T16:28:39","slug":"turistide-duss-mfh-40l-must","status":"publish","type":"product","link":"https:\/\/kingarms.ee\/lv\/product\/turistide-duss-mfh-40l-must\/","title":{"rendered":"T\u016brisma du\u0161as DFS (40L) Melns"},"content":{"rendered":"<p>Turistide du\u0161\u0161 MFH (40L) Must<\/p>\n<p>MFH turismidu\u0161\u0161 (40 l) on t\u00f5estatud ja h\u00f5lpsasti kaasaskantav seade, mis v\u00f5imaldab s\u00e4ilitada h\u00fcgieeni ja mugavust v\u00e4litingimustes.<\/p>\n<p>P\u00e4ikesedu\u0161\u0161 on valmistatud v\u00e4ga vastupidavast, kergest ja samal ajal elastsest pvc-plastist, nii et kokkupanduna v\u00f5tab see v\u00e4he ruumi ja seda on lihtne transportida.<\/p>\n<p>Materjali must v\u00e4rv meelitab paremini p\u00e4ikesekiiri (ei peegelda neid), p\u00f5hjustades vee loomulikku kuumutamist isegi temperatuurini 50\u00b0C, mille tulemusel on meil v\u00f5imalus v\u00f5tta v\u00e4rskendav vann mugava temperatuuriga. 40 l mahutavus v\u00f5imaldab mitu l\u00fchikest du\u0161\u0161i 2-3 inimesele.<\/p>\n<p>Paindlik du\u0161ivoolik l\u00f5peb veevoolu reguleerimisega otsaga. Lai keeratav t\u00e4iteaine h\u00f5lbustab kiiret t\u00e4itmist. Konteineri riputamiseks kasutatakse 4 konksu ja konksuga nailonkaablit.<\/p>\n<p>MFH p\u00e4ikeseline turismidu\u0161\u0161 on iga matka ja telkimise lahutamatu osa.<\/p>\n","protected":false},"excerpt":{"rendered":"<p>T\u016brisma du\u0161as DFS (40L) Melns<\/p>\n<p>T\u016bristu du\u0161a MFH (40L) meln\u0101 MFH t\u016bristu du\u0161a (40L) ir p\u0101rbaud\u012bta un viegli p\u0101rn\u0113s\u0101jama ier\u012bce, kas \u013cauj uztur\u0113t higi\u0113nu un komfortu \u0101rpus telp\u0101m.<\/p>\n<p>Saules du\u0161a ir izgatavota no \u013coti iztur\u012bgas, vieglas un vienlaikus elast\u012bgas pvc plastmasas, t\u0101p\u0113c saloc\u012bt\u0101 veid\u0101 t\u0101 aiz\u0146em maz vietas un ir viegli transport\u0113jama.<\/p>\n<p>Materi\u0101la meln\u0101 kr\u0101sa lab\u0101k piesaista saules starus (tos neatspogu\u013co), izraisot dabisko \u016bdens sild\u012b\u0161anu pat l\u012bdz 50 C, k\u0101 rezult\u0101t\u0101 mums ir iesp\u0113ja veikt atsvaidzino\u0161u vannu \u0113rt\u0101 temperat\u016br\u0101. 40 l ietilp\u012bba \u013cauj vair\u0101kas \u012bsas du\u0161as 2-3 cilv\u0113kiem.<\/p>\n<p>Elast\u012bg\u0101 du\u0161as \u0161\u013c\u016btene beidzas ar galu \u016bdens pl\u016bsmas regul\u0113\u0161anai. Pla\u0161a skr\u016bvju pildviela atvieglo \u0101tru uzpild\u012b\u0161anu. Konteinera pakarin\u0101\u0161anai tiek izmantoti 4 neilona Kabe\u013ci ar \u0101\u0137iem un \u0101\u0137iem.<\/p>\n<p>Mfh saulain\u0101 t\u016bristu du\u0161a ir neat\u0146emama jebkura p\u0101rg\u0101jiena un kempinga sast\u0101vda\u013ca.<\/p>\n","protected":false},"featured_media":149427,"template":"","meta":{"_acf_changed":false},"product_brand":[],"product_cat":[1119],"product_tag":[],"class_list":{"0":"post-149655","1":"product","2":"type-product","3":"status-publish","4":"has-post-thumbnail","6":"product_cat-celojumu-preces","8":"first","9":"instock","10":"purchasable","11":"product-type-simple"},"acf":[],"_links":{"self":[{"href":"https:\/\/kingarms.ee\/lv\/wp-json\/wp\/v2\/product\/149655","targetHints":{"allow":["GET"]}}],"collection":[{"href":"https:\/\/kingarms.ee\/lv\/wp-json\/wp\/v2\/product"}],"about":[{"href":"https:\/\/kingarms.ee\/lv\/wp-json\/wp\/v2\/types\/product"}],"wp:featuredmedia":[{"embeddable":true,"href":"https:\/\/kingarms.ee\/lv\/wp-json\/wp\/v2\/media\/149427"}],"wp:attachment":[{"href":"https:\/\/kingarms.ee\/lv\/wp-json\/wp\/v2\/media?parent=149655"}],"wp:term":[{"taxonomy":"product_brand","embeddable":true,"href":"https:\/\/kingarms.ee\/lv\/wp-json\/wp\/v2\/product_brand?post=149655"},{"taxonomy":"product_cat","embeddable":true,"href":"https:\/\/kingarms.ee\/lv\/wp-json\/wp\/v2\/product_cat?post=149655"},{"taxonomy":"product_tag","embeddable":true,"href":"https:\/\/kingarms.ee\/lv\/wp-json\/wp\/v2\/product_tag?post=149655"}],"curies":[{"name":"wp","href":"https:\/\/api.w.org\/{rel}","templated":true}]}}