{"id":149660,"date":"2025-05-19T17:48:29","date_gmt":"2025-05-19T14:48:29","guid":{"rendered":"https:\/\/kingarms.ee\/product\/kaldsaag-mfh-7-cm\/"},"modified":"2025-08-03T14:48:52","modified_gmt":"2025-08-03T11:48:52","slug":"kaldsaag-mfh-7-cm","status":"publish","type":"product","link":"https:\/\/kingarms.ee\/lv\/product\/kaldsaag-mfh-7-cm\/","title":{"rendered":"Konusveida z\u0101\u0123is MFH (7 cm)"},"content":{"rendered":"<p>Kaldsaag MFH (7 cm)<\/p>\n<p>Raskeveokite kaablisaag l\u00f5ikab h\u00f5lpsalt puitu, metalli, plasti, luu ja j\u00e4\u00e4d. V\u00e4ike mugav seade, millel on lai rakendus. V\u00f5ite v\u00f5tta SAE erinevat t\u00fc\u00fcpi elluj\u00e4\u00e4misreisidele ja kasutada seda ka oma koduaia igap\u00e4evaste t\u00f6\u00f6de jaoks.<\/p>\n","protected":false},"excerpt":{"rendered":"<p>Konusveida z\u0101\u0123is MFH (7 cm)<\/p>\n<p>Bevel z\u0101\u0123is MFH (7 cm) lieljaudas kabe\u013cu z\u0101\u0123is viegli sagrie\u017e koka, met\u0101la, plastmasas, kaulu un ledus. Neliela \u0113rta ier\u012bce ar pla\u0161u pielietojumu. J\u016bs varat \u0146emt z\u0101\u0123i da\u017e\u0101da veida izdz\u012bvo\u0161anas braucienos un izmantot to ar\u012b ikdienas darbiem sav\u0101 pagalm\u0101.<\/p>\n","protected":false},"featured_media":149433,"template":"","meta":{"_acf_changed":false},"product_brand":[],"product_cat":[1119],"product_tag":[],"class_list":{"0":"post-149660","1":"product","2":"type-product","3":"status-publish","4":"has-post-thumbnail","6":"product_cat-celojumu-preces","8":"first","9":"instock","10":"purchasable","11":"product-type-simple"},"acf":[],"_links":{"self":[{"href":"https:\/\/kingarms.ee\/lv\/wp-json\/wp\/v2\/product\/149660","targetHints":{"allow":["GET"]}}],"collection":[{"href":"https:\/\/kingarms.ee\/lv\/wp-json\/wp\/v2\/product"}],"about":[{"href":"https:\/\/kingarms.ee\/lv\/wp-json\/wp\/v2\/types\/product"}],"wp:featuredmedia":[{"embeddable":true,"href":"https:\/\/kingarms.ee\/lv\/wp-json\/wp\/v2\/media\/149433"}],"wp:attachment":[{"href":"https:\/\/kingarms.ee\/lv\/wp-json\/wp\/v2\/media?parent=149660"}],"wp:term":[{"taxonomy":"product_brand","embeddable":true,"href":"https:\/\/kingarms.ee\/lv\/wp-json\/wp\/v2\/product_brand?post=149660"},{"taxonomy":"product_cat","embeddable":true,"href":"https:\/\/kingarms.ee\/lv\/wp-json\/wp\/v2\/product_cat?post=149660"},{"taxonomy":"product_tag","embeddable":true,"href":"https:\/\/kingarms.ee\/lv\/wp-json\/wp\/v2\/product_tag?post=149660"}],"curies":[{"name":"wp","href":"https:\/\/api.w.org\/{rel}","templated":true}]}}