{"id":149665,"date":"2025-05-19T17:48:29","date_gmt":"2025-05-19T14:48:29","guid":{"rendered":"https:\/\/kingarms.ee\/product\/bros-saask-pulgad-4-tk\/"},"modified":"2025-08-02T12:08:12","modified_gmt":"2025-08-02T09:08:12","slug":"bros-saask-pulgad-4-tk","status":"publish","type":"product","link":"https:\/\/kingarms.ee\/lv\/product\/bros-saask-pulgad-4-tk\/","title":{"rendered":"Bros mosk\u012btu n\u016bjas 4 gab"},"content":{"rendered":"<p>Bros s\u00e4\u00e4sk pulgad 4 tk S\u00e4\u00e4sepulgad Bros 4 tk. need on suitsut\u00f5rjevahendid, mis kaitsevad pikka aega s\u00e4\u00e4skede, k\u00e4\u00e4buste ja muude t\u00fc\u00fctute putukate eest. Pulgad kasutavad praletriini (35 mg \/ tk) &#8211; ainet, mis p\u00f5lemisel tekitab \u00f5rna suitsu, mis peletab kutsumata k\u00fclalised t\u00f5husalt eemale.Gorenje. m.in. s\u00e4\u00e4sed, k\u00e4\u00e4bused ja k\u00e4\u00e4bused. 4 s\u00fc\u00fcdatud s\u00f6\u00f6gipulga komplekt loob kuni 60 m2 suuruse kaitsekilbi, mis t\u00f6\u00f6tab kuni mitu tundi. Mosquito pulgad Bros &#8211; kuidas kasutada Pulga s\u00fc\u00fctamine peaks toimuma tulemasina v\u00f5i tikkudega. P\u00e4rast s\u00fc\u00fctamist puhuge leek v\u00e4lja ja j\u00e4tke h\u00f5\u00f5guv ots, mis tekitab suitsu. S\u00f6\u00f6gipulki tuleks kasutada ainult \u00f5ues, n\u00e4iteks terrassidel, aedades v\u00f5i r\u00f5dul.<\/p>\n","protected":false},"excerpt":{"rendered":"<p>Bros mosk\u012btu n\u016bjas 4 gab mosk\u012btu n\u016bjas Bros 4 gab. tie ir d\u016bmu repelenti, kas ilgu laiku aizsarg\u0101 pret odiem, midges un citiem kaitino\u0161iem kukai\u0146iem. Spie\u0137i izmanto praletr\u012bnu (35 mg \/ PC) &#8211; vielu, kas, sadedzinot, rada maigu d\u016bmu, kas efekt\u012bvi atbaida nel\u016bgtus viesus.Gorenje. m.in. odi, midges un midges. 4 aizdedzin\u0101tu irbul\u012b\u0161u komplekts rada aizsarg\u0101jo\u0161u vairogu l\u012bdz 60 m2, kas darbojas l\u012bdz pat vair\u0101k\u0101m stund\u0101m. Mosk\u012btu sticks Bros-k\u0101 izmantot apgaismojumu n\u016bju j\u0101dara ar \u0161\u0137iltavu vai s\u0113rkoci\u0146iem. P\u0113c aizdeg\u0161an\u0101s izp\u016btiet liesmu un atst\u0101jiet kv\u0113lojo\u0161u galu, kas rada d\u016bmus. Irbul\u012b\u0161us dr\u012bkst izmantot tikai \u0101rpus telp\u0101m, piem\u0113ram, uz teras\u0113m, d\u0101rziem vai balkoniem.<\/p>\n","protected":false},"featured_media":149445,"template":"","meta":{"_acf_changed":false},"product_brand":[],"product_cat":[1119],"product_tag":[],"class_list":{"0":"post-149665","1":"product","2":"type-product","3":"status-publish","4":"has-post-thumbnail","6":"product_cat-celojumu-preces","8":"first","9":"instock","10":"purchasable","11":"product-type-simple"},"acf":[],"_links":{"self":[{"href":"https:\/\/kingarms.ee\/lv\/wp-json\/wp\/v2\/product\/149665","targetHints":{"allow":["GET"]}}],"collection":[{"href":"https:\/\/kingarms.ee\/lv\/wp-json\/wp\/v2\/product"}],"about":[{"href":"https:\/\/kingarms.ee\/lv\/wp-json\/wp\/v2\/types\/product"}],"wp:featuredmedia":[{"embeddable":true,"href":"https:\/\/kingarms.ee\/lv\/wp-json\/wp\/v2\/media\/149445"}],"wp:attachment":[{"href":"https:\/\/kingarms.ee\/lv\/wp-json\/wp\/v2\/media?parent=149665"}],"wp:term":[{"taxonomy":"product_brand","embeddable":true,"href":"https:\/\/kingarms.ee\/lv\/wp-json\/wp\/v2\/product_brand?post=149665"},{"taxonomy":"product_cat","embeddable":true,"href":"https:\/\/kingarms.ee\/lv\/wp-json\/wp\/v2\/product_cat?post=149665"},{"taxonomy":"product_tag","embeddable":true,"href":"https:\/\/kingarms.ee\/lv\/wp-json\/wp\/v2\/product_tag?post=149665"}],"curies":[{"name":"wp","href":"https:\/\/api.w.org\/{rel}","templated":true}]}}