{"id":149670,"date":"2025-05-19T17:48:29","date_gmt":"2025-05-19T14:48:29","guid":{"rendered":"https:\/\/kingarms.ee\/product\/mil-tec-pass-oliiv\/"},"modified":"2025-08-02T19:32:50","modified_gmt":"2025-08-02T16:32:50","slug":"mil-tec-pass-oliiv","status":"publish","type":"product","link":"https:\/\/kingarms.ee\/lv\/product\/mil-tec-pass-oliiv\/","title":{"rendered":"Mil-TEC pass olive"},"content":{"rendered":"<p>Mil-tec pass oliiv<\/p>\n<p>Mil-Tec Olive Passport on vastupidav kott, mis sobib suurep\u00e4raselt reisirahakotiks v\u00f5i v\u00e4ikeste igap\u00e4evaste esemete korraldajaks m.in. dokumendid, kirjutusvahendid jne.<\/p>\n<p>Mil-tec pass-omadused<br \/>\nVastupidav ja veekindel-Valmistatud vastupidavast pol\u00fcestrist, kaitseb sisu niiskuse, tolmu ja mustuse eest.<br \/>\nUniversaalne rakendus-ideaalne dokumentide, kaartide, sularaha ja v\u00e4ikeste esemete jaoks.<br \/>\nPraktiline disain-Madala profiiliga, kokkupandav disain h\u00f5lpsaks juurdep\u00e4\u00e4suks.<br \/>\nMugav kandmine &#8211; v\u00f5imalus kinnitada kaelale, taskusse v\u00f5i v\u00f6\u00f6le (t\u00e4nu silmustele).<br \/>\nFunktsionaalne Korraldaja &#8211; kaks lukuga taskut ja sektsioonid paremaks korraldamiseks.<br \/>\nDiskreetne ja kerge-kompaktne, kuid mahukas.<br \/>\nIdeaalne reisimiseks ja igap\u00e4evaseks kasutamiseks.<br \/>\nMil-tec pass-vastupidav konstruktsioon<br \/>\nMil-Tec pass on valmistatud veekindlast pol\u00fcestrist, mis kaitseb kaasaskantavat sisu niiskuse, tolmu ja mustuse eest. Madala profiiliga disaini t\u00f5ttu saab kotikest diskreetselt kanda kaelas, taskus v\u00f5i kinnitada silmuste abil v\u00f6\u00f6 k\u00fclge.<\/p>\n<p>Passil on kokkupandav disain, mis v\u00f5imaldab mugavat juurdep\u00e4\u00e4su teisaldatavale sisule.<\/p>\n","protected":false},"excerpt":{"rendered":"<p>Mil-TEC pass olive<\/p>\n<p>Mil-tec passport olive mil-Tec Olive Passport ir iztur\u012bga soma, kas ir lieliski piem\u0113rota k\u0101 ce\u013cojuma naudas soma vai organizators maziem ikdienas priek\u0161metiem m.in.dokumenti, rakst\u012b\u0161anas instrumenti utt.<\/p>\n<p>Mil-tec pass-funkcijas<br \/>\nIztur\u012bgs un \u016bdensnecaurlaid\u012bgs-Izgatavots no iztur\u012bga poliestera, aizsarg\u0101 saturu no mitruma, putek\u013ciem un net\u012brumiem.<br \/>\nUnivers\u0101ls pielietojums-ide\u0101li piem\u0113rots dokumentiem, kart\u0113m, skaidrai naudai un maziem priek\u0161metiem.<br \/>\nPraktisks dizains-zems profils, salok\u0101ms dizains \u0113rtai piek\u013cuvei.<br \/>\n\u0112rta valk\u0101\u0161ana-sp\u0113ja piestiprin\u0101t pie kakla, Kabatas vai jostas (pateicoties cilp\u0101m).<br \/>\nFunkcion\u0101lais organizators &#8211; divas kabatas ar r\u0101v\u0113jsl\u0113dz\u0113ju un nodal\u012bjumi lab\u0101kai organiz\u0113\u0161anai.<br \/>\nDiskr\u0113ts un viegls-kompakts, bet ietilp\u012bgs.<br \/>\nIde\u0101li piem\u0113rots ce\u013cojumiem un ikdienas lieto\u0161anai.<br \/>\nMil-tec pass-iztur\u012bga konstrukcija<br \/>\nMil-TEC pass ir izgatavots no \u016bdensnecaurlaid\u012bga poliestera, kas aizsarg\u0101 p\u0101rn\u0113s\u0101jamo saturu no mitruma, putek\u013ciem un net\u012brumiem. Zema profila dizaina d\u0113\u013c paci\u0146u var diskr\u0113ti n\u0113s\u0101t ap kaklu, kabat\u0101 vai piestiprin\u0101t pie jostas, izmantojot cilpas.<\/p>\n<p>Pasei ir salok\u0101ms dizains, kas \u013cauj \u0113rti piek\u013c\u016bt p\u0101rvietojamam saturam.<\/p>\n","protected":false},"featured_media":149451,"template":"","meta":{"_acf_changed":false},"product_brand":[],"product_cat":[1119],"product_tag":[],"class_list":{"0":"post-149670","1":"product","2":"type-product","3":"status-publish","4":"has-post-thumbnail","6":"product_cat-celojumu-preces","8":"first","9":"instock","10":"purchasable","11":"product-type-simple"},"acf":[],"_links":{"self":[{"href":"https:\/\/kingarms.ee\/lv\/wp-json\/wp\/v2\/product\/149670","targetHints":{"allow":["GET"]}}],"collection":[{"href":"https:\/\/kingarms.ee\/lv\/wp-json\/wp\/v2\/product"}],"about":[{"href":"https:\/\/kingarms.ee\/lv\/wp-json\/wp\/v2\/types\/product"}],"wp:featuredmedia":[{"embeddable":true,"href":"https:\/\/kingarms.ee\/lv\/wp-json\/wp\/v2\/media\/149451"}],"wp:attachment":[{"href":"https:\/\/kingarms.ee\/lv\/wp-json\/wp\/v2\/media?parent=149670"}],"wp:term":[{"taxonomy":"product_brand","embeddable":true,"href":"https:\/\/kingarms.ee\/lv\/wp-json\/wp\/v2\/product_brand?post=149670"},{"taxonomy":"product_cat","embeddable":true,"href":"https:\/\/kingarms.ee\/lv\/wp-json\/wp\/v2\/product_cat?post=149670"},{"taxonomy":"product_tag","embeddable":true,"href":"https:\/\/kingarms.ee\/lv\/wp-json\/wp\/v2\/product_tag?post=149670"}],"curies":[{"name":"wp","href":"https:\/\/api.w.org\/{rel}","templated":true}]}}