{"id":149675,"date":"2025-05-19T17:48:29","date_gmt":"2025-05-19T14:48:29","guid":{"rendered":"https:\/\/kingarms.ee\/product\/pasta-kamuflaazvarv-bcb-kameeleon-3-varvi-peegliga\/"},"modified":"2025-08-02T12:09:50","modified_gmt":"2025-08-02T09:09:50","slug":"pasta-kamuflaazvarv-bcb-kameeleon-3-varvi-peegliga","status":"publish","type":"product","link":"https:\/\/kingarms.ee\/lv\/product\/pasta-kamuflaazvarv-bcb-kameeleon-3-varvi-peegliga\/","title":{"rendered":"Paste, kamufl\u0101\u017eas kr\u0101sa BCB hameleons ar 3 kr\u0101su spoguli"},"content":{"rendered":"<p>Pasta, kamuflaa\u017ev\u00e4rv BCB kameeleon 3 v\u00e4rvi peegliga<\/p>\n<p>Pasta, KAMUFLAA\u017dV\u00c4RV BCB kameeleon 3 v\u00e4rvi peegliga on v\u00e4rvikomplekt n\u00e4o ja keha maskeerimiseks.<\/p>\n<p>S\u00f5jaline standard<br \/>\nBCB Chameleon on isiklik maskeerimiskomplekt, mida kasutatakse m.in., Briti armee, vastab ka NATO n\u00f5uetele (NSN number-6859-99-978-5980).<\/p>\n<p>T\u00f5hus ja vastupidav<br \/>\nV\u00e4rvid viiakse suletud pol\u00fcmeerkarpi, mis hoiab \u00e4ra nende saastumise v\u00f5i \u00fcleujutamise. Sees on akr\u00fc\u00fclpeegel, mis h\u00f5lbustab kamuflaa\u017ei pealekandmist, seda saab kasutada ka improviseeritud heliograafina.<\/p>\n<p>Kolmev\u00e4rvilisel v\u00e4rvil on tihe konsistents, mis tagab k\u00f5rge j\u00f5udluse, kamuflaa\u017ei vastupidavuse ja h\u00f5lpsa pealekandmise. V\u00e4rvid peegeldavad IR-kiirgust.<\/p>\n<p>Maskeerimispastal on Ohutu H\u00fcpoallergeenne valem, see tagab UV-kaitse (SPF 60), Ei m\u00e4\u00e4ri k\u00e4si ega riideid, on veekindel (ei loputa higi ega vihma eest), et eemaldada piisavalt seebivett v\u00f5i spetsiaalseid salvr\u00e4tikuid kamuflaa\u017ei eemaldamiseks.<\/p>\n","protected":false},"excerpt":{"rendered":"<p>Paste, camouflage paint BCB chameleon ar 3 kr\u0101s\u0101m mirror paste, camouflage paint BCB chameleon ar 3 kr\u0101s\u0101m mirror ir kr\u0101su komplekts sejas un \u0137erme\u0146a mask\u0113\u0161anai.<\/p>\n<p>Milit\u0101rais standarts<br \/>\nBCB Chameleon ir person\u012bgais mask\u0113\u0161anas komplekts, ko izmanto m.in., Britu armija, atbilst ar\u012b NATO pras\u012bb\u0101m (NSN numurs-6859-99-978-5980).<\/p>\n<p>Efekt\u012bva un iztur\u012bga<br \/>\nKr\u0101sas tiek p\u0101rnestas uz nosl\u0113gtu polim\u0113ru k\u0101rbu, kas ne\u013cauj t\u0101m pies\u0101r\u0146ot vai appl\u016bst. Iek\u0161pus\u0113 ir akrila spogulis, kas atvieglo Mask\u0113\u0161an\u0101s pielieto\u0161anu, to var izmantot ar\u012b k\u0101 improviz\u0113tu Heliogr\u0101fu.<\/p>\n<p>Tricolor kr\u0101sai ir bl\u012bva konsistence, kas nodro\u0161ina augstu veiktsp\u0113ju, Mask\u0113\u0161an\u0101s iztur\u012bbu un vieglu pielietojumu. Kr\u0101sas atspogu\u013co IR starojumu.<\/p>\n<p>Mask\u0113jo\u0161ajai pastai ir dro\u0161a hipoaler\u0123iska formula, t\u0101 nodro\u0161ina UV aizsardz\u012bbu (SPF 60), nekr\u0101so rokas vai dr\u0113bes, ir \u016bdensiztur\u012bga (neizskalo no sviedriem vai lietus), lai no\u0146emtu pietiekami daudz ziepj\u016bdens vai \u012bpa\u0161as salvetes Mask\u0113\u0161an\u0101s no\u0146em\u0161anai.<\/p>\n","protected":false},"featured_media":149505,"template":"","meta":{"_acf_changed":false},"product_brand":[],"product_cat":[1119],"product_tag":[],"class_list":{"0":"post-149675","1":"product","2":"type-product","3":"status-publish","4":"has-post-thumbnail","6":"product_cat-celojumu-preces","8":"first","9":"instock","10":"purchasable","11":"product-type-simple"},"acf":[],"_links":{"self":[{"href":"https:\/\/kingarms.ee\/lv\/wp-json\/wp\/v2\/product\/149675","targetHints":{"allow":["GET"]}}],"collection":[{"href":"https:\/\/kingarms.ee\/lv\/wp-json\/wp\/v2\/product"}],"about":[{"href":"https:\/\/kingarms.ee\/lv\/wp-json\/wp\/v2\/types\/product"}],"wp:featuredmedia":[{"embeddable":true,"href":"https:\/\/kingarms.ee\/lv\/wp-json\/wp\/v2\/media\/149505"}],"wp:attachment":[{"href":"https:\/\/kingarms.ee\/lv\/wp-json\/wp\/v2\/media?parent=149675"}],"wp:term":[{"taxonomy":"product_brand","embeddable":true,"href":"https:\/\/kingarms.ee\/lv\/wp-json\/wp\/v2\/product_brand?post=149675"},{"taxonomy":"product_cat","embeddable":true,"href":"https:\/\/kingarms.ee\/lv\/wp-json\/wp\/v2\/product_cat?post=149675"},{"taxonomy":"product_tag","embeddable":true,"href":"https:\/\/kingarms.ee\/lv\/wp-json\/wp\/v2\/product_tag?post=149675"}],"curies":[{"name":"wp","href":"https:\/\/api.w.org\/{rel}","templated":true}]}}