{"id":149679,"date":"2025-05-19T16:54:22","date_gmt":"2025-05-19T13:54:22","guid":{"rendered":"https:\/\/kingarms.ee\/product\/pipragaas-tw1000-rsg-45-ml\/"},"modified":"2025-08-03T14:50:06","modified_gmt":"2025-08-03T11:50:06","slug":"pipragaas-tw1000-rsg-45-ml","status":"publish","type":"product","link":"https:\/\/kingarms.ee\/lv\/product\/pipragaas-tw1000-rsg-45-ml\/","title":{"rendered":"Piparu aerosoli TW1000 RSG 45 ml"},"content":{"rendered":"<p>Pipragaas TW1000 RSG 45 ml<\/p>\n<p>&nbsp;<\/p>\n<p>RSG 6 asenduskassett (politseivarustuse klass 3)<\/p>\n<p>Lai, punane vabastusnupp, sisu ja aegumiskuup\u00e4ev on alt h\u00f5lpsasti loetavad.<\/p>\n<p>Kiiresti ja lihtsalt vahetatavad pihustuskassetid on t\u00e4idetud praeguse toimeainega OC.<br \/>\nSisu on piisav kuni 22 poolesekundilise 0,5-sekundilise dazeri pihustamiseks-alati t\u00e4pne ballistiline vedeljuga.<\/p>\n<p>Ballistilise vedeliku Joa<br \/>\nTW1000 RSG \u00e4rritavad pihustid toodavad v\u00e4ga pika ulatusega ballistilise vedeliku joa, mis v\u00f5imaldab t\u00e4pset pihustamist. Ohu korral suunake vedel Joa otse silma piirkonda, et r\u00fcnnak konkreetselt t\u00f5rjuda. Rakendatud toimeaine t\u00e4psuse t\u00f5ttu ei ole r\u00fcndaja vahetu keskkond tugevalt saastunud. Kuna vedeljuga ei udune, p\u00fcsib see isegi tuule korral \u00fcsna suunaliselt stabiilne.<\/p>\n<p>Toimeaine: OC<\/p>\n<p>Spetsiaalne Allround Astra t\u00e4itmistehnoloogia v\u00f5imaldab pihustamist k\u00f5igis asendites, isegi pea kohal.<\/p>\n<p>Tehnilised Andmed:<br \/>\nPakendi sisu: 45 ml<br \/>\nPihustusk\u00e4itumine: ballistilise vedeliku Joa<br \/>\nVahemik: 4-5 m<br \/>\n68 g massist:<br \/>\nM\u00f5\u00f5dud: K 114 mm, k 35 mm<\/p>\n<p>Koolitus<br \/>\nRSG-ga treenimiseks on saadaval inertsed kassetid. Pihustuspea erinev v\u00e4rvim\u00e4rgistus ja purk v\u00e4listab segiajamise ohu.<br \/>\nAinult julgeoleku\u00fclesannetega asutuste liikmetele pakume koolitusi ja seminare teemal &#8220;juhtimis-ja operatiivressursside k\u00e4itlemine&#8221;.<\/p>\n<p>Ainult ametiasutustele<br \/>\nMeie pakutavad RSG ametiv\u00f5imud ei ole vabalt m\u00fc\u00fcdavad, kuid kuuluvad keelatud relvadena Saksa relvaseaduse (WaffG) alla. Saksamaal saab v\u00e4ljaandmist seega teha ainult otse volitatud isikutele WaffG t\u00e4henduses, st politsei hankeagentuuridele v\u00f5i asjakohase volitusega asutustele.<\/p>\n<p>Kui olete huvitatud, saatke meile oma p\u00e4ring e-posti v\u00f5i faksi teel. Meil oleks hea meel saata teile meie praegune toote\u00fclevaade ja teha teile individuaalne pakkumine.<\/p>\n","protected":false},"excerpt":{"rendered":"<p>Piparu aerosoli TW1000 RSG 45 ml<\/p>\n<p>RSG 6 rezerves kasetne (politika aprukkkojuma klase 3)<\/p>\n<p>Plat\u0101, sarkan\u0101 atbivo\u0161anas poga, saturs un der\u012bguma termi\u0146\u0161 ir viegli las\u0101mos apak\u0161\u0101.<\/p>\n<p>Pietri un viegli nomainas smidzin\u0101anas kasetn in ir piebildes ar pa\u0161reizejo akt\u012bvo sast\u0101vda\u013cu OC.<br \/>\nSaturs ir pietiekams, lai izmidzin\u0101tu lidz 22 pussekund\u0113m 0,5 sekundes dazer-vienm\u0113ru prec\u012bzuu ballistisko \u0161\u0137iedru str\u016bklu.<\/p>\n<p>Ballistiskook shalgidruma straskkla<br \/>\nTW1000 RSG kairino\u0161\u0101ssprauslas taka ballistisk\u0101\u0161\u0137idruma str\u016bklu ar \u013coti lielu diapazon vai \u013cauj prec\u012bziizizin\u0101t. Bries power gadijum\u0101 virzi) no \u0161\u0137idruma str\u016bklu ka uz acu zonu, pla\u0161s \u012bpa\u0161umi atvair\u012btu uzbrukumu. Pielietot\u0101 Akt\u012bv\u0101 sastavda\u013cas precizit\u0113tas d\u0113l uzbruc\u0113ja tai vide nav stip ar pies\u0101rnota. T\u0101\u0161\u0137idruma straumla nav migla, t\u0101iek diez stabila pat v\u0113j\u0101.<\/p>\n<p>Aktaigvave viela: OC<\/p>\n<p>\u012apa\u0161\u0101 allround Astra uzbildes tehnolo\u0123ija, pat virs galvas.<\/p>\n<p>Tehnika Dati:<br \/>\nIepakojuma pies\u0101tin\u0101t\u0101s tauksk\u0101bes: 45 ml<br \/>\nIzsmidzinergicchanas uzvederatekba: ballistiskal shuladidruma straskkla<br \/>\nDiapazoni: 4-5 m<br \/>\nSvars: 68 g:<br \/>\nIzmanterri: K 114 mm, k 35 mm<\/p>\n<p>Apmulpcalcba<br \/>\nInertalks kasetnes ir pieejamas apmumcatcatbai AR RSG. Smidzinalekshanas galvasdazhalekdu kraleksu maralekjums UN burka novetrshas sajaukshanas Risku.<br \/>\nInstit\u016bciju locekliem, kurie more ir tik Dro\u0161\u012bbas uzdumi, m\u0113s pied\u0101v\u0101jam apm\u0101\u0161\u012bbas un semin\u0101rus par t\u0113mu&#8221;vadibas un darba resursa of apstr\u0101de&#8221;.<\/p>\n<p>Tikai iestagdatemm<br \/>\nM\u016bsuied\u0101v\u0101jamas RSG ieejas t\u012bmekl\u012b landtek br\u0101\u013ci p\u0101rdotas, bet uz t\u0101m attiecasas V\u0101cijas Iero\u010du likums (WaffG) kas aizliegti iero\u010di. T\u0101p\u0113c izdo\u0161u var veik on tikai ka pilnvarot\u0101m person\u0101em WaffG Noz\u012bm\u0113, t. i., politijas iepirkums a\u0123ent\u016br mai strukt\u016br mam ar atbilsto\u0161am pilnvar\u0101m.<\/p>\n<p>Un jooks intereserve, lalagdzu, nosalattiet mums savu pieprasaultjumu pa e-pastu vai faksimils. M\u0113 labpr\u0101t nos\u016bt\u012bt jums m\u016bsuizreizejo produktu p\u0101rskatu un sniegs liel\u0101kais jums individu\u0101\u013cu pied\u0101v\u0101jumu.<\/p>\n","protected":false},"featured_media":149352,"template":"","meta":{"_acf_changed":false},"product_brand":[],"product_cat":[1111],"product_tag":[],"class_list":{"0":"post-149679","1":"product","2":"type-product","3":"status-publish","4":"has-post-thumbnail","6":"product_cat-piparu-aerosols","8":"first","9":"instock","10":"taxable","11":"shipping-taxable","12":"purchasable","13":"product-type-simple"},"acf":[],"_links":{"self":[{"href":"https:\/\/kingarms.ee\/lv\/wp-json\/wp\/v2\/product\/149679","targetHints":{"allow":["GET"]}}],"collection":[{"href":"https:\/\/kingarms.ee\/lv\/wp-json\/wp\/v2\/product"}],"about":[{"href":"https:\/\/kingarms.ee\/lv\/wp-json\/wp\/v2\/types\/product"}],"wp:featuredmedia":[{"embeddable":true,"href":"https:\/\/kingarms.ee\/lv\/wp-json\/wp\/v2\/media\/149352"}],"wp:attachment":[{"href":"https:\/\/kingarms.ee\/lv\/wp-json\/wp\/v2\/media?parent=149679"}],"wp:term":[{"taxonomy":"product_brand","embeddable":true,"href":"https:\/\/kingarms.ee\/lv\/wp-json\/wp\/v2\/product_brand?post=149679"},{"taxonomy":"product_cat","embeddable":true,"href":"https:\/\/kingarms.ee\/lv\/wp-json\/wp\/v2\/product_cat?post=149679"},{"taxonomy":"product_tag","embeddable":true,"href":"https:\/\/kingarms.ee\/lv\/wp-json\/wp\/v2\/product_tag?post=149679"}],"curies":[{"name":"wp","href":"https:\/\/api.w.org\/{rel}","templated":true}]}}