{"id":149685,"date":"2025-05-19T17:48:29","date_gmt":"2025-05-19T14:48:29","guid":{"rendered":"https:\/\/kingarms.ee\/product\/spray-expel-saaskede-ja-puukide-vastu-90-ml\/"},"modified":"2025-08-02T12:10:50","modified_gmt":"2025-08-02T09:10:50","slug":"spray-expel-saaskede-ja-puukide-vastu-90-ml","status":"publish","type":"product","link":"https:\/\/kingarms.ee\/lv\/product\/spray-expel-saaskede-ja-puukide-vastu-90-ml\/","title":{"rendered":"Spray izraid\u012bt pret odiem un \u0113rc\u0113m 90 ml"},"content":{"rendered":"<p>Spray Expel s\u00e4\u00e4skede ja puukide vastu 90 ml<\/p>\n<p>90 ml s\u00e4\u00e4se-ja puugipihusti on t\u00f5hus t\u00f5rjevahend, mis t\u00f5rjub s\u00e4\u00e4ski, puuke ja k\u00e4\u00e4buseid, pakkudes kaitset kuni 8 tundi.<\/p>\n<p>Expel vedelik s\u00e4\u00e4skede, k\u00e4\u00e4buste ja puukide vastu-t\u00f5husad t\u00f5rjevahendid kolbi reisipoes chelyadis<br \/>\nSooja ja niiske suve jooksul seisab iga\u00fcks meist silmitsi lendavate putukate ja lestade ebameeldiva tegevusega, mille hammustused v\u00f5ivad p\u00f5hjustada v\u00e4ga ebameeldivaid tervisekomplikatsioone. \u00c4mblikulaadsete, k\u00e4\u00e4buste ja s\u00e4\u00e4skede hammustuste riski minimeerimiseks tasub kasutada t\u00f5estatud expeli tootemarki.<br \/>\nExpeli vedelik s\u00e4\u00e4skede ja puukide vastu pakub t\u00f5husat ja pikaajalist kaitset, nii et seda saab kasutada mitte ainult riigis, vaid ka troopilistes tingimustes.<\/p>\n<p>Tavalised s\u00e4\u00e4sed t\u00f5rjuvad kuni 7 tundi, k\u00e4\u00e4bused kuni 8 tundi, puugid kuni 4 tundi.<\/p>\n<p>Expel spray on lihtne ja mugav kasutada. Enne pealekandmist raputage pudelit ja kandke toode 15-20 cm kauguselt otse hammustustele vastuv\u00f5tlikele aladele. ravimit kantakse n\u00e4ole ja kaelale kaudse meetodiga-pihustage peopesale ja jaotage see ainult nahale.<br \/>\nBiotsiidi tuleb kasutada eriti ettevaatlikult ja ettevaatlikult.<\/p>\n<p>Spray s\u00e4\u00e4skede ja puukide vastu-omadused<br \/>\nT\u00f5estatud ja t\u00f5hus putukat\u00f5rjevahend;<br \/>\nk\u00f5rge toimeaine sisaldus (DEET);<br \/>\nmugav kasutamiseks ja kandmiseks;<br \/>\nohutu ja Kiiresti kuivav &#8211; ei p\u00f5hjusta \u00e4rritust.<\/p>\n","protected":false},"excerpt":{"rendered":"<p>Spray izraid\u012bt pret odiem un \u0113rc\u0113m 90 ml 90 ml mosk\u012btu un \u0113r\u010du aerosols ir efekt\u012bvs repelents, kas atbaida odi, \u0113rces un midges, nodro\u0161inot aizsardz\u012bbu l\u012bdz 8 stund\u0101m.<\/p>\n<p>Izvadiet \u0161\u0137idrumu pret odiem,midges un \u0113rc\u0113m-efekt\u012bvi Repelenti kolbas ce\u013cojumu veikal\u0101 \u010de\u013cad\u0101<br \/>\nSilt\u0101 un mitr\u0101 vasar\u0101 katrs no mums saskaras ar nepat\u012bkamu lidojo\u0161o kukai\u0146u un \u0113r\u010du darb\u012bbu, kuras kodumi var izrais\u012bt \u013coti nepat\u012bkamas vesel\u012bbas komplik\u0101cijas. Lai samazin\u0101tu zirnek\u013cveid\u012bgo, punduru un odu kodumu risku, ir v\u0113rts izmantot p\u0101rbaud\u012bto expand z\u012bmolu.<br \/>\nIzraid\u012bt \u0161\u0137idrumu pret odiem un \u0113rc\u0113m nodro\u0161ina efekt\u012bvu un ilgtermi\u0146a aizsardz\u012bbu, t\u0101p\u0113c to var izmantot ne tikai valst\u012b, bet ar\u012b tropu apst\u0101k\u013cos.<\/p>\n<p>Parastie odi atbaida l\u012bdz 7 stund\u0101m, midges l\u012bdz 8 stund\u0101m, \u0113rces l\u012bdz 4 stund\u0101m.<\/p>\n<p>Izraid\u012bt aerosols ir viegli un \u0113rti lietot. Pirms lieto\u0161anas sakratiet pudeli un uzkl\u0101jiet produktu no 15-20 cm att\u0101luma tie\u0161i uz viet\u0101m, kas ir uz\u0146\u0113m\u012bgas pret kodumiem. z\u0101les tiek uzkl\u0101tas uz sejas un kakla ar netie\u0161u metodi-izsmidziniet uz plaukstas un izdaliet to tikai uz \u0101das.<br \/>\nBioc\u012bds j\u0101lieto \u013coti piesardz\u012bgi un piesardz\u012bgi.<\/p>\n<p>Aerosols pret odiem un \u0113rc\u0113m-funkcijas<br \/>\nPier\u0101d\u012bts un efekt\u012bvs kukai\u0146u atbaid\u012b\u0161anas l\u012bdzeklis;<br \/>\naugsts akt\u012bv\u0101s vielas saturs (DEET);<br \/>\n\u0113rts lieto\u0161anai un p\u0101rvad\u0101\u0161anai;<br \/>\ndro\u0161a un \u0101tri \u017e\u016bsto\u0161a-neizraisa kairin\u0101jumu.<\/p>\n","protected":false},"featured_media":149457,"template":"","meta":{"_acf_changed":false},"product_brand":[],"product_cat":[1119],"product_tag":[],"class_list":{"0":"post-149685","1":"product","2":"type-product","3":"status-publish","4":"has-post-thumbnail","6":"product_cat-celojumu-preces","8":"first","9":"instock","10":"purchasable","11":"product-type-simple"},"acf":[],"_links":{"self":[{"href":"https:\/\/kingarms.ee\/lv\/wp-json\/wp\/v2\/product\/149685","targetHints":{"allow":["GET"]}}],"collection":[{"href":"https:\/\/kingarms.ee\/lv\/wp-json\/wp\/v2\/product"}],"about":[{"href":"https:\/\/kingarms.ee\/lv\/wp-json\/wp\/v2\/types\/product"}],"wp:featuredmedia":[{"embeddable":true,"href":"https:\/\/kingarms.ee\/lv\/wp-json\/wp\/v2\/media\/149457"}],"wp:attachment":[{"href":"https:\/\/kingarms.ee\/lv\/wp-json\/wp\/v2\/media?parent=149685"}],"wp:term":[{"taxonomy":"product_brand","embeddable":true,"href":"https:\/\/kingarms.ee\/lv\/wp-json\/wp\/v2\/product_brand?post=149685"},{"taxonomy":"product_cat","embeddable":true,"href":"https:\/\/kingarms.ee\/lv\/wp-json\/wp\/v2\/product_cat?post=149685"},{"taxonomy":"product_tag","embeddable":true,"href":"https:\/\/kingarms.ee\/lv\/wp-json\/wp\/v2\/product_tag?post=149685"}],"curies":[{"name":"wp","href":"https:\/\/api.w.org\/{rel}","templated":true}]}}