{"id":149715,"date":"2024-07-19T19:03:58","date_gmt":"2025-05-25T10:57:47","guid":{"rendered":"https:\/\/kingarms.ee\/product\/gaisa-pistole-pcp-hatsan-jet-i-4-5-mm\/"},"modified":"2025-08-02T18:18:20","modified_gmt":"2025-08-02T15:18:20","slug":"gaisa-pistole-pcp-hatsan-jet-i-4-5-mm","status":"publish","type":"product","link":"https:\/\/kingarms.ee\/lv\/product\/gaisa-pistole-pcp-hatsan-jet-i-4-5-mm\/","title":{"rendered":"Gaisa pistole PCP Hatsan Jet I (4.5 mm)"},"content":{"rendered":"<p><img loading=\"lazy\" decoding=\"async\" class=\"alignnone size-full wp-image-102050\" src=\"https:\/\/kingarms.ee\/wp-content\/uploads\/2024\/07\/eng_pl_Hatsan-Jet-I-177-4-5mm-PCP-Air-Pistol-118825_3.jpg\" alt=\"\" width=\"1200\" height=\"1200\" srcset=\"https:\/\/kingarms.ee\/wp-content\/uploads\/2024\/07\/eng_pl_Hatsan-Jet-I-177-4-5mm-PCP-Air-Pistol-118825_3.jpg 1200w, https:\/\/kingarms.ee\/wp-content\/uploads\/2024\/07\/eng_pl_Hatsan-Jet-I-177-4-5mm-PCP-Air-Pistol-118825_3-300x300.jpg 300w, https:\/\/kingarms.ee\/wp-content\/uploads\/2024\/07\/eng_pl_Hatsan-Jet-I-177-4-5mm-PCP-Air-Pistol-118825_3-1024x1024.jpg 1024w, https:\/\/kingarms.ee\/wp-content\/uploads\/2024\/07\/eng_pl_Hatsan-Jet-I-177-4-5mm-PCP-Air-Pistol-118825_3-150x150.jpg 150w, https:\/\/kingarms.ee\/wp-content\/uploads\/2024\/07\/eng_pl_Hatsan-Jet-I-177-4-5mm-PCP-Air-Pistol-118825_3-768x768.jpg 768w, https:\/\/kingarms.ee\/wp-content\/uploads\/2024\/07\/eng_pl_Hatsan-Jet-I-177-4-5mm-PCP-Air-Pistol-118825_3-500x500.jpg 500w\" sizes=\"auto, (max-width: 1200px) 100vw, 1200px\" \/><\/p>\n","protected":false},"excerpt":{"rendered":"<p>Reximex Black precision multi-shot PCP sport pistole ar sarkanu kr\u0101su sl\u0113dzeni un regulatoru atk\u0101rtotai fotograf\u0113\u0161anai. Apr\u012bkots ar regul\u0113jamu uzmavu un regul\u0113jamu spr\u016bda m\u0113li, k\u0101 ar\u012b spiediena tvertni ar ietilp\u012bbu 50 cc. Anatomisks rokturis ar plauktu ar virzu\u013ca mont\u0101\u017eas iesp\u0113ju. Pieejams kalibros: 0,177 (4,5 mm)<\/p>\n<p>Tehniskie parametri:<br \/>\nModelis: Melns<br \/>\nTips: PCP gaisa pistole<br \/>\nS\u0101kotn\u0113j\u0101 ener\u0123ija: 17 J (var palielin\u0101t l\u012bdz 25J, 35J, 40J, 58J)<br \/>\nKop\u0113jais garums: 330.0 mm \/ 13.0&#8243; (bez virzu\u013ca), 600.0 mm \/ 23.6&#8243; (ar virzuli)<br \/>\nCaurules garums: 200.0 mm \/ 7.9 collas<br \/>\nSvars: 0,9 kg \/ 1,98 lbs (bez virzu\u013ca), 1,0 kg (ar virzuli)<br \/>\nSpiediena tvertne: 50 cc<br \/>\nUzpildes spiediens: 250 bar<br \/>\nRokturis: no\u0146emams sint\u0113tiskais audums<br \/>\nRa\u017eot\u0101js: Reximex, Turcija<\/p>\n<p>FAC (*) \u00fcksikasjalikud tehnilised andmed: 4,5 mm kaliiber \/ .177<br \/>\nMaksimaalne v\u00e4ljumiskiirus (**): 160 m\/s (525 kaadrit sekundis)<br \/>\nEnergia: 7 J \/ 5,2 jalga naela<br \/>\nSalve maht: 9 tk.<br \/>\nEfektiivsete l\u00f6\u00f6kide arv: 110<\/p>\n","protected":false},"featured_media":135715,"template":"","meta":{"_acf_changed":false},"product_brand":[],"product_cat":[1008],"product_tag":[],"class_list":{"0":"post-149715","1":"product","2":"type-product","3":"status-publish","4":"has-post-thumbnail","6":"product_cat-pcp-hpa","8":"first","9":"instock","10":"taxable","11":"shipping-taxable","12":"purchasable","13":"product-type-simple"},"acf":[],"_links":{"self":[{"href":"https:\/\/kingarms.ee\/lv\/wp-json\/wp\/v2\/product\/149715","targetHints":{"allow":["GET"]}}],"collection":[{"href":"https:\/\/kingarms.ee\/lv\/wp-json\/wp\/v2\/product"}],"about":[{"href":"https:\/\/kingarms.ee\/lv\/wp-json\/wp\/v2\/types\/product"}],"wp:featuredmedia":[{"embeddable":true,"href":"https:\/\/kingarms.ee\/lv\/wp-json\/wp\/v2\/media\/135715"}],"wp:attachment":[{"href":"https:\/\/kingarms.ee\/lv\/wp-json\/wp\/v2\/media?parent=149715"}],"wp:term":[{"taxonomy":"product_brand","embeddable":true,"href":"https:\/\/kingarms.ee\/lv\/wp-json\/wp\/v2\/product_brand?post=149715"},{"taxonomy":"product_cat","embeddable":true,"href":"https:\/\/kingarms.ee\/lv\/wp-json\/wp\/v2\/product_cat?post=149715"},{"taxonomy":"product_tag","embeddable":true,"href":"https:\/\/kingarms.ee\/lv\/wp-json\/wp\/v2\/product_tag?post=149715"}],"curies":[{"name":"wp","href":"https:\/\/api.w.org\/{rel}","templated":true}]}}