{"id":149718,"date":"2024-07-19T18:44:05","date_gmt":"2025-05-25T11:00:05","guid":{"rendered":"https:\/\/kingarms.ee\/product\/pcp-gaisa-shautenes-speks1-reximex\/"},"modified":"2025-08-02T18:20:36","modified_gmt":"2025-08-02T15:20:36","slug":"pcp-gaisa-shautenes-speks1-reximex","status":"publish","type":"product","link":"https:\/\/kingarms.ee\/lv\/product\/pcp-gaisa-shautenes-speks1-reximex\/","title":{"rendered":"PCP Gaisa Shautenes Sp\u0113ks1 (Reximex)"},"content":{"rendered":"<p><img loading=\"lazy\" decoding=\"async\" class=\"alignnone size-full wp-image-101957\" src=\"https:\/\/kingarms.ee\/wp-content\/uploads\/2024\/07\/eng_pl_Reximex-FORCE1-PCP-Air-Rifle-118781_1.jpg\" alt=\"\" width=\"1200\" height=\"1200\" srcset=\"https:\/\/kingarms.ee\/wp-content\/uploads\/2024\/07\/eng_pl_Reximex-FORCE1-PCP-Air-Rifle-118781_1.jpg 1200w, https:\/\/kingarms.ee\/wp-content\/uploads\/2024\/07\/eng_pl_Reximex-FORCE1-PCP-Air-Rifle-118781_1-300x300.jpg 300w, https:\/\/kingarms.ee\/wp-content\/uploads\/2024\/07\/eng_pl_Reximex-FORCE1-PCP-Air-Rifle-118781_1-1024x1024.jpg 1024w, https:\/\/kingarms.ee\/wp-content\/uploads\/2024\/07\/eng_pl_Reximex-FORCE1-PCP-Air-Rifle-118781_1-150x150.jpg 150w, https:\/\/kingarms.ee\/wp-content\/uploads\/2024\/07\/eng_pl_Reximex-FORCE1-PCP-Air-Rifle-118781_1-768x768.jpg 768w, https:\/\/kingarms.ee\/wp-content\/uploads\/2024\/07\/eng_pl_Reximex-FORCE1-PCP-Air-Rifle-118781_1-500x500.jpg 500w\" sizes=\"auto, (max-width: 1200px) 100vw, 1200px\" \/><\/p>\n","protected":false},"excerpt":{"rendered":"<p>Reximex Force1, Moderna PCP gaisa \u0161autene praktisk\u0101 Taktisk\u0101 apr\u012bkojum\u0101 ar pistoles rokturi un piln\u012bb\u0101 regul\u0113jamu mucu. Pateicoties teleskopiskajam virzulim, regul\u0113jamai k\u0101ji\u0146ai un vaigu kauliem, j\u016bs varat piln\u012bb\u0101 piel\u0101got \u0161auteni sav\u0101m v\u0113lm\u0113m. Force1 ir apr\u012bkots ar s\u0101nu sviras iekrau\u0161anas sviru, dubult\u0101s sliedes optiku 11 un 22 mm, spr\u016bda m\u0113li vai regul\u0113jamu ciet\u012bbu. Pieejams calibers:.177 (4,5 mm)<\/p>\n<p>Visp\u0101r\u0113jie tehniskie parametri:<br \/>\nTips: PCP gaisa pistole<br \/>\nS\u0101kotn\u0113j\u0101 ener\u0123ija: 17 J (var palielin\u0101t l\u012bdz 25J, 35J, 40J, 58J)<br \/>\nKop\u0113jais garums: 950,0 mm \/ 37,4 collas (1030,0 mm \/ 40,5 collas, kad virzulis tiek izvilkts)<br \/>\nCaurules garums: 480.0 mm \/ 18.9 collas<br \/>\nSvars: 3.3 kg \/ 7.3 lbs<br \/>\nSpiedtvertne: 310 cc<br \/>\nUzpildes spiediens: 200 bar<br \/>\nPad: augstas kvalit\u0101tes sint\u0113tiskais materi\u0101ls ar pistoles rokturi<br \/>\nRa\u017eot\u0101js: Reximex, Turcija<\/p>\n<p>FAC ( * ) detaliz\u0113tas specifik\u0101cijas: 4.5 mm kalibrs \/ .177<br \/>\nMaksim\u0101lais fotograf\u0113\u0161anas \u0101trums ( * * ): 365 m \/ s \/ 1200 FPS<br \/>\nEner\u0123ija: 58 J \/ 26.55 ft lbs<br \/>\nPapl\u0101tes tilpums: 14 gab.<\/p>\n","protected":false},"featured_media":135636,"template":"","meta":{"_acf_changed":false},"product_brand":[],"product_cat":[1008],"product_tag":[],"class_list":{"0":"post-149718","1":"product","2":"type-product","3":"status-publish","4":"has-post-thumbnail","6":"product_cat-pcp-hpa","8":"first","9":"instock","10":"taxable","11":"shipping-taxable","12":"purchasable","13":"product-type-simple"},"acf":[],"_links":{"self":[{"href":"https:\/\/kingarms.ee\/lv\/wp-json\/wp\/v2\/product\/149718","targetHints":{"allow":["GET"]}}],"collection":[{"href":"https:\/\/kingarms.ee\/lv\/wp-json\/wp\/v2\/product"}],"about":[{"href":"https:\/\/kingarms.ee\/lv\/wp-json\/wp\/v2\/types\/product"}],"wp:featuredmedia":[{"embeddable":true,"href":"https:\/\/kingarms.ee\/lv\/wp-json\/wp\/v2\/media\/135636"}],"wp:attachment":[{"href":"https:\/\/kingarms.ee\/lv\/wp-json\/wp\/v2\/media?parent=149718"}],"wp:term":[{"taxonomy":"product_brand","embeddable":true,"href":"https:\/\/kingarms.ee\/lv\/wp-json\/wp\/v2\/product_brand?post=149718"},{"taxonomy":"product_cat","embeddable":true,"href":"https:\/\/kingarms.ee\/lv\/wp-json\/wp\/v2\/product_cat?post=149718"},{"taxonomy":"product_tag","embeddable":true,"href":"https:\/\/kingarms.ee\/lv\/wp-json\/wp\/v2\/product_tag?post=149718"}],"curies":[{"name":"wp","href":"https:\/\/api.w.org\/{rel}","templated":true}]}}