{"id":149733,"date":"2024-03-01T18:27:28","date_gmt":"2025-05-25T11:18:21","guid":{"rendered":"https:\/\/kingarms.ee\/product\/bloket-jag-175-marcinas-ek-loka-sausana\/"},"modified":"2025-08-02T19:13:40","modified_gmt":"2025-08-02T16:13:40","slug":"bloket-jag-175-marcinas-ek-loka-sausana","status":"publish","type":"product","link":"https:\/\/kingarms.ee\/lv\/product\/bloket-jag-175-marcinas-ek-loka-sausana\/","title":{"rendered":"Blo\u0137\u0113t JAG 175 m\u0101rci\u0146as (EK loka \u0161au\u0161ana)"},"content":{"rendered":"<p><img loading=\"lazy\" decoding=\"async\" class=\"alignnone size-full wp-image-98913\" src=\"https:\/\/kingarms.ee\/wp-content\/uploads\/2024\/03\/ek-archery-crossbow-jag-1-175-lbs-spring-camo-cr013tc.jpg\" alt=\"\" width=\"1000\" height=\"1000\" srcset=\"https:\/\/kingarms.ee\/wp-content\/uploads\/2024\/03\/ek-archery-crossbow-jag-1-175-lbs-spring-camo-cr013tc.jpg 1000w, https:\/\/kingarms.ee\/wp-content\/uploads\/2024\/03\/ek-archery-crossbow-jag-1-175-lbs-spring-camo-cr013tc-300x300.jpg 300w, https:\/\/kingarms.ee\/wp-content\/uploads\/2024\/03\/ek-archery-crossbow-jag-1-175-lbs-spring-camo-cr013tc-150x150.jpg 150w, https:\/\/kingarms.ee\/wp-content\/uploads\/2024\/03\/ek-archery-crossbow-jag-1-175-lbs-spring-camo-cr013tc-768x768.jpg 768w, https:\/\/kingarms.ee\/wp-content\/uploads\/2024\/03\/ek-archery-crossbow-jag-1-175-lbs-spring-camo-cr013tc-500x500.jpg 500w\" sizes=\"auto, (max-width: 1000px) 100vw, 1000px\" \/><\/p>\n","protected":false},"excerpt":{"rendered":"<p>Blo\u0137\u0113t JAG 175 m\u0101rci\u0146as (EK loka \u0161au\u0161ana)<\/p>\n<p>Tehniskie parametri:<\/p>\n<p>Vilces sp\u0113ks: 175 m\u0101rci\u0146as (75 kg.).<br \/>\nIzejas \u0101trums: 83 m \/ S 280 km\/h.<br \/>\nDarb\u012bbas diapazons: 120 mt. (maksimums 140 mt.)<br \/>\nGarums: cm. 90 (ar sl\u0113gtu iekrau\u0161anas gredzenu).<br \/>\nPlatums: cm. 69.<br \/>\nSvars: 2600 gr.<br \/>\nApr\u012bkots:<\/p>\n<p>Regul\u0113jams skats<br \/>\nRed Dot vision professional<br \/>\nNervoz\u0113t ar bulti\u0146\u0101m<br \/>\nRagavas piederumiem<br \/>\n3 alum\u012bnija bulti\u0146as ar no\u0146emamu t\u0113rauda galu<br \/>\nManu\u0101la uzl\u0101de<br \/>\nStick Parafina<\/p>\n","protected":false},"featured_media":134851,"template":"","meta":{"_acf_changed":false},"product_brand":[],"product_cat":[1014],"product_tag":[],"class_list":{"0":"post-149733","1":"product","2":"type-product","3":"status-publish","4":"has-post-thumbnail","6":"product_cat-sens","8":"first","9":"instock","10":"taxable","11":"shipping-taxable","12":"purchasable","13":"product-type-simple"},"acf":[],"_links":{"self":[{"href":"https:\/\/kingarms.ee\/lv\/wp-json\/wp\/v2\/product\/149733","targetHints":{"allow":["GET"]}}],"collection":[{"href":"https:\/\/kingarms.ee\/lv\/wp-json\/wp\/v2\/product"}],"about":[{"href":"https:\/\/kingarms.ee\/lv\/wp-json\/wp\/v2\/types\/product"}],"wp:featuredmedia":[{"embeddable":true,"href":"https:\/\/kingarms.ee\/lv\/wp-json\/wp\/v2\/media\/134851"}],"wp:attachment":[{"href":"https:\/\/kingarms.ee\/lv\/wp-json\/wp\/v2\/media?parent=149733"}],"wp:term":[{"taxonomy":"product_brand","embeddable":true,"href":"https:\/\/kingarms.ee\/lv\/wp-json\/wp\/v2\/product_brand?post=149733"},{"taxonomy":"product_cat","embeddable":true,"href":"https:\/\/kingarms.ee\/lv\/wp-json\/wp\/v2\/product_cat?post=149733"},{"taxonomy":"product_tag","embeddable":true,"href":"https:\/\/kingarms.ee\/lv\/wp-json\/wp\/v2\/product_tag?post=149733"}],"curies":[{"name":"wp","href":"https:\/\/api.w.org\/{rel}","templated":true}]}}