{"id":149734,"date":"2024-03-05T12:53:16","date_gmt":"2025-05-25T11:18:47","guid":{"rendered":"https:\/\/kingarms.ee\/product\/termokamera-sytong-ys03-25\/"},"modified":"2025-08-02T19:10:26","modified_gmt":"2025-08-02T16:10:26","slug":"termokamera-sytong-ys03-25","status":"publish","type":"product","link":"https:\/\/kingarms.ee\/lv\/product\/termokamera-sytong-ys03-25\/","title":{"rendered":"Termokamera Sytong YS03-25"},"content":{"rendered":"<p><img loading=\"lazy\" decoding=\"async\" class=\"alignnone size-full wp-image-99314\" src=\"https:\/\/kingarms.ee\/wp-content\/uploads\/2024\/03\/624bd350-b804-11ed-b779-00155d65b408_515a84aa-bc26-11ed-b779-00155d65b408-2.jpg\" alt=\"\" width=\"944\" height=\"944\" srcset=\"https:\/\/kingarms.ee\/wp-content\/uploads\/2024\/03\/624bd350-b804-11ed-b779-00155d65b408_515a84aa-bc26-11ed-b779-00155d65b408-2.jpg 944w, https:\/\/kingarms.ee\/wp-content\/uploads\/2024\/03\/624bd350-b804-11ed-b779-00155d65b408_515a84aa-bc26-11ed-b779-00155d65b408-2-300x300.jpg 300w, https:\/\/kingarms.ee\/wp-content\/uploads\/2024\/03\/624bd350-b804-11ed-b779-00155d65b408_515a84aa-bc26-11ed-b779-00155d65b408-2-150x150.jpg 150w, https:\/\/kingarms.ee\/wp-content\/uploads\/2024\/03\/624bd350-b804-11ed-b779-00155d65b408_515a84aa-bc26-11ed-b779-00155d65b408-2-768x768.jpg 768w, https:\/\/kingarms.ee\/wp-content\/uploads\/2024\/03\/624bd350-b804-11ed-b779-00155d65b408_515a84aa-bc26-11ed-b779-00155d65b408-2-500x500.jpg 500w\" sizes=\"auto, (max-width: 944px) 100vw, 944px\" \/><\/p>\n","protected":false},"excerpt":{"rendered":"<p>Portable thermal imager-sytong ys03-25 monoklis (2x, F25) ar Wi-Fi, ierakst\u012bt\u0101ju un 8x t\u0101lummai\u0146u ir paredz\u0113ts visu laika apst\u0101k\u013cu diennakts nov\u0113ro\u0161anai un infrasarkanai Foto\/video uz\u0146em\u0161anai pils\u0113t\u0101 un dab\u0101, un siltuma m\u0113r\u0137u noteik\u0161anas diapazons tums\u0101 ir aptuveni 1,25 km.<\/p>\n<p>Matrica 384-load 288 (12-load, NETD &lt; 30mk) un f25mm objekt\u012bvs.<br \/>\nPalielin\u0101jums 2x&#8230;16x.noteik\u0161anas diapazons-l\u012bdz 1250 m.<br \/>\nDigit\u0101l\u0101 t\u0101lummai\u0146a x1 &#8230; x8, LCC (l\u0101zers), &#8220;karsto&#8221; punktu noteik\u0161ana.<br \/>\nSaglab\u0101jiet fotoatt\u0113lu \/ video no\u0146emam\u0101 atmi\u0146as kart\u0113 ar ska\u0146u.<br \/>\nWi-Fi (Sytong APP), video izeja (TV savienojums).<br \/>\n9 stundas nep\u0101rtraukta darba. Ieb\u016bv\u0113ts akumulators. USB-C<br \/>\n2 kalibr\u0113\u0161anas veidi (ar aizvaru). Autom\u0101tiska izsl\u0113g\u0161ana<br \/>\nAMOLED 1280p displejs, 6 paletes, miega re\u017e\u012bms.<br \/>\nAizsarg\u0101ts no putek\u013ciem un lietus (IP65), darba temperat\u016bra-20aware C \/ + 50aware C. uzst\u0101d\u012b\u0161ana uz stat\u012bva (1, 4&#8243;).<\/p>\n<p>\u013boti jut\u012bgais IR sensors at\u0161\u0137ir un uztver temperat\u016bras kontrastus par 0,03 gr\u0101diem (NETD&lt; 30 mK), un ier\u012bce sliktos laika apst\u0101k\u013cos par\u0101da ar\u012b skaidr\u0101ku un informat\u012bv\u0101ku att\u0113lu nek\u0101 l\u012bdz\u012bgi p\u0101rn\u0113s\u0101jamie termoatt\u0113li. Ar NETD &lt;40 mK.<\/p>\n<p>Var aktiviz\u0113t ierakst\u012bt\u0101ju un mikrofonu. Faili ar iz\u0161\u0137irtsp\u0113ju 1024arg 768 tiek ierakst\u012bti no\u0146emam\u0101 atmi\u0146as kart\u0113 (ieg\u0101d\u0101ti atsevi\u0161\u0137i), un att\u0113liem nav inform\u0101cijas par pakalpojumu, iz\u0146emot ierakst\u012b\u0161anas datumu un laiku.<\/p>\n","protected":false},"featured_media":134894,"template":"","meta":{"_acf_changed":false},"product_brand":[],"product_cat":[1181],"product_tag":[],"class_list":{"0":"post-149734","1":"product","2":"type-product","3":"status-publish","4":"has-post-thumbnail","6":"product_cat-termiskas-kameras","8":"first","9":"instock","10":"sale","11":"taxable","12":"shipping-taxable","13":"purchasable","14":"product-type-simple"},"acf":[],"_links":{"self":[{"href":"https:\/\/kingarms.ee\/lv\/wp-json\/wp\/v2\/product\/149734","targetHints":{"allow":["GET"]}}],"collection":[{"href":"https:\/\/kingarms.ee\/lv\/wp-json\/wp\/v2\/product"}],"about":[{"href":"https:\/\/kingarms.ee\/lv\/wp-json\/wp\/v2\/types\/product"}],"wp:featuredmedia":[{"embeddable":true,"href":"https:\/\/kingarms.ee\/lv\/wp-json\/wp\/v2\/media\/134894"}],"wp:attachment":[{"href":"https:\/\/kingarms.ee\/lv\/wp-json\/wp\/v2\/media?parent=149734"}],"wp:term":[{"taxonomy":"product_brand","embeddable":true,"href":"https:\/\/kingarms.ee\/lv\/wp-json\/wp\/v2\/product_brand?post=149734"},{"taxonomy":"product_cat","embeddable":true,"href":"https:\/\/kingarms.ee\/lv\/wp-json\/wp\/v2\/product_cat?post=149734"},{"taxonomy":"product_tag","embeddable":true,"href":"https:\/\/kingarms.ee\/lv\/wp-json\/wp\/v2\/product_tag?post=149734"}],"curies":[{"name":"wp","href":"https:\/\/api.w.org\/{rel}","templated":true}]}}