{"id":149759,"date":"2024-02-10T16:46:54","date_gmt":"2025-05-25T11:37:21","guid":{"rendered":"https:\/\/kingarms.ee\/product\/militaras-ziepes-3in1-300-ml\/"},"modified":"2025-05-25T14:37:21","modified_gmt":"2025-05-25T11:37:21","slug":"militaras-ziepes-3in1-300-ml","status":"publish","type":"product","link":"https:\/\/kingarms.ee\/lv\/product\/militaras-ziepes-3in1-300-ml\/","title":{"rendered":"Milit\u0101r\u0101s ziepes 3in1 300 ml"},"content":{"rendered":"<p><img loading=\"lazy\" decoding=\"async\" class=\"alignnone size-full wp-image-96010\" src=\"https:\/\/kingarms.ee\/wp-content\/uploads\/2024\/02\/123081000_1-scaled.jpg\" alt=\"\" width=\"2560\" height=\"1792\" srcset=\"https:\/\/kingarms.ee\/wp-content\/uploads\/2024\/02\/123081000_1-scaled.jpg 2560w, https:\/\/kingarms.ee\/wp-content\/uploads\/2024\/02\/123081000_1-300x210.jpg 300w, https:\/\/kingarms.ee\/wp-content\/uploads\/2024\/02\/123081000_1-1024x717.jpg 1024w, https:\/\/kingarms.ee\/wp-content\/uploads\/2024\/02\/123081000_1-768x537.jpg 768w, https:\/\/kingarms.ee\/wp-content\/uploads\/2024\/02\/123081000_1-1536x1075.jpg 1536w, https:\/\/kingarms.ee\/wp-content\/uploads\/2024\/02\/123081000_1-2048x1433.jpg 2048w, https:\/\/kingarms.ee\/wp-content\/uploads\/2024\/02\/123081000_1-500x350.jpg 500w, https:\/\/kingarms.ee\/wp-content\/uploads\/2024\/02\/123081000_1-150x105.jpg 150w\" sizes=\"auto, (max-width: 2560px) 100vw, 2560px\" \/><\/p>\n","protected":false},"excerpt":{"rendered":"<p>Ziepes ir paredz\u0113tas \u0161\u0101v\u0113jiem, \u0160autuves darbiniekiem un r\u016bpniec\u012bbas darbiniekiem, kas str\u0101d\u0101 ar smagajiem met\u0101liem.<\/p>\n<p>Vair\u0101ki p\u0113t\u012bjumi iek\u0161telpu un \u0101ra \u0161autuv\u0113s liecina, ka izklied\u0113tas met\u0101la da\u013ci\u0146as no lodes sadal\u012b\u0161an\u0101s var izrais\u012bt nopietnas vesel\u012bbas probl\u0113mas. Tas var ietekm\u0113t \u0161\u0101v\u0113jus, instruktorus, person\u0101la person\u0101lu un \u0161autuvju apmekl\u0113t\u0101jus.<br \/>\nT\u0101 k\u0101 mun\u012bcijas ra\u017eo\u0161an\u0101 bie\u017ei izmanto varu, hromu, svinu un misi\u0146u, tie ir toksiski pat nelielos daudzumos. <\/p>\n","protected":false},"featured_media":134640,"template":"","meta":{"_acf_changed":false},"product_brand":[],"product_cat":[1119,1012],"product_tag":[],"class_list":{"0":"post-149759","1":"product","2":"type-product","3":"status-publish","4":"has-post-thumbnail","6":"product_cat-celojumu-preces","7":"product_cat-ierocu-uzturesana","9":"first","10":"instock","11":"taxable","12":"shipping-taxable","13":"purchasable","14":"product-type-simple"},"acf":[],"_links":{"self":[{"href":"https:\/\/kingarms.ee\/lv\/wp-json\/wp\/v2\/product\/149759","targetHints":{"allow":["GET"]}}],"collection":[{"href":"https:\/\/kingarms.ee\/lv\/wp-json\/wp\/v2\/product"}],"about":[{"href":"https:\/\/kingarms.ee\/lv\/wp-json\/wp\/v2\/types\/product"}],"wp:featuredmedia":[{"embeddable":true,"href":"https:\/\/kingarms.ee\/lv\/wp-json\/wp\/v2\/media\/134640"}],"wp:attachment":[{"href":"https:\/\/kingarms.ee\/lv\/wp-json\/wp\/v2\/media?parent=149759"}],"wp:term":[{"taxonomy":"product_brand","embeddable":true,"href":"https:\/\/kingarms.ee\/lv\/wp-json\/wp\/v2\/product_brand?post=149759"},{"taxonomy":"product_cat","embeddable":true,"href":"https:\/\/kingarms.ee\/lv\/wp-json\/wp\/v2\/product_cat?post=149759"},{"taxonomy":"product_tag","embeddable":true,"href":"https:\/\/kingarms.ee\/lv\/wp-json\/wp\/v2\/product_tag?post=149759"}],"curies":[{"name":"wp","href":"https:\/\/api.w.org\/{rel}","templated":true}]}}