{"id":149764,"date":"2024-02-05T19:35:15","date_gmt":"2025-05-25T11:40:07","guid":{"rendered":"https:\/\/kingarms.ee\/product\/airsoft-pistole-cm028-cyma\/"},"modified":"2025-08-02T19:43:12","modified_gmt":"2025-08-02T16:43:12","slug":"airsoft-pistole-cm028-cyma","status":"publish","type":"product","link":"https:\/\/kingarms.ee\/lv\/product\/airsoft-pistole-cm028-cyma\/","title":{"rendered":"Airsoft pistole CM028 (CYMA)"},"content":{"rendered":"<p><img loading=\"lazy\" decoding=\"async\" class=\"alignnone size-full wp-image-95705\" src=\"https:\/\/kingarms.ee\/wp-content\/uploads\/2024\/02\/1144793020_1.png\" alt=\"\" width=\"2000\" height=\"1333\" srcset=\"https:\/\/kingarms.ee\/wp-content\/uploads\/2024\/02\/1144793020_1.png 2000w, https:\/\/kingarms.ee\/wp-content\/uploads\/2024\/02\/1144793020_1-300x200.png 300w, https:\/\/kingarms.ee\/wp-content\/uploads\/2024\/02\/1144793020_1-1024x682.png 1024w, https:\/\/kingarms.ee\/wp-content\/uploads\/2024\/02\/1144793020_1-768x512.png 768w, https:\/\/kingarms.ee\/wp-content\/uploads\/2024\/02\/1144793020_1-1536x1024.png 1536w, https:\/\/kingarms.ee\/wp-content\/uploads\/2024\/02\/1144793020_1-500x333.png 500w, https:\/\/kingarms.ee\/wp-content\/uploads\/2024\/02\/1144793020_1-150x100.png 150w\" sizes=\"auto, (max-width: 2000px) 100vw, 2000px\" \/><\/p>\n","protected":false},"excerpt":{"rendered":"<p>Airsoft pistole CM028 (CYMA)<\/p>\n<p>Ra\u017eot\u0101js CYMA<br \/>\n\u0100trums [FPS] 380<br \/>\nP\u0101rnesumk\u0101rbas versija P\u0101rnesumk\u0101rba v3<br \/>\nFotograf\u0113\u0161anas veids Viens \u0161\u0101viens un viens \u0161\u0101viens<br \/>\nIek\u0161\u0113j\u0101s caurules garums [mm] 455<br \/>\nPapl\u0101tes ietilp\u012bba [gab.] 500<br \/>\nHop-Up J\u0101<br \/>\nProdukta svars [g] 2700<br \/>\nMateri\u0101ls plastmasa \/ alum\u012bnijs<br \/>\nMinim\u0101lais garums [mm] 880<br \/>\nProdukta garums [cm] 88<br \/>\nBaro\u0161anas Avots Elektrisk\u0101<\/p>\n","protected":false},"featured_media":134586,"template":"","meta":{"_acf_changed":false},"product_brand":[],"product_cat":[1001],"product_tag":[],"class_list":{"0":"post-149764","1":"product","2":"type-product","3":"status-publish","4":"has-post-thumbnail","6":"product_cat-tirdzniecibas-automati","8":"first","9":"instock","10":"taxable","11":"shipping-taxable","12":"purchasable","13":"product-type-simple"},"acf":[],"_links":{"self":[{"href":"https:\/\/kingarms.ee\/lv\/wp-json\/wp\/v2\/product\/149764","targetHints":{"allow":["GET"]}}],"collection":[{"href":"https:\/\/kingarms.ee\/lv\/wp-json\/wp\/v2\/product"}],"about":[{"href":"https:\/\/kingarms.ee\/lv\/wp-json\/wp\/v2\/types\/product"}],"wp:featuredmedia":[{"embeddable":true,"href":"https:\/\/kingarms.ee\/lv\/wp-json\/wp\/v2\/media\/134586"}],"wp:attachment":[{"href":"https:\/\/kingarms.ee\/lv\/wp-json\/wp\/v2\/media?parent=149764"}],"wp:term":[{"taxonomy":"product_brand","embeddable":true,"href":"https:\/\/kingarms.ee\/lv\/wp-json\/wp\/v2\/product_brand?post=149764"},{"taxonomy":"product_cat","embeddable":true,"href":"https:\/\/kingarms.ee\/lv\/wp-json\/wp\/v2\/product_cat?post=149764"},{"taxonomy":"product_tag","embeddable":true,"href":"https:\/\/kingarms.ee\/lv\/wp-json\/wp\/v2\/product_tag?post=149764"}],"curies":[{"name":"wp","href":"https:\/\/api.w.org\/{rel}","templated":true}]}}