{"id":149765,"date":"2024-02-05T19:15:16","date_gmt":"2025-05-25T11:40:42","guid":{"rendered":"https:\/\/kingarms.ee\/product\/airsoft-gun-sa-c01-core-half-tan-specna-arms\/"},"modified":"2025-08-02T19:45:14","modified_gmt":"2025-08-02T16:45:14","slug":"airsoft-gun-sa-c01-core-half-tan-specna-arms","status":"publish","type":"product","link":"https:\/\/kingarms.ee\/lv\/product\/airsoft-gun-sa-c01-core-half-tan-specna-arms\/","title":{"rendered":"Airsoft gun SA-C01 CORE Half-Tan (Specna Arms)"},"content":{"rendered":"<p><img loading=\"lazy\" decoding=\"async\" class=\"alignnone size-full wp-image-95661\" src=\"https:\/\/kingarms.ee\/wp-content\/uploads\/2024\/02\/1152215717_1.png\" alt=\"\" width=\"1995\" height=\"1333\" srcset=\"https:\/\/kingarms.ee\/wp-content\/uploads\/2024\/02\/1152215717_1.png 1995w, https:\/\/kingarms.ee\/wp-content\/uploads\/2024\/02\/1152215717_1-300x200.png 300w, https:\/\/kingarms.ee\/wp-content\/uploads\/2024\/02\/1152215717_1-1024x684.png 1024w, https:\/\/kingarms.ee\/wp-content\/uploads\/2024\/02\/1152215717_1-768x513.png 768w, https:\/\/kingarms.ee\/wp-content\/uploads\/2024\/02\/1152215717_1-1536x1026.png 1536w, https:\/\/kingarms.ee\/wp-content\/uploads\/2024\/02\/1152215717_1-500x334.png 500w, https:\/\/kingarms.ee\/wp-content\/uploads\/2024\/02\/1152215717_1-150x100.png 150w\" sizes=\"auto, (max-width: 1995px) 100vw, 1995px\" \/><\/p>\n","protected":false},"excerpt":{"rendered":"<p>Airsoft gun SA-C01 CORE Half-Tan (Specna Arms)<\/p>\n<p>Ra\u017eot\u0101js Specna Arms<br \/>\n\u0100trums [FPS] 380<br \/>\nP\u0101rnesumk\u0101rbas versija P\u0101rnesumk\u0101rba v2<br \/>\nFotograf\u0113\u0161anas veids atsevi\u0161\u0137i kadri un Kadri<br \/>\nIek\u0161\u0113j\u0101s caurules garums [mm] 380<br \/>\nPapl\u0101tes ietilp\u012bba [gab.] 380<br \/>\nHop-Up J\u0101<br \/>\nV\u012btnes Tips 14mm CCW<br \/>\nKr\u0101sa Da\u013c\u0113ji Br\u016bna<br \/>\nProdukta svars [g] 5000<br \/>\nMateri\u0101ls Plastmasa<br \/>\nMinim\u0101lais garums [mm] 800<br \/>\nPlug Tips Tamiya mazs<br \/>\nProdukta garums [cm] 88<br \/>\nSpecna iero\u010du l\u012bnijas kodols.<br \/>\nBaro\u0161anas Avots Elektrisk\u0101<\/p>\n<p>Akumulators un l\u0101d\u0113t\u0101js nav iek\u013cauti. M\u0113s iesak\u0101m LIPO<\/p>\n","protected":false},"featured_media":134570,"template":"","meta":{"_acf_changed":false},"product_brand":[],"product_cat":[1001],"product_tag":[],"class_list":{"0":"post-149765","1":"product","2":"type-product","3":"status-publish","4":"has-post-thumbnail","6":"product_cat-tirdzniecibas-automati","8":"first","9":"onbackorder","10":"taxable","11":"shipping-taxable","12":"product-type-simple"},"acf":[],"_links":{"self":[{"href":"https:\/\/kingarms.ee\/lv\/wp-json\/wp\/v2\/product\/149765","targetHints":{"allow":["GET"]}}],"collection":[{"href":"https:\/\/kingarms.ee\/lv\/wp-json\/wp\/v2\/product"}],"about":[{"href":"https:\/\/kingarms.ee\/lv\/wp-json\/wp\/v2\/types\/product"}],"wp:featuredmedia":[{"embeddable":true,"href":"https:\/\/kingarms.ee\/lv\/wp-json\/wp\/v2\/media\/134570"}],"wp:attachment":[{"href":"https:\/\/kingarms.ee\/lv\/wp-json\/wp\/v2\/media?parent=149765"}],"wp:term":[{"taxonomy":"product_brand","embeddable":true,"href":"https:\/\/kingarms.ee\/lv\/wp-json\/wp\/v2\/product_brand?post=149765"},{"taxonomy":"product_cat","embeddable":true,"href":"https:\/\/kingarms.ee\/lv\/wp-json\/wp\/v2\/product_cat?post=149765"},{"taxonomy":"product_tag","embeddable":true,"href":"https:\/\/kingarms.ee\/lv\/wp-json\/wp\/v2\/product_tag?post=149765"}],"curies":[{"name":"wp","href":"https:\/\/api.w.org\/{rel}","templated":true}]}}