{"id":149767,"date":"2024-02-05T18:44:25","date_gmt":"2025-05-25T11:41:55","guid":{"rendered":"https:\/\/kingarms.ee\/product\/airsoft-lielgabals-ak47-spartaks\/"},"modified":"2025-08-02T19:46:48","modified_gmt":"2025-08-02T16:46:48","slug":"airsoft-lielgabals-ak47-spartaks","status":"publish","type":"product","link":"https:\/\/kingarms.ee\/lv\/product\/airsoft-lielgabals-ak47-spartaks\/","title":{"rendered":"Airsoft lielgabals AK47 (Spartaks)"},"content":{"rendered":"<p><img loading=\"lazy\" decoding=\"async\" class=\"alignnone size-full wp-image-95608\" src=\"https:\/\/kingarms.ee\/wp-content\/uploads\/2024\/02\/1152204725_1.png\" alt=\"\" width=\"800\" height=\"533\" srcset=\"https:\/\/kingarms.ee\/wp-content\/uploads\/2024\/02\/1152204725_1.png 800w, https:\/\/kingarms.ee\/wp-content\/uploads\/2024\/02\/1152204725_1-300x200.png 300w, https:\/\/kingarms.ee\/wp-content\/uploads\/2024\/02\/1152204725_1-768x512.png 768w, https:\/\/kingarms.ee\/wp-content\/uploads\/2024\/02\/1152204725_1-500x333.png 500w, https:\/\/kingarms.ee\/wp-content\/uploads\/2024\/02\/1152204725_1-150x100.png 150w\" sizes=\"auto, (max-width: 800px) 100vw, 800px\" \/><\/p>\n","protected":false},"excerpt":{"rendered":"<p>Airsoft lielgabals AK47 (Spartaks)<\/p>\n<p>Ra\u017eot\u0101js SRT<br \/>\n\u0100trums [FPS] 400<br \/>\nP\u0101rnesumk\u0101rbas versija P\u0101rnesumk\u0101rba v3<br \/>\nFotograf\u0113\u0161anas veids atsevi\u0161\u0137i kadri un Kadri<br \/>\nIek\u0161\u0113j\u0101s caurules garums [mm] 455<br \/>\nPapl\u0101tes ietilp\u012bba [gab.] 500<br \/>\nHop-Up J\u0101<br \/>\nPretreakcijas Nr.<br \/>\nProdukta svars [g] 2155<br \/>\nMateri\u0101ls Plastmasa<br \/>\nProdukta garums [cm] 87<br \/>\nBaro\u0161anas Avots Elektrisk\u0101<br \/>\nMOSFET \/ ETU NR.<\/p>\n<p>Akumulators un l\u0101d\u0113t\u0101js nav iek\u013cauti. M\u0113s iesak\u0101m izmantot LIPO<\/p>\n","protected":false},"featured_media":134550,"template":"","meta":{"_acf_changed":false},"product_brand":[],"product_cat":[1001],"product_tag":[],"class_list":{"0":"post-149767","1":"product","2":"type-product","3":"status-publish","4":"has-post-thumbnail","6":"product_cat-tirdzniecibas-automati","8":"first","9":"onbackorder","10":"taxable","11":"shipping-taxable","12":"product-type-simple"},"acf":[],"_links":{"self":[{"href":"https:\/\/kingarms.ee\/lv\/wp-json\/wp\/v2\/product\/149767","targetHints":{"allow":["GET"]}}],"collection":[{"href":"https:\/\/kingarms.ee\/lv\/wp-json\/wp\/v2\/product"}],"about":[{"href":"https:\/\/kingarms.ee\/lv\/wp-json\/wp\/v2\/types\/product"}],"wp:featuredmedia":[{"embeddable":true,"href":"https:\/\/kingarms.ee\/lv\/wp-json\/wp\/v2\/media\/134550"}],"wp:attachment":[{"href":"https:\/\/kingarms.ee\/lv\/wp-json\/wp\/v2\/media?parent=149767"}],"wp:term":[{"taxonomy":"product_brand","embeddable":true,"href":"https:\/\/kingarms.ee\/lv\/wp-json\/wp\/v2\/product_brand?post=149767"},{"taxonomy":"product_cat","embeddable":true,"href":"https:\/\/kingarms.ee\/lv\/wp-json\/wp\/v2\/product_cat?post=149767"},{"taxonomy":"product_tag","embeddable":true,"href":"https:\/\/kingarms.ee\/lv\/wp-json\/wp\/v2\/product_tag?post=149767"}],"curies":[{"name":"wp","href":"https:\/\/api.w.org\/{rel}","templated":true}]}}