{"id":149768,"date":"2024-02-04T18:32:31","date_gmt":"2025-05-25T11:42:24","guid":{"rendered":"https:\/\/kingarms.ee\/product\/telts-monodom-3-cilveki-flecktarn\/"},"modified":"2025-08-02T19:47:47","modified_gmt":"2025-08-02T16:47:47","slug":"telts-monodom-3-cilveki-flecktarn","status":"publish","type":"product","link":"https:\/\/kingarms.ee\/lv\/product\/telts-monodom-3-cilveki-flecktarn\/","title":{"rendered":"Telts, &#8220;Monodom&#8221;, 3 cilv\u0113ki, flecktarn"},"content":{"rendered":"<p><img loading=\"lazy\" decoding=\"async\" class=\"alignnone size-full wp-image-95440\" src=\"https:\/\/kingarms.ee\/wp-content\/uploads\/2024\/02\/32103V.jpeg\" alt=\"\" width=\"1200\" height=\"1200\" srcset=\"https:\/\/kingarms.ee\/wp-content\/uploads\/2024\/02\/32103V.jpeg 1200w, https:\/\/kingarms.ee\/wp-content\/uploads\/2024\/02\/32103V-300x300.jpeg 300w, https:\/\/kingarms.ee\/wp-content\/uploads\/2024\/02\/32103V-1024x1024.jpeg 1024w, https:\/\/kingarms.ee\/wp-content\/uploads\/2024\/02\/32103V-150x150.jpeg 150w, https:\/\/kingarms.ee\/wp-content\/uploads\/2024\/02\/32103V-768x768.jpeg 768w, https:\/\/kingarms.ee\/wp-content\/uploads\/2024\/02\/32103V-500x500.jpeg 500w\" sizes=\"auto, (max-width: 1200px) 100vw, 1200px\" \/><\/p>\n","protected":false},"excerpt":{"rendered":"<p>vienas sienas konstrukcija<br \/>\nieeja ar mosk\u012btu t\u012bklu un r\u0101v\u0113jsl\u0113dz\u0113ju<br \/>\nviegls, sp\u0113c\u012bgs stikla \u0161\u0137iedras stabi<br \/>\nb\u0101zes loksne, kas izgatavota no nesl\u012bdo\u0161a, iztur\u012bga PU auduma<br \/>\nt\u0113rauda telts p\u0101\u013ci un virves iek\u013cauti<br \/>\ntransporta soma ar rokturi<br \/>\n\u016adens kolonna: 1500 mm<br \/>\nIepakojuma izm\u0113rs: apm. 65 x 12 x 12 cm (P x L x H)<br \/>\nIzm\u0113ri: apm. 210 x 210 x 130 cm (P x L x H)<br \/>\nSvars ar Transporta maisu: apm. 2, 0 kg<\/p>\n<p>Materi\u0101ls:<br \/>\n100% poliesters (190T ar PU p\u0101rkl\u0101jumu)<br \/>\nB\u0101zes sl\u0101nis: 100% polietil\u0113ns<\/p>\n","protected":false},"featured_media":134504,"template":"","meta":{"_acf_changed":false},"product_brand":[],"product_cat":[1119],"product_tag":[],"class_list":{"0":"post-149768","1":"product","2":"type-product","3":"status-publish","4":"has-post-thumbnail","6":"product_cat-celojumu-preces","8":"first","9":"instock","10":"taxable","11":"shipping-taxable","12":"purchasable","13":"product-type-simple"},"acf":[],"_links":{"self":[{"href":"https:\/\/kingarms.ee\/lv\/wp-json\/wp\/v2\/product\/149768","targetHints":{"allow":["GET"]}}],"collection":[{"href":"https:\/\/kingarms.ee\/lv\/wp-json\/wp\/v2\/product"}],"about":[{"href":"https:\/\/kingarms.ee\/lv\/wp-json\/wp\/v2\/types\/product"}],"wp:featuredmedia":[{"embeddable":true,"href":"https:\/\/kingarms.ee\/lv\/wp-json\/wp\/v2\/media\/134504"}],"wp:attachment":[{"href":"https:\/\/kingarms.ee\/lv\/wp-json\/wp\/v2\/media?parent=149768"}],"wp:term":[{"taxonomy":"product_brand","embeddable":true,"href":"https:\/\/kingarms.ee\/lv\/wp-json\/wp\/v2\/product_brand?post=149768"},{"taxonomy":"product_cat","embeddable":true,"href":"https:\/\/kingarms.ee\/lv\/wp-json\/wp\/v2\/product_cat?post=149768"},{"taxonomy":"product_tag","embeddable":true,"href":"https:\/\/kingarms.ee\/lv\/wp-json\/wp\/v2\/product_tag?post=149768"}],"curies":[{"name":"wp","href":"https:\/\/api.w.org\/{rel}","templated":true}]}}