{"id":149769,"date":"2024-02-04T18:29:40","date_gmt":"2025-05-25T11:43:00","guid":{"rendered":"https:\/\/kingarms.ee\/product\/izdzivosanas-telts-oranza-viena-puse-ar-aluminija-vaku\/"},"modified":"2025-08-02T19:48:37","modified_gmt":"2025-08-02T16:48:37","slug":"izdzivosanas-telts-oranza-viena-puse-ar-aluminija-vaku","status":"publish","type":"product","link":"https:\/\/kingarms.ee\/lv\/product\/izdzivosanas-telts-oranza-viena-puse-ar-aluminija-vaku\/","title":{"rendered":"Izdz\u012bvo\u0161anas telts oran\u017ea viena puse ar alum\u012bnija v\u0101ku"},"content":{"rendered":"<p><img loading=\"lazy\" decoding=\"async\" class=\"alignnone size-full wp-image-95423\" src=\"https:\/\/kingarms.ee\/wp-content\/uploads\/2024\/02\/32040.jpeg\" alt=\"\" width=\"1200\" height=\"1200\" srcset=\"https:\/\/kingarms.ee\/wp-content\/uploads\/2024\/02\/32040.jpeg 1200w, https:\/\/kingarms.ee\/wp-content\/uploads\/2024\/02\/32040-300x300.jpeg 300w, https:\/\/kingarms.ee\/wp-content\/uploads\/2024\/02\/32040-1024x1024.jpeg 1024w, https:\/\/kingarms.ee\/wp-content\/uploads\/2024\/02\/32040-150x150.jpeg 150w, https:\/\/kingarms.ee\/wp-content\/uploads\/2024\/02\/32040-768x768.jpeg 768w, https:\/\/kingarms.ee\/wp-content\/uploads\/2024\/02\/32040-500x500.jpeg 500w\" sizes=\"auto, (max-width: 1200px) 100vw, 1200px\" \/><\/p>\n","protected":false},"excerpt":{"rendered":"<p>Izdz\u012bvo\u0161anas telts oran\u017ea viena puse ar alum\u012bnija v\u0101ku<\/p>\n<p>aizsardz\u012bba pret aukstumu, mitrumu, v\u0113ju un karstumu<br \/>\n1 telts brezents ar 4 met\u0101la cilp\u0101m<br \/>\n1 virve, apm. 6 m<br \/>\n2 mont\u0101\u017eas kron\u0161teini<br \/>\n4 telts sve\u0137i<br \/>\n1 uguns starteris ar sign\u0101la svilpi<br \/>\n5 kokvilnas Tinder gabali<br \/>\ntransporta soma ar svilpi stieples aizb\u0101zn\u012b<br \/>\nIzm\u0113ri: apm. 244 x 155 cm<br \/>\nIepakojuma izm\u0113rs: apm. 8 x 23 cm (Di x K)<br \/>\nSvars: apm. 325 g<\/p>\n<p>Materi\u0101ls:<br \/>\nPolietil\u0113ns<\/p>\n","protected":false},"featured_media":134530,"template":"","meta":{"_acf_changed":false},"product_brand":[],"product_cat":[1119],"product_tag":[],"class_list":{"0":"post-149769","1":"product","2":"type-product","3":"status-publish","4":"has-post-thumbnail","6":"product_cat-celojumu-preces","8":"first","9":"instock","10":"taxable","11":"shipping-taxable","12":"purchasable","13":"product-type-simple"},"acf":[],"_links":{"self":[{"href":"https:\/\/kingarms.ee\/lv\/wp-json\/wp\/v2\/product\/149769","targetHints":{"allow":["GET"]}}],"collection":[{"href":"https:\/\/kingarms.ee\/lv\/wp-json\/wp\/v2\/product"}],"about":[{"href":"https:\/\/kingarms.ee\/lv\/wp-json\/wp\/v2\/types\/product"}],"wp:featuredmedia":[{"embeddable":true,"href":"https:\/\/kingarms.ee\/lv\/wp-json\/wp\/v2\/media\/134530"}],"wp:attachment":[{"href":"https:\/\/kingarms.ee\/lv\/wp-json\/wp\/v2\/media?parent=149769"}],"wp:term":[{"taxonomy":"product_brand","embeddable":true,"href":"https:\/\/kingarms.ee\/lv\/wp-json\/wp\/v2\/product_brand?post=149769"},{"taxonomy":"product_cat","embeddable":true,"href":"https:\/\/kingarms.ee\/lv\/wp-json\/wp\/v2\/product_cat?post=149769"},{"taxonomy":"product_tag","embeddable":true,"href":"https:\/\/kingarms.ee\/lv\/wp-json\/wp\/v2\/product_tag?post=149769"}],"curies":[{"name":"wp","href":"https:\/\/api.w.org\/{rel}","templated":true}]}}