{"id":149770,"date":"2024-02-04T18:22:40","date_gmt":"2025-05-25T11:43:24","guid":{"rendered":"https:\/\/kingarms.ee\/product\/saulessargs-diametrs-180-cm-mezs\/"},"modified":"2025-08-02T19:50:21","modified_gmt":"2025-08-02T16:50:21","slug":"saulessargs-diametrs-180-cm-mezs","status":"publish","type":"product","link":"https:\/\/kingarms.ee\/lv\/product\/saulessargs-diametrs-180-cm-mezs\/","title":{"rendered":"Saulessargs, diametrs 180 cm (me\u017es)"},"content":{"rendered":"<p><img loading=\"lazy\" decoding=\"async\" class=\"alignnone size-full wp-image-95395\" src=\"https:\/\/kingarms.ee\/wp-content\/uploads\/2024\/02\/eng_pl_PARASOL-180-CM-DIAMETER-BUNDESWEHR-CAMOUFLAGE-49545_1.jpeg\" alt=\"\" width=\"1200\" height=\"1200\" srcset=\"https:\/\/kingarms.ee\/wp-content\/uploads\/2024\/02\/eng_pl_PARASOL-180-CM-DIAMETER-BUNDESWEHR-CAMOUFLAGE-49545_1.jpeg 1200w, https:\/\/kingarms.ee\/wp-content\/uploads\/2024\/02\/eng_pl_PARASOL-180-CM-DIAMETER-BUNDESWEHR-CAMOUFLAGE-49545_1-300x300.jpeg 300w, https:\/\/kingarms.ee\/wp-content\/uploads\/2024\/02\/eng_pl_PARASOL-180-CM-DIAMETER-BUNDESWEHR-CAMOUFLAGE-49545_1-1024x1024.jpeg 1024w, https:\/\/kingarms.ee\/wp-content\/uploads\/2024\/02\/eng_pl_PARASOL-180-CM-DIAMETER-BUNDESWEHR-CAMOUFLAGE-49545_1-150x150.jpeg 150w, https:\/\/kingarms.ee\/wp-content\/uploads\/2024\/02\/eng_pl_PARASOL-180-CM-DIAMETER-BUNDESWEHR-CAMOUFLAGE-49545_1-768x768.jpeg 768w, https:\/\/kingarms.ee\/wp-content\/uploads\/2024\/02\/eng_pl_PARASOL-180-CM-DIAMETER-BUNDESWEHR-CAMOUFLAGE-49545_1-500x500.jpeg 500w\" sizes=\"auto, (max-width: 1200px) 100vw, 1200px\" \/><\/p>\n","protected":false},"excerpt":{"rendered":"<p>Uzst\u0101d\u012b\u0161ana ir vienk\u0101r\u0161a, zem\u0113<br \/>\n2-da\u013ca<br \/>\nnoliek\u0161anas ier\u012bce<br \/>\npole diametrs: apm. 22 mm<br \/>\njumta augstums: apm. 180 cm<\/p>\n<p>Materi\u0101ls:<br \/>\nJumta nojume: 100% poliesters<br \/>\nPuse: T\u0113rauds<\/p>\n","protected":false},"featured_media":134508,"template":"","meta":{"_acf_changed":false},"product_brand":[],"product_cat":[1119],"product_tag":[],"class_list":{"0":"post-149770","1":"product","2":"type-product","3":"status-publish","4":"has-post-thumbnail","6":"product_cat-celojumu-preces","8":"first","9":"instock","10":"taxable","11":"shipping-taxable","12":"purchasable","13":"product-type-simple"},"acf":[],"_links":{"self":[{"href":"https:\/\/kingarms.ee\/lv\/wp-json\/wp\/v2\/product\/149770","targetHints":{"allow":["GET"]}}],"collection":[{"href":"https:\/\/kingarms.ee\/lv\/wp-json\/wp\/v2\/product"}],"about":[{"href":"https:\/\/kingarms.ee\/lv\/wp-json\/wp\/v2\/types\/product"}],"wp:featuredmedia":[{"embeddable":true,"href":"https:\/\/kingarms.ee\/lv\/wp-json\/wp\/v2\/media\/134508"}],"wp:attachment":[{"href":"https:\/\/kingarms.ee\/lv\/wp-json\/wp\/v2\/media?parent=149770"}],"wp:term":[{"taxonomy":"product_brand","embeddable":true,"href":"https:\/\/kingarms.ee\/lv\/wp-json\/wp\/v2\/product_brand?post=149770"},{"taxonomy":"product_cat","embeddable":true,"href":"https:\/\/kingarms.ee\/lv\/wp-json\/wp\/v2\/product_cat?post=149770"},{"taxonomy":"product_tag","embeddable":true,"href":"https:\/\/kingarms.ee\/lv\/wp-json\/wp\/v2\/product_tag?post=149770"}],"curies":[{"name":"wp","href":"https:\/\/api.w.org\/{rel}","templated":true}]}}