{"id":149771,"date":"2024-02-04T18:19:02","date_gmt":"2025-05-25T11:43:57","guid":{"rendered":"https:\/\/kingarms.ee\/product\/saulessargs-diametrs-180-cm\/"},"modified":"2025-08-02T19:51:13","modified_gmt":"2025-08-02T16:51:13","slug":"saulessargs-diametrs-180-cm","status":"publish","type":"product","link":"https:\/\/kingarms.ee\/lv\/product\/saulessargs-diametrs-180-cm\/","title":{"rendered":"Saulessargs, diametrs 180 cm"},"content":{"rendered":"<p><img loading=\"lazy\" decoding=\"async\" class=\"alignnone size-full wp-image-95382\" src=\"https:\/\/kingarms.ee\/wp-content\/uploads\/2024\/02\/37400N.jpeg\" alt=\"\" width=\"1200\" height=\"1200\" srcset=\"https:\/\/kingarms.ee\/wp-content\/uploads\/2024\/02\/37400N.jpeg 1200w, https:\/\/kingarms.ee\/wp-content\/uploads\/2024\/02\/37400N-300x300.jpeg 300w, https:\/\/kingarms.ee\/wp-content\/uploads\/2024\/02\/37400N-1024x1024.jpeg 1024w, https:\/\/kingarms.ee\/wp-content\/uploads\/2024\/02\/37400N-150x150.jpeg 150w, https:\/\/kingarms.ee\/wp-content\/uploads\/2024\/02\/37400N-768x768.jpeg 768w, https:\/\/kingarms.ee\/wp-content\/uploads\/2024\/02\/37400N-500x500.jpeg 500w\" sizes=\"auto, (max-width: 1200px) 100vw, 1200px\" \/><\/p>\n","protected":false},"excerpt":{"rendered":"<p>Uzst\u0101d\u012b\u0161ana ir vienk\u0101r\u0161a, zem\u0113<br \/>\n2-da\u013ca<br \/>\nnoliek\u0161anas ier\u012bce<br \/>\npole diametrs: apm. 22 mm<br \/>\njumta augstums: apm. 180 cm<\/p>\n<p>Materjal:<br \/>\nVihmavarju varikatus: 100% pol\u00fcester<br \/>\nPool: teras<\/p>\n","protected":false},"featured_media":134534,"template":"","meta":{"_acf_changed":false},"product_brand":[],"product_cat":[1119],"product_tag":[],"class_list":{"0":"post-149771","1":"product","2":"type-product","3":"status-publish","4":"has-post-thumbnail","6":"product_cat-celojumu-preces","8":"first","9":"instock","10":"taxable","11":"shipping-taxable","12":"purchasable","13":"product-type-simple"},"acf":[],"_links":{"self":[{"href":"https:\/\/kingarms.ee\/lv\/wp-json\/wp\/v2\/product\/149771","targetHints":{"allow":["GET"]}}],"collection":[{"href":"https:\/\/kingarms.ee\/lv\/wp-json\/wp\/v2\/product"}],"about":[{"href":"https:\/\/kingarms.ee\/lv\/wp-json\/wp\/v2\/types\/product"}],"wp:featuredmedia":[{"embeddable":true,"href":"https:\/\/kingarms.ee\/lv\/wp-json\/wp\/v2\/media\/134534"}],"wp:attachment":[{"href":"https:\/\/kingarms.ee\/lv\/wp-json\/wp\/v2\/media?parent=149771"}],"wp:term":[{"taxonomy":"product_brand","embeddable":true,"href":"https:\/\/kingarms.ee\/lv\/wp-json\/wp\/v2\/product_brand?post=149771"},{"taxonomy":"product_cat","embeddable":true,"href":"https:\/\/kingarms.ee\/lv\/wp-json\/wp\/v2\/product_cat?post=149771"},{"taxonomy":"product_tag","embeddable":true,"href":"https:\/\/kingarms.ee\/lv\/wp-json\/wp\/v2\/product_tag?post=149771"}],"curies":[{"name":"wp","href":"https:\/\/api.w.org\/{rel}","templated":true}]}}