{"id":149776,"date":"2024-02-04T17:58:08","date_gmt":"2025-05-25T11:46:11","guid":{"rendered":"https:\/\/kingarms.ee\/product\/hu-stativs-ca-1-m-dzelzs-kede-un-akis\/"},"modified":"2025-05-25T14:46:11","modified_gmt":"2025-05-25T11:46:11","slug":"hu-stativs-ca-1-m-dzelzs-kede-un-akis","status":"publish","type":"product","link":"https:\/\/kingarms.ee\/lv\/product\/hu-stativs-ca-1-m-dzelzs-kede-un-akis\/","title":{"rendered":"HU stat\u012bvs, ca. 1 m, dzelzs, \u0137\u0113de un \u0101\u0137is"},"content":{"rendered":"<p><img loading=\"lazy\" decoding=\"async\" class=\"alignnone size-full wp-image-95331\" src=\"https:\/\/kingarms.ee\/wp-content\/uploads\/2024\/02\/33615A.jpeg\" alt=\"\" width=\"1200\" height=\"1200\" srcset=\"https:\/\/kingarms.ee\/wp-content\/uploads\/2024\/02\/33615A.jpeg 1200w, https:\/\/kingarms.ee\/wp-content\/uploads\/2024\/02\/33615A-300x300.jpeg 300w, https:\/\/kingarms.ee\/wp-content\/uploads\/2024\/02\/33615A-1024x1024.jpeg 1024w, https:\/\/kingarms.ee\/wp-content\/uploads\/2024\/02\/33615A-150x150.jpeg 150w, https:\/\/kingarms.ee\/wp-content\/uploads\/2024\/02\/33615A-768x768.jpeg 768w, https:\/\/kingarms.ee\/wp-content\/uploads\/2024\/02\/33615A-500x500.jpeg 500w\" sizes=\"auto, (max-width: 1200px) 100vw, 1200px\" \/><\/p>\n","protected":false},"excerpt":{"rendered":"<p>k\u0101jas garums apm. 1 m<br \/>\nregul\u0113jams augstums<br \/>\nrot\u0113jo\u0161s \u0137\u0113des rokturis uz aug\u0161u<br \/>\nSvars: apm. 1, 8 kg  <\/p>\n<p>Materi\u0101ls:<br \/>\n100% dzelzs<\/p>\n","protected":false},"featured_media":134538,"template":"","meta":{"_acf_changed":false},"product_brand":[],"product_cat":[1119],"product_tag":[],"class_list":{"0":"post-149776","1":"product","2":"type-product","3":"status-publish","4":"has-post-thumbnail","6":"product_cat-celojumu-preces","8":"first","9":"instock","10":"taxable","11":"shipping-taxable","12":"purchasable","13":"product-type-simple"},"acf":[],"_links":{"self":[{"href":"https:\/\/kingarms.ee\/lv\/wp-json\/wp\/v2\/product\/149776","targetHints":{"allow":["GET"]}}],"collection":[{"href":"https:\/\/kingarms.ee\/lv\/wp-json\/wp\/v2\/product"}],"about":[{"href":"https:\/\/kingarms.ee\/lv\/wp-json\/wp\/v2\/types\/product"}],"wp:featuredmedia":[{"embeddable":true,"href":"https:\/\/kingarms.ee\/lv\/wp-json\/wp\/v2\/media\/134538"}],"wp:attachment":[{"href":"https:\/\/kingarms.ee\/lv\/wp-json\/wp\/v2\/media?parent=149776"}],"wp:term":[{"taxonomy":"product_brand","embeddable":true,"href":"https:\/\/kingarms.ee\/lv\/wp-json\/wp\/v2\/product_brand?post=149776"},{"taxonomy":"product_cat","embeddable":true,"href":"https:\/\/kingarms.ee\/lv\/wp-json\/wp\/v2\/product_cat?post=149776"},{"taxonomy":"product_tag","embeddable":true,"href":"https:\/\/kingarms.ee\/lv\/wp-json\/wp\/v2\/product_tag?post=149776"}],"curies":[{"name":"wp","href":"https:\/\/api.w.org\/{rel}","templated":true}]}}