{"id":149784,"date":"2024-02-04T17:35:03","date_gmt":"2025-05-25T12:04:44","guid":{"rendered":"https:\/\/kingarms.ee\/product\/nazis-locisanas-nerusejosa-terauda\/"},"modified":"2025-05-25T15:04:44","modified_gmt":"2025-05-25T12:04:44","slug":"nazis-locisanas-nerusejosa-terauda","status":"publish","type":"product","link":"https:\/\/kingarms.ee\/lv\/product\/nazis-locisanas-nerusejosa-terauda\/","title":{"rendered":"Nazis loc\u012b\u0161anas ner\u016bs\u0113jo\u0161\u0101 t\u0113rauda"},"content":{"rendered":"<p><img loading=\"lazy\" decoding=\"async\" class=\"alignnone size-full wp-image-95250\" src=\"https:\/\/kingarms.ee\/wp-content\/uploads\/2024\/02\/33431.jpeg\" alt=\"\" width=\"1200\" height=\"1200\" srcset=\"https:\/\/kingarms.ee\/wp-content\/uploads\/2024\/02\/33431.jpeg 1200w, https:\/\/kingarms.ee\/wp-content\/uploads\/2024\/02\/33431-300x300.jpeg 300w, https:\/\/kingarms.ee\/wp-content\/uploads\/2024\/02\/33431-1024x1024.jpeg 1024w, https:\/\/kingarms.ee\/wp-content\/uploads\/2024\/02\/33431-150x150.jpeg 150w, https:\/\/kingarms.ee\/wp-content\/uploads\/2024\/02\/33431-768x768.jpeg 768w, https:\/\/kingarms.ee\/wp-content\/uploads\/2024\/02\/33431-500x500.jpeg 500w\" sizes=\"auto, (max-width: 1200px) 100vw, 1200px\" \/><\/p>\n","protected":false},"excerpt":{"rendered":"<p>Nazis loc\u012b\u0161anas ner\u016bs\u0113jo\u0161\u0101 t\u0113rauda<\/p>\n<p>Garums:<br \/>\natloc\u012bts apm. 16.5 cm<br \/>\nsaloc\u012bts ca. 9.5 cm<br \/>\nSvars: apm. 20 g   <\/p>\n<p>Materi\u0101ls:<br \/>\n100% ner\u016bs\u0113jo\u0161ais t\u0113rauds (2cr14)<\/p>\n","protected":false},"featured_media":134456,"template":"","meta":{"_acf_changed":false},"product_brand":[],"product_cat":[1119],"product_tag":[],"class_list":{"0":"post-149784","1":"product","2":"type-product","3":"status-publish","4":"has-post-thumbnail","6":"product_cat-celojumu-preces","8":"first","9":"instock","10":"taxable","11":"shipping-taxable","12":"purchasable","13":"product-type-simple"},"acf":[],"_links":{"self":[{"href":"https:\/\/kingarms.ee\/lv\/wp-json\/wp\/v2\/product\/149784","targetHints":{"allow":["GET"]}}],"collection":[{"href":"https:\/\/kingarms.ee\/lv\/wp-json\/wp\/v2\/product"}],"about":[{"href":"https:\/\/kingarms.ee\/lv\/wp-json\/wp\/v2\/types\/product"}],"wp:featuredmedia":[{"embeddable":true,"href":"https:\/\/kingarms.ee\/lv\/wp-json\/wp\/v2\/media\/134456"}],"wp:attachment":[{"href":"https:\/\/kingarms.ee\/lv\/wp-json\/wp\/v2\/media?parent=149784"}],"wp:term":[{"taxonomy":"product_brand","embeddable":true,"href":"https:\/\/kingarms.ee\/lv\/wp-json\/wp\/v2\/product_brand?post=149784"},{"taxonomy":"product_cat","embeddable":true,"href":"https:\/\/kingarms.ee\/lv\/wp-json\/wp\/v2\/product_cat?post=149784"},{"taxonomy":"product_tag","embeddable":true,"href":"https:\/\/kingarms.ee\/lv\/wp-json\/wp\/v2\/product_tag?post=149784"}],"curies":[{"name":"wp","href":"https:\/\/api.w.org\/{rel}","templated":true}]}}