{"id":149785,"date":"2024-02-04T17:25:11","date_gmt":"2025-05-25T12:05:08","guid":{"rendered":"https:\/\/kingarms.ee\/product\/tripod-trekking-aluminijs-ar-kedi-un-aki\/"},"modified":"2025-05-25T15:05:08","modified_gmt":"2025-05-25T12:05:08","slug":"tripod-trekking-aluminijs-ar-kedi-un-aki","status":"publish","type":"product","link":"https:\/\/kingarms.ee\/lv\/product\/tripod-trekking-aluminijs-ar-kedi-un-aki\/","title":{"rendered":"Tripod, &#8220;Trekking&#8221;, alum\u012bnijs, ar \u0137\u0113di un \u0101\u0137i"},"content":{"rendered":"<p><img loading=\"lazy\" decoding=\"async\" class=\"alignnone size-full wp-image-95227\" src=\"https:\/\/kingarms.ee\/wp-content\/uploads\/2024\/02\/33635.jpeg\" alt=\"\" width=\"1200\" height=\"1200\" srcset=\"https:\/\/kingarms.ee\/wp-content\/uploads\/2024\/02\/33635.jpeg 1200w, https:\/\/kingarms.ee\/wp-content\/uploads\/2024\/02\/33635-300x300.jpeg 300w, https:\/\/kingarms.ee\/wp-content\/uploads\/2024\/02\/33635-1024x1024.jpeg 1024w, https:\/\/kingarms.ee\/wp-content\/uploads\/2024\/02\/33635-150x150.jpeg 150w, https:\/\/kingarms.ee\/wp-content\/uploads\/2024\/02\/33635-768x768.jpeg 768w, https:\/\/kingarms.ee\/wp-content\/uploads\/2024\/02\/33635-500x500.jpeg 500w\" sizes=\"auto, (max-width: 1200px) 100vw, 1200px\" \/><\/p>\n","protected":false},"excerpt":{"rendered":"<p>k\u0101jas sast\u0101v no 3 ca. 30 cm gar\u0161<br \/>\nskr\u016bv\u0113jamas deta\u013cas<br \/>\n\u0137\u0113des garums ar regul\u0113jamu \u0101\u0137i<br \/>\nno apm. 12-45 cm blo\u0137\u0113\u0161anas tapa<br \/>\nno\u0146emams un kompakti salok\u0101ms<br \/>\nieskaitot transporta maisu<br \/>\nSamont\u0113ts augstums: apm. 80 cm<br \/>\nIepakojuma izm\u0113rs: apm. 30 x 5 cm<br \/>\nSvars: apm. 450 g     <\/p>\n<p>Materi\u0101ls:<br \/>\nStat\u012bvs: 100% Alum\u012bnijs<br \/>\n\u0136\u0113de un \u0101\u0137is: 100% met\u0101ls<\/p>\n","protected":false},"featured_media":134514,"template":"","meta":{"_acf_changed":false},"product_brand":[],"product_cat":[1119],"product_tag":[],"class_list":{"0":"post-149785","1":"product","2":"type-product","3":"status-publish","4":"has-post-thumbnail","6":"product_cat-celojumu-preces","8":"first","9":"instock","10":"taxable","11":"shipping-taxable","12":"purchasable","13":"product-type-simple"},"acf":[],"_links":{"self":[{"href":"https:\/\/kingarms.ee\/lv\/wp-json\/wp\/v2\/product\/149785","targetHints":{"allow":["GET"]}}],"collection":[{"href":"https:\/\/kingarms.ee\/lv\/wp-json\/wp\/v2\/product"}],"about":[{"href":"https:\/\/kingarms.ee\/lv\/wp-json\/wp\/v2\/types\/product"}],"wp:featuredmedia":[{"embeddable":true,"href":"https:\/\/kingarms.ee\/lv\/wp-json\/wp\/v2\/media\/134514"}],"wp:attachment":[{"href":"https:\/\/kingarms.ee\/lv\/wp-json\/wp\/v2\/media?parent=149785"}],"wp:term":[{"taxonomy":"product_brand","embeddable":true,"href":"https:\/\/kingarms.ee\/lv\/wp-json\/wp\/v2\/product_brand?post=149785"},{"taxonomy":"product_cat","embeddable":true,"href":"https:\/\/kingarms.ee\/lv\/wp-json\/wp\/v2\/product_cat?post=149785"},{"taxonomy":"product_tag","embeddable":true,"href":"https:\/\/kingarms.ee\/lv\/wp-json\/wp\/v2\/product_tag?post=149785"}],"curies":[{"name":"wp","href":"https:\/\/api.w.org\/{rel}","templated":true}]}}