{"id":149789,"date":"2024-02-04T17:13:28","date_gmt":"2025-05-25T12:06:23","guid":{"rendered":"https:\/\/kingarms.ee\/product\/uguns-trauks-dzelzs-diametrs-apm-44-cm\/"},"modified":"2025-05-25T15:06:23","modified_gmt":"2025-05-25T12:06:23","slug":"uguns-trauks-dzelzs-diametrs-apm-44-cm","status":"publish","type":"product","link":"https:\/\/kingarms.ee\/lv\/product\/uguns-trauks-dzelzs-diametrs-apm-44-cm\/","title":{"rendered":"Uguns trauks, dzelzs, diametrs apm. 44 cm"},"content":{"rendered":"<p><img loading=\"lazy\" decoding=\"async\" class=\"alignnone size-full wp-image-95185\" src=\"https:\/\/kingarms.ee\/wp-content\/uploads\/2024\/02\/33655A.jpeg\" alt=\"\" width=\"1200\" height=\"1200\" srcset=\"https:\/\/kingarms.ee\/wp-content\/uploads\/2024\/02\/33655A.jpeg 1200w, https:\/\/kingarms.ee\/wp-content\/uploads\/2024\/02\/33655A-300x300.jpeg 300w, https:\/\/kingarms.ee\/wp-content\/uploads\/2024\/02\/33655A-1024x1024.jpeg 1024w, https:\/\/kingarms.ee\/wp-content\/uploads\/2024\/02\/33655A-150x150.jpeg 150w, https:\/\/kingarms.ee\/wp-content\/uploads\/2024\/02\/33655A-768x768.jpeg 768w, https:\/\/kingarms.ee\/wp-content\/uploads\/2024\/02\/33655A-500x500.jpeg 500w\" sizes=\"auto, (max-width: 1200px) 100vw, 1200px\" \/><\/p>\n","protected":false},"excerpt":{"rendered":"<p>izmanto k\u0101 kam\u012bnu vai pl\u012bti<br \/>\n3 no\u0146emamas p\u0113das zemes garumam<br \/>\napm. 27 cm<br \/>\n2 rokturi<br \/>\nIzm\u0113ri bez k\u0101j\u0101m:<br \/>\napm. 55,5 x 7 cm<br \/>\nIzm\u0113ri ar k\u0101j\u0101m:<br \/>\napm. 55.5 x 31 cm<br \/>\nSvars: apm. 4, 7 kg    <\/p>\n<p>Materi\u0101ls:<br \/>\nB\u013coda: 100% Dzelzs<br \/>\nP\u0113das: cinkots dzelzs<\/p>\n","protected":false},"featured_media":134438,"template":"","meta":{"_acf_changed":false},"product_brand":[],"product_cat":[1119],"product_tag":[],"class_list":{"0":"post-149789","1":"product","2":"type-product","3":"status-publish","4":"has-post-thumbnail","6":"product_cat-celojumu-preces","8":"first","9":"instock","10":"taxable","11":"shipping-taxable","12":"purchasable","13":"product-type-simple"},"acf":[],"_links":{"self":[{"href":"https:\/\/kingarms.ee\/lv\/wp-json\/wp\/v2\/product\/149789","targetHints":{"allow":["GET"]}}],"collection":[{"href":"https:\/\/kingarms.ee\/lv\/wp-json\/wp\/v2\/product"}],"about":[{"href":"https:\/\/kingarms.ee\/lv\/wp-json\/wp\/v2\/types\/product"}],"wp:featuredmedia":[{"embeddable":true,"href":"https:\/\/kingarms.ee\/lv\/wp-json\/wp\/v2\/media\/134438"}],"wp:attachment":[{"href":"https:\/\/kingarms.ee\/lv\/wp-json\/wp\/v2\/media?parent=149789"}],"wp:term":[{"taxonomy":"product_brand","embeddable":true,"href":"https:\/\/kingarms.ee\/lv\/wp-json\/wp\/v2\/product_brand?post=149789"},{"taxonomy":"product_cat","embeddable":true,"href":"https:\/\/kingarms.ee\/lv\/wp-json\/wp\/v2\/product_cat?post=149789"},{"taxonomy":"product_tag","embeddable":true,"href":"https:\/\/kingarms.ee\/lv\/wp-json\/wp\/v2\/product_tag?post=149789"}],"curies":[{"name":"wp","href":"https:\/\/api.w.org\/{rel}","templated":true}]}}