{"id":149792,"date":"2024-02-04T16:57:58","date_gmt":"2025-05-25T12:07:40","guid":{"rendered":"https:\/\/kingarms.ee\/product\/ax-deluxe-videja-stikla-skiedras-rokturis-od-zals\/"},"modified":"2025-05-25T15:07:40","modified_gmt":"2025-05-25T12:07:40","slug":"ax-deluxe-videja-stikla-skiedras-rokturis-od-zals","status":"publish","type":"product","link":"https:\/\/kingarms.ee\/lv\/product\/ax-deluxe-videja-stikla-skiedras-rokturis-od-zals\/","title":{"rendered":"Ax Deluxe vid\u0113ja stikla \u0161\u0137iedras rokturis OD za\u013c\u0161"},"content":{"rendered":"<p><img loading=\"lazy\" decoding=\"async\" class=\"alignnone size-full wp-image-95155\" src=\"https:\/\/kingarms.ee\/wp-content\/uploads\/2024\/02\/27767.jpeg\" alt=\"\" width=\"1200\" height=\"1200\" srcset=\"https:\/\/kingarms.ee\/wp-content\/uploads\/2024\/02\/27767.jpeg 1200w, https:\/\/kingarms.ee\/wp-content\/uploads\/2024\/02\/27767-300x300.jpeg 300w, https:\/\/kingarms.ee\/wp-content\/uploads\/2024\/02\/27767-1024x1024.jpeg 1024w, https:\/\/kingarms.ee\/wp-content\/uploads\/2024\/02\/27767-150x150.jpeg 150w, https:\/\/kingarms.ee\/wp-content\/uploads\/2024\/02\/27767-768x768.jpeg 768w, https:\/\/kingarms.ee\/wp-content\/uploads\/2024\/02\/27767-500x500.jpeg 500w\" sizes=\"auto, (max-width: 1200px) 100vw, 1200px\" \/><\/p>\n","protected":false},"excerpt":{"rendered":"<p>Ax Deluxe vid\u0113ja stikla \u0161\u0137iedras rokturis OD za\u013c\u0161<\/p>\n<p>galva izgatavota no r\u016bd\u012bta t\u0113rauda<br \/>\nPretsl\u012bdes gumijas rokturis<br \/>\ntransporta N\u016bja ar \u0101\u0137a cilpas stiprin\u0101jumu<br \/>\nun jostas cilpa<br \/>\nGraudi: apm. 8 cm<br \/>\nCirvja galva: apm. 12.5 cm<br \/>\nGarums: apm. 38 cm<br \/>\nSvars: apm. 0, 9 kg    <\/p>\n","protected":false},"featured_media":134432,"template":"","meta":{"_acf_changed":false},"product_brand":[],"product_cat":[1119],"product_tag":[],"class_list":{"0":"post-149792","1":"product","2":"type-product","3":"status-publish","4":"has-post-thumbnail","6":"product_cat-celojumu-preces","8":"first","9":"instock","10":"taxable","11":"shipping-taxable","12":"purchasable","13":"product-type-simple"},"acf":[],"_links":{"self":[{"href":"https:\/\/kingarms.ee\/lv\/wp-json\/wp\/v2\/product\/149792","targetHints":{"allow":["GET"]}}],"collection":[{"href":"https:\/\/kingarms.ee\/lv\/wp-json\/wp\/v2\/product"}],"about":[{"href":"https:\/\/kingarms.ee\/lv\/wp-json\/wp\/v2\/types\/product"}],"wp:featuredmedia":[{"embeddable":true,"href":"https:\/\/kingarms.ee\/lv\/wp-json\/wp\/v2\/media\/134432"}],"wp:attachment":[{"href":"https:\/\/kingarms.ee\/lv\/wp-json\/wp\/v2\/media?parent=149792"}],"wp:term":[{"taxonomy":"product_brand","embeddable":true,"href":"https:\/\/kingarms.ee\/lv\/wp-json\/wp\/v2\/product_brand?post=149792"},{"taxonomy":"product_cat","embeddable":true,"href":"https:\/\/kingarms.ee\/lv\/wp-json\/wp\/v2\/product_cat?post=149792"},{"taxonomy":"product_tag","embeddable":true,"href":"https:\/\/kingarms.ee\/lv\/wp-json\/wp\/v2\/product_tag?post=149792"}],"curies":[{"name":"wp","href":"https:\/\/api.w.org\/{rel}","templated":true}]}}