{"id":149822,"date":"2022-09-20T15:54:05","date_gmt":"2025-05-25T12:27:47","guid":{"rendered":"https:\/\/kingarms.ee\/product\/termiska-kamera-hikvision-lynx-c06\/"},"modified":"2025-05-25T15:27:47","modified_gmt":"2025-05-25T12:27:47","slug":"termiska-kamera-hikvision-lynx-c06","status":"publish","type":"product","link":"https:\/\/kingarms.ee\/lv\/product\/termiska-kamera-hikvision-lynx-c06\/","title":{"rendered":"Termisk\u0101 kamera Hikvision Lynx C06"},"content":{"rendered":"<p><img loading=\"lazy\" decoding=\"async\" class=\"alignnone size-medium wp-image-61713\" src=\"https:\/\/kingarms.ee\/wp-content\/uploads\/2022\/09\/kamera-termowizyjna-termowizor-hikmicro-by-hikvision-lynx-c06-699b02dd777e4f69b34fe3b4cfd9b241-91abfef5-300x300.jpeg\" alt=\"\" width=\"300\" height=\"300\" srcset=\"https:\/\/kingarms.ee\/wp-content\/uploads\/2022\/09\/kamera-termowizyjna-termowizor-hikmicro-by-hikvision-lynx-c06-699b02dd777e4f69b34fe3b4cfd9b241-91abfef5-300x300.jpeg 300w, https:\/\/kingarms.ee\/wp-content\/uploads\/2022\/09\/kamera-termowizyjna-termowizor-hikmicro-by-hikvision-lynx-c06-699b02dd777e4f69b34fe3b4cfd9b241-91abfef5-150x150.jpeg 150w, https:\/\/kingarms.ee\/wp-content\/uploads\/2022\/09\/kamera-termowizyjna-termowizor-hikmicro-by-hikvision-lynx-c06-699b02dd777e4f69b34fe3b4cfd9b241-91abfef5-768x768.jpeg 768w, https:\/\/kingarms.ee\/wp-content\/uploads\/2022\/09\/kamera-termowizyjna-termowizor-hikmicro-by-hikvision-lynx-c06-699b02dd777e4f69b34fe3b4cfd9b241-91abfef5-500x500.jpeg 500w, https:\/\/kingarms.ee\/wp-content\/uploads\/2022\/09\/kamera-termowizyjna-termowizor-hikmicro-by-hikvision-lynx-c06-699b02dd777e4f69b34fe3b4cfd9b241-91abfef5.jpeg 900w\" sizes=\"auto, (max-width: 300px) 100vw, 300px\" \/><\/p>\n","protected":false},"excerpt":{"rendered":"<p>Termisk\u0101 kamera Hikvision Lynx C06<\/p>\n<p>Maza siltuma kamera monocle HIKMICRO Lynx LC06 no pasaules liel\u0101k\u0101 videonov\u0113ro\u0161anas un dro\u0161\u012bbas kameru ra\u017eot\u0101ja HikVision.<\/p>\n<p>&#8211; Sensitive 160-120, 17-m sensors nodro\u0161ina labu att\u0113lu.<br \/>\n&#8211; Termokamera diapazons l\u012bdz 219 metriem.<br \/>\n-Izmantojot lietotni T-Vision, viedo ier\u012bci var izmantot k\u0101 \u0101r\u0113ju displeju.<\/p>\n<p>Sensors: Vox atdzes\u0113ti fokusa plane\u013ca bloki<br \/>\nIz\u0161\u0137irtsp\u0113ja: 160 \u00d7 120<br \/>\nHz: 50Hz<br \/>\nPikse\u013ca izm\u0113rs: 17\u00b5m<br \/>\nVi\u013c\u0146a garums: 8\u00b5m &#8211; 14 \u00b5m<br \/>\nNETD: zem 35 mk (@ 25 \u00b0 C, F # = 1,1)<br \/>\nFokusa garums: 6,2 mm<br \/>\nIfov: 2,74 mrad le\u0146\u0137is<br \/>\nSkata lauks: 24,7 \u00b0 \u00d7 18,7 \u00b0 (H \u00d7 V)<br \/>\nApert\u016bra: F1.1<br \/>\nPalielin\u0101jums: no 0,6 l\u012bdz 2,4<br \/>\nIekrau\u0161anas spriegums: 5 VDC \/ 2 A, 1,5 W, C tipa USB<br \/>\nDarba temperat\u016bra: -20 \u00b0 C l\u012bdz 55 \u00b0 C<br \/>\nAizsardz\u012bbas klase: IP67<br \/>\nIzm\u0113ri: 158,3 \u00d7 61 \u00d7 57 mm<br \/>\nSvars: 250 g<\/p>\n<p>Laetav li-ioonaku<br \/>\nT\u00f6\u00f6aeg: 10 tundi (@ 25 \u00b0 C) 7.5h koos Wi-FI hotspotiga.<br \/>\nSD card: integreeritud (8 GB)<br \/>\nSalvestamine: pildid ja videod<br \/>\nWi-Fi: jah<br \/>\nOotere\u017eiim: jah<br \/>\nEkraan: 0,2\u2033 LCOS, 720 \u00d7 540 v\u00e4rviline<br \/>\nSeaded: white hot, black hot, red hot, fusion<br \/>\nP\u00e4\u00e4stik: auto, manual, v\u00e4line<br \/>\nDigitaalne suurendus: 1 \u00d7, 2 \u00d7, 4 \u00d7<br \/>\nHot Track: jah<\/p>\n","protected":false},"featured_media":123368,"template":"","meta":{"_acf_changed":false},"product_brand":[],"product_cat":[1181],"product_tag":[],"class_list":{"0":"post-149822","1":"product","2":"type-product","3":"status-publish","4":"has-post-thumbnail","6":"product_cat-termiskas-kameras","8":"first","9":"onbackorder","10":"taxable","11":"shipping-taxable","12":"product-type-simple"},"acf":[],"_links":{"self":[{"href":"https:\/\/kingarms.ee\/lv\/wp-json\/wp\/v2\/product\/149822","targetHints":{"allow":["GET"]}}],"collection":[{"href":"https:\/\/kingarms.ee\/lv\/wp-json\/wp\/v2\/product"}],"about":[{"href":"https:\/\/kingarms.ee\/lv\/wp-json\/wp\/v2\/types\/product"}],"wp:featuredmedia":[{"embeddable":true,"href":"https:\/\/kingarms.ee\/lv\/wp-json\/wp\/v2\/media\/123368"}],"wp:attachment":[{"href":"https:\/\/kingarms.ee\/lv\/wp-json\/wp\/v2\/media?parent=149822"}],"wp:term":[{"taxonomy":"product_brand","embeddable":true,"href":"https:\/\/kingarms.ee\/lv\/wp-json\/wp\/v2\/product_brand?post=149822"},{"taxonomy":"product_cat","embeddable":true,"href":"https:\/\/kingarms.ee\/lv\/wp-json\/wp\/v2\/product_cat?post=149822"},{"taxonomy":"product_tag","embeddable":true,"href":"https:\/\/kingarms.ee\/lv\/wp-json\/wp\/v2\/product_tag?post=149822"}],"curies":[{"name":"wp","href":"https:\/\/api.w.org\/{rel}","templated":true}]}}