{"id":149829,"date":"2022-09-19T15:09:15","date_gmt":"2025-05-25T12:30:14","guid":{"rendered":"https:\/\/kingarms.ee\/product\/hs506-red-special-holosun\/"},"modified":"2025-05-25T15:30:14","modified_gmt":"2025-05-25T12:30:14","slug":"hs506-red-special-holosun","status":"publish","type":"product","link":"https:\/\/kingarms.ee\/lv\/product\/hs506-red-special-holosun\/","title":{"rendered":"HS506 Red Special (holosun)"},"content":{"rendered":"<p>HS506 Red Special (holosun)<\/p>\n<p><img loading=\"lazy\" decoding=\"async\" class=\"alignnone size-medium wp-image-61601\" src=\"https:\/\/kingarms.ee\/wp-content\/uploads\/2022\/09\/holosun_hs506_circle_red_dot_sight_close-300x300.jpeg\" alt=\"\" width=\"300\" height=\"300\" srcset=\"https:\/\/kingarms.ee\/wp-content\/uploads\/2022\/09\/holosun_hs506_circle_red_dot_sight_close-300x300.jpeg 300w, https:\/\/kingarms.ee\/wp-content\/uploads\/2022\/09\/holosun_hs506_circle_red_dot_sight_close-150x150.jpeg 150w, https:\/\/kingarms.ee\/wp-content\/uploads\/2022\/09\/holosun_hs506_circle_red_dot_sight_close-768x768.jpeg 768w, https:\/\/kingarms.ee\/wp-content\/uploads\/2022\/09\/holosun_hs506_circle_red_dot_sight_close-500x500.jpeg 500w, https:\/\/kingarms.ee\/wp-content\/uploads\/2022\/09\/holosun_hs506_circle_red_dot_sight_close.jpeg 800w\" sizes=\"auto, (max-width: 300px) 100vw, 300px\" \/><\/p>\n","protected":false},"excerpt":{"rendered":"<p>HS506 ir 30 mm optiskais skats, kas paredz\u0113ts \u0161auten\u0113m un karab\u012bn\u0113m. Funkcijas ietver Shake Awake, 12 spilgtuma iestat\u012bjumus, Holosun Super LED ar l\u012bdz pat 50 000 stundu akumulatora darb\u012bbas laiku, Multi-reticle sist\u0113mu, konsoles stiprin\u0101jumu un flip-up objekt\u012bva v\u0101ci\u0146us. <\/p>\n<p>\u0160\u012bs iez\u012bmes<br \/>\nMRS (Multi-Reticle sist\u0113ma) 65moa ap\u013ca punkts vai 2MOA punkts<br \/>\nShake Awake tehnolo\u0123ija ar jaun\u0101ko iestat\u012b\u0161anas atsauk\u0161anu<br \/>\nBez paralakses, ar neierobe\u017eotu acu atvieglojumu.<br \/>\nPiel\u0101gojams ar Picatinny un Aud\u0113ju slied\u0113m.<br \/>\nCNC meh\u0101niski apstr\u0101d\u0101ts T6061-T6 ar alum\u012bnija korpusu<br \/>\nIek\u013cauts 1.54 &#8221; stiprin\u0101jums<\/p>\n","protected":false},"featured_media":123316,"template":"","meta":{"_acf_changed":false},"product_brand":[],"product_cat":[1031],"product_tag":[],"class_list":{"0":"post-149829","1":"product","2":"type-product","3":"status-publish","4":"has-post-thumbnail","6":"product_cat-sarkana-vieta","8":"first","9":"onbackorder","10":"taxable","11":"shipping-taxable","12":"product-type-simple"},"acf":[],"_links":{"self":[{"href":"https:\/\/kingarms.ee\/lv\/wp-json\/wp\/v2\/product\/149829","targetHints":{"allow":["GET"]}}],"collection":[{"href":"https:\/\/kingarms.ee\/lv\/wp-json\/wp\/v2\/product"}],"about":[{"href":"https:\/\/kingarms.ee\/lv\/wp-json\/wp\/v2\/types\/product"}],"wp:featuredmedia":[{"embeddable":true,"href":"https:\/\/kingarms.ee\/lv\/wp-json\/wp\/v2\/media\/123316"}],"wp:attachment":[{"href":"https:\/\/kingarms.ee\/lv\/wp-json\/wp\/v2\/media?parent=149829"}],"wp:term":[{"taxonomy":"product_brand","embeddable":true,"href":"https:\/\/kingarms.ee\/lv\/wp-json\/wp\/v2\/product_brand?post=149829"},{"taxonomy":"product_cat","embeddable":true,"href":"https:\/\/kingarms.ee\/lv\/wp-json\/wp\/v2\/product_cat?post=149829"},{"taxonomy":"product_tag","embeddable":true,"href":"https:\/\/kingarms.ee\/lv\/wp-json\/wp\/v2\/product_tag?post=149829"}],"curies":[{"name":"wp","href":"https:\/\/api.w.org\/{rel}","templated":true}]}}