{"id":149848,"date":"2024-01-17T14:50:21","date_gmt":"2025-05-25T12:36:00","guid":{"rendered":"https:\/\/kingarms.ee\/product\/gazes-gruntetas-4\/"},"modified":"2025-08-03T13:04:45","modified_gmt":"2025-08-03T10:04:45","slug":"gazes-gruntetas-4","status":"publish","type":"product","link":"https:\/\/kingarms.ee\/lv\/product\/gazes-gruntetas-4\/","title":{"rendered":"G\u0101zes grunt\u0113tas"},"content":{"rendered":"","protected":false},"excerpt":{"rendered":"<p>G\u0101zes grunt\u0113tas<\/p>\n<p>ner\u016bs\u0113jo\u0161\u0101 t\u0113rauda pl\u012bts ar saliekamo podu atbalstu<br \/>\nalum\u012bnija v\u0101rsts<br \/>\nelektrisk\u0101 aizdedze<br \/>\nsalok\u0101ms kontrolieris<br \/>\npiem\u0113rots k\u0101rtrid\u017eiem ar skr\u016bv\u0113jamu v\u0101rstu<br \/>\nstabila plastmasas kaste<br \/>\nJauda: 1800 W<br \/>\nSamont\u0113ti izm\u0113ri: apm. 7 x 6.5 cm<br \/>\nIepakojuma izm\u0113rs: apm. 6.3 x 6.3 x 9.5 cm<br \/>\nSvars: apm. 125 g<\/p>\n","protected":false},"featured_media":134532,"template":"","meta":{"_acf_changed":false},"product_brand":[],"product_cat":[1119],"product_tag":[],"class_list":{"0":"post-149848","1":"product","2":"type-product","3":"status-publish","4":"has-post-thumbnail","6":"product_cat-celojumu-preces","8":"first","9":"instock","10":"taxable","11":"shipping-taxable","12":"purchasable","13":"product-type-simple"},"acf":[],"_links":{"self":[{"href":"https:\/\/kingarms.ee\/lv\/wp-json\/wp\/v2\/product\/149848","targetHints":{"allow":["GET"]}}],"collection":[{"href":"https:\/\/kingarms.ee\/lv\/wp-json\/wp\/v2\/product"}],"about":[{"href":"https:\/\/kingarms.ee\/lv\/wp-json\/wp\/v2\/types\/product"}],"wp:featuredmedia":[{"embeddable":true,"href":"https:\/\/kingarms.ee\/lv\/wp-json\/wp\/v2\/media\/134532"}],"wp:attachment":[{"href":"https:\/\/kingarms.ee\/lv\/wp-json\/wp\/v2\/media?parent=149848"}],"wp:term":[{"taxonomy":"product_brand","embeddable":true,"href":"https:\/\/kingarms.ee\/lv\/wp-json\/wp\/v2\/product_brand?post=149848"},{"taxonomy":"product_cat","embeddable":true,"href":"https:\/\/kingarms.ee\/lv\/wp-json\/wp\/v2\/product_cat?post=149848"},{"taxonomy":"product_tag","embeddable":true,"href":"https:\/\/kingarms.ee\/lv\/wp-json\/wp\/v2\/product_tag?post=149848"}],"curies":[{"name":"wp","href":"https:\/\/api.w.org\/{rel}","templated":true}]}}