{"id":149849,"date":"2024-01-17T14:44:37","date_gmt":"2025-05-25T12:36:32","guid":{"rendered":"https:\/\/kingarms.ee\/product\/tejkanna-ar-piespraudi\/"},"modified":"2025-08-03T13:05:44","modified_gmt":"2025-08-03T10:05:44","slug":"tejkanna-ar-piespraudi","status":"publish","type":"product","link":"https:\/\/kingarms.ee\/lv\/product\/tejkanna-ar-piespraudi\/","title":{"rendered":"T\u0113jkanna ar piespraudi"},"content":{"rendered":"","protected":false},"excerpt":{"rendered":"<p>T\u0113jkanna ar piespraudi<\/p>\n<p>salok\u0101ms, no\u0146emams rokturis<br \/>\nTvaika atv\u0113r\u0161anas v\u0101ks<br \/>\npildviela ca. 7 cm<br \/>\npraktiska izteka<br \/>\nIzm\u0113ri: apm. 15 x 9 cm (Di X K)<br \/>\nSvars: apm. 150 g<\/p>\n<p>Materi\u0101ls:<br \/>\n100% Alum\u012bnijs<\/p>\n","protected":false},"featured_media":133900,"template":"","meta":{"_acf_changed":false},"product_brand":[],"product_cat":[1119],"product_tag":[],"class_list":{"0":"post-149849","1":"product","2":"type-product","3":"status-publish","4":"has-post-thumbnail","6":"product_cat-celojumu-preces","8":"first","9":"instock","10":"taxable","11":"shipping-taxable","12":"purchasable","13":"product-type-simple"},"acf":[],"_links":{"self":[{"href":"https:\/\/kingarms.ee\/lv\/wp-json\/wp\/v2\/product\/149849","targetHints":{"allow":["GET"]}}],"collection":[{"href":"https:\/\/kingarms.ee\/lv\/wp-json\/wp\/v2\/product"}],"about":[{"href":"https:\/\/kingarms.ee\/lv\/wp-json\/wp\/v2\/types\/product"}],"wp:featuredmedia":[{"embeddable":true,"href":"https:\/\/kingarms.ee\/lv\/wp-json\/wp\/v2\/media\/133900"}],"wp:attachment":[{"href":"https:\/\/kingarms.ee\/lv\/wp-json\/wp\/v2\/media?parent=149849"}],"wp:term":[{"taxonomy":"product_brand","embeddable":true,"href":"https:\/\/kingarms.ee\/lv\/wp-json\/wp\/v2\/product_brand?post=149849"},{"taxonomy":"product_cat","embeddable":true,"href":"https:\/\/kingarms.ee\/lv\/wp-json\/wp\/v2\/product_cat?post=149849"},{"taxonomy":"product_tag","embeddable":true,"href":"https:\/\/kingarms.ee\/lv\/wp-json\/wp\/v2\/product_tag?post=149849"}],"curies":[{"name":"wp","href":"https:\/\/api.w.org\/{rel}","templated":true}]}}